{"id":29,"date":"2012-02-05T20:37:43","date_gmt":"2012-02-05T20:37:43","guid":{"rendered":"http:\/\/salesianosatocha.es\/primaria\/?page_id=29"},"modified":"2022-02-21T07:21:22","modified_gmt":"2022-02-21T07:21:22","slug":"politica-de-privacidad","status":"publish","type":"page","link":"https:\/\/salesianosatocha.es\/primaria\/politica-de-privacidad\/","title":{"rendered":"Pol\u00edtica de Privacidad"},"content":{"rendered":"<p>[et_pb_section admin_label=\u00bbsection\u00bb]<br \/>\n\t\t\t[et_pb_row admin_label=\u00bbrow\u00bb]<br \/>\n\t\t\t\t[et_pb_column type=\u00bb4_4&#8243;][et_pb_text admin_label=\u00bbText\u00bb]&nbsp;<\/p>\n<p>A efecto de lo previsto en la Ley Org\u00e1nica 15\/1999, de 13 e diciembre, de Protecci\u00f3n de Datos de Car\u00e1cter Personal COLEGIO SALESIANOS ATOCHA con CIF R2800681E informa al usuario de la existencia de ficheros automatizados de car\u00e1cter personal denominados USUARIOS WEB, inscritos en el R.G.P.D. (registro general de Protecci\u00f3n de Datos), cuyas finalidades principales son gestionar y atender cada una de las solicitudes de informaci\u00f3n, dudas o comentarios sobre el colegio y\/o actividades.<\/p>\n<p>&nbsp;<\/p>\n<h2>ENV\u00cdO Y REGISTRO DE DATOS DE CAR\u00c1CTER PERSONAL<\/h2>\n<p>El env\u00edo de datos de caracter personal es obligatorio para contactar y recibir informaci\u00f3n sobre los productos y\/o servicios prestados por COLEGIO SALESIANOS ATOCHA. Asimismo, el no facilitar los datos personales solicitados o el no aceptar la presente pol\u00edtica de protecci\u00f3n de datos supone la imposibilidad de suscribirse, registrase o recibir la informaci\u00f3n solicitada.<\/p>\n<p>&nbsp;<\/p>\n<p>De acuerdo con lo establecido en la Ley Org\u00e1nica 15\/1999, de 13 de diciembre, de Protecci\u00f3n de Datos de car\u00e1cter personal (LOPD) le informamos, que los datos personales que se obtengan como consecuencia de su env\u00edo de datos personales, ser\u00e1n incorporados a un fichero titularidad de la mercantil: COLEGIO SALESIANOS ATOCHA con domicilio Ronda de Atocha 27-28012 Madrid, teniendo implementadas todas las medidas de seguridad establecidas en el Real Decreto 1720\/2007, de 21 de Diciembre.<\/p>\n<p>&nbsp;<\/p>\n<p>&nbsp;<\/p>\n<h2>EXACTITUD Y VERACIDAD DE LOS DATOS FACILITADOS<\/h2>\n<p>El usuario que env\u00eda la informaci\u00f3n a COLEGIO SALESIANOS ATOCHA es el \u00fanico responsables de la veracidad y correcci\u00f3n de los datos incluidos, exoner\u00e1ndose COLEGIO SALESIANOS ATOCHA de cualquier responsabilidad al respecto.<\/p>\n<p>&nbsp;<\/p>\n<p>Los usuarios garantizan y responden, en cualquier caso, de la exactitud, vigencia y autenticidad de los datos personales facilitados, y se comprometen a mantenerlos debidamente actualizados. El usuario acepta proporcionar informaci\u00f3n completa y correcta en el formulario de registro o suscripci\u00f3n.<\/p>\n<p>&nbsp;<\/p>\n<p>COLEGIO SALESIANOS ATOCHA , no responde de la veracidad de las informaciones, que no sean de elaboraci\u00f3n propia y de las que se indique otra fuente, por lo que tampoco, asume responsabilidad alguna en cuanto a hipot\u00e9ticos perjuicios que pudieran originarse por el uso de dicha informaci\u00f3n.<\/p>\n<p>&nbsp;<\/p>\n<p>Se exonera a COLEGIO SALESIANOS ATOCHA \u00a0de responsabilidad ante cualquier da\u00f1o o perjuicio que pudiera sufrir el usuario \u00a0como consecuencia de errores, defectos u omisiones, de cualquier informaci\u00f3n facilitada por COLEGIO SALESIANOS ATOCHA<\/p>\n<p>&nbsp;<\/p>\n<h2>CESI\u00d3N DE DATOS A TERCEROS<\/h2>\n<p>&nbsp;<\/p>\n<p>COLEGIO SALESIANOS ATOCHA no ceder\u00e1 los datos personales a terceros. No obstante, en el caso de ser cedidos a alg\u00fan tercero se producir\u00eda una informaci\u00f3n previa solicitando el consentimiento expreso del afectado.<\/p>\n<p>&nbsp;<\/p>\n<h2>EJERCICIO DE DERCHOS DE ACCESO, RECTIFICACI\u00d3N, CANCELACI\u00d3N Y OPOSICI\u00d3N<\/h2>\n<p>Podr\u00e1 ejercer sus derechos de acceso, rectificaci\u00f3n, cancelaci\u00f3n y oposici\u00f3n, y en cumplimiento de la Instrucci\u00f3n 1\/1998, de 19 de enero, de la AEPD, Agencia Espa\u00f1ola de Protecci\u00f3n de Datos, a trav\u00e9s de correo postal al Colegio Escuela-Empresas, calle Ronda de Atocha 27, 28012 Madrid, o a trav\u00e9s del correo electr\u00f3nico <a href=\"mailto:webmaster@salesianosatocha.es\/empresa\">webmaster@salesianosatocha.es\/empresa<\/a> , junto con una prueba valida en derecho, como fotocopia del D.N.I. e indicando en el asunto \u201cPROTECCI\u00d3N de DATOS\u201d.<\/p>\n<p>&nbsp;<\/p>\n<h2>ACEPTACI\u00d3N Y CONSENTIMIENTO<\/h2>\n<p>El usuario declara haber sido informado de las condiciones de protecci\u00f3n de datos de car\u00e1cter personal, aceptando y consintiendo el tratamiento automatizado de los mismos por parte de COLEGIO SALESIANOS ATOCHA., en la forma y para las finalidades indicadas en la presente Pol\u00edtica de Protecci\u00f3n de Datos Personales.<\/p>\n<p>&nbsp;<\/p>\n<h2>CAMBIOS EN LA PRESENTE POL\u00cdTICA DE PRIVACIDAD.<\/h2>\n<p>COLEGIO SALESIANOS ATOCHA se reserva el derecho a modificar la presente pol\u00edtica para adaptarla a novedades legislativas o jurisprudenciales as\u00ed como a pr\u00e1cticas de la industria. En dichos supuestos, COLEGIO SALESIANOS ATOCHA anunciar\u00e1 en esta p\u00e1gina los cambios introducidos con razonable antelaci\u00f3n para su puesta en pr\u00e1ctica.[\/et_pb_text][\/et_pb_column]<br \/>\n\t\t\t[\/et_pb_row]<br \/>\n\t\t[\/et_pb_section]<\/p>\n","protected":false},"excerpt":{"rendered":"<p>&nbsp; A efecto de lo previsto en la Ley Org\u00e1nica 15\/1999, de 13 e diciembre, de Protecci\u00f3n de Datos de Car\u00e1cter Personal COLEGIO SALESIANOS ATOCHA con CIF R2800681E informa al usuario de la existencia de ficheros automatizados de car\u00e1cter personal denominados USUARIOS WEB, inscritos en el R.G.P.D. (registro general de Protecci\u00f3n de Datos), cuyas finalidades [&hellip;]<\/p>\n","protected":false},"author":19,"featured_media":0,"parent":0,"menu_order":0,"comment_status":"open","ping_status":"open","template":"","meta":{"_et_pb_use_builder":"on","_et_pb_old_content":"&nbsp;\r\n\r\nA efecto de lo previsto en la Ley Org\u00e1nica 15\/1999, de 13 e diciembre, de Protecci\u00f3n de Datos de Car\u00e1cter Personal COLEGIO SALESIANOS ATOCHA con CIF R2800681E informa al usuario de la existencia de ficheros automatizados de car\u00e1cter personal denominados USUARIOS WEB, inscritos en el R.G.P.D. (registro general de Protecci\u00f3n de Datos), cuyas finalidades principales son gestionar y atender cada una de las solicitudes de informaci\u00f3n, dudas o comentarios sobre el colegio y\/o actividades.\r\n\r\n&nbsp;\r\n<h2>ENV\u00cdO Y REGISTRO DE DATOS DE CAR\u00c1CTER PERSONAL<\/h2>\r\nEl env\u00edo de datos de caracter personal es obligatorio para contactar y recibir informaci\u00f3n sobre los productos y\/o servicios prestados por COLEGIO SALESIANOS ATOCHA. Asimismo, el no facilitar los datos personales solicitados o el no aceptar la presente pol\u00edtica de protecci\u00f3n de datos supone la imposibilidad de suscribirse, registrase o recibir la informaci\u00f3n solicitada.\r\n\r\n&nbsp;\r\n\r\nDe acuerdo con lo establecido en la Ley Org\u00e1nica 15\/1999, de 13 de diciembre, de Protecci\u00f3n de Datos de car\u00e1cter personal (LOPD) le informamos, que los datos personales que se obtengan como consecuencia de su env\u00edo de datos personales, ser\u00e1n incorporados a un fichero titularidad de la mercantil: COLEGIO SALESIANOS ATOCHA con domicilio Ronda de Atocha 27-28012 Madrid, teniendo implementadas todas las medidas de seguridad establecidas en el Real Decreto 1720\/2007, de 21 de Diciembre.\r\n\r\n&nbsp;\r\n\r\n&nbsp;\r\n<h2>EXACTITUD Y VERACIDAD DE LOS DATOS FACILITADOS<\/h2>\r\nEl usuario que env\u00eda la informaci\u00f3n a COLEGIO SALESIANOS ATOCHA es el \u00fanico responsables de la veracidad y correcci\u00f3n de los datos incluidos, exoner\u00e1ndose COLEGIO SALESIANOS ATOCHA de cualquier responsabilidad al respecto.\r\n\r\n&nbsp;\r\n\r\nLos usuarios garantizan y responden, en cualquier caso, de la exactitud, vigencia y autenticidad de los datos personales facilitados, y se comprometen a mantenerlos debidamente actualizados. El usuario acepta proporcionar informaci\u00f3n completa y correcta en el formulario de registro o suscripci\u00f3n.\r\n\r\n&nbsp;\r\n\r\nCOLEGIO SALESIANOS ATOCHA , no responde de la veracidad de las informaciones, que no sean de elaboraci\u00f3n propia y de las que se indique otra fuente, por lo que tampoco, asume responsabilidad alguna en cuanto a hipot\u00e9ticos perjuicios que pudieran originarse por el uso de dicha informaci\u00f3n.\r\n\r\n&nbsp;\r\n\r\nSe exonera a COLEGIO SALESIANOS ATOCHA \u00a0de responsabilidad ante cualquier da\u00f1o o perjuicio que pudiera sufrir el usuario \u00a0como consecuencia de errores, defectos u omisiones, de cualquier informaci\u00f3n facilitada por COLEGIO SALESIANOS ATOCHA\r\n\r\n&nbsp;\r\n<h2>CESI\u00d3N DE DATOS A TERCEROS<\/h2>\r\n&nbsp;\r\n\r\nCOLEGIO SALESIANOS ATOCHA no ceder\u00e1 los datos personales a terceros. No obstante, en el caso de ser cedidos a alg\u00fan tercero se producir\u00eda una informaci\u00f3n previa solicitando el consentimiento expreso del afectado.\r\n\r\n&nbsp;\r\n<h2>EJERCICIO DE DERCHOS DE ACCESO, RECTIFICACI\u00d3N, CANCELACI\u00d3N Y OPOSICI\u00d3N<\/h2>\r\nPodr\u00e1 ejercer sus derechos de acceso, rectificaci\u00f3n, cancelaci\u00f3n y oposici\u00f3n, y en cumplimiento de la Instrucci\u00f3n 1\/1998, de 19 de enero, de la AEPD, Agencia Espa\u00f1ola de Protecci\u00f3n de Datos, a trav\u00e9s de correo postal al Colegio Escuela-Empresas, calle Ronda de Atocha 27, 28012 Madrid, o a trav\u00e9s del correo electr\u00f3nico <a href=\"mailto:webmaster@salesianosatocha.es\/empresa\">webmaster@salesianosatocha.es\/empresa<\/a> , junto con una prueba valida en derecho, como fotocopia del D.N.I. e indicando en el asunto \u201cPROTECCI\u00d3N de DATOS\u201d.\r\n\r\n&nbsp;\r\n<h2>ACEPTACI\u00d3N Y CONSENTIMIENTO<\/h2>\r\nEl usuario declara haber sido informado de las condiciones de protecci\u00f3n de datos de car\u00e1cter personal, aceptando y consintiendo el tratamiento automatizado de los mismos por parte de COLEGIO SALESIANOS ATOCHA., en la forma y para las finalidades indicadas en la presente Pol\u00edtica de Protecci\u00f3n de Datos Personales.\r\n\r\n&nbsp;\r\n<h2>CAMBIOS EN LA PRESENTE POL\u00cdTICA DE PRIVACIDAD.<\/h2>\r\nCOLEGIO SALESIANOS ATOCHA se reserva el derecho a modificar la presente pol\u00edtica para adaptarla a novedades legislativas o jurisprudenciales as\u00ed como a pr\u00e1cticas de la industria. En dichos supuestos, COLEGIO SALESIANOS ATOCHA anunciar\u00e1 en esta p\u00e1gina los cambios introducidos con razonable antelaci\u00f3n para su puesta en pr\u00e1ctica.","_et_gb_content_width":"","ngg_post_thumbnail":0,"footnotes":""},"_links":{"self":[{"href":"https:\/\/salesianosatocha.es\/primaria\/wp-json\/wp\/v2\/pages\/29"}],"collection":[{"href":"https:\/\/salesianosatocha.es\/primaria\/wp-json\/wp\/v2\/pages"}],"about":[{"href":"https:\/\/salesianosatocha.es\/primaria\/wp-json\/wp\/v2\/types\/page"}],"author":[{"embeddable":true,"href":"https:\/\/salesianosatocha.es\/primaria\/wp-json\/wp\/v2\/users\/19"}],"replies":[{"embeddable":true,"href":"https:\/\/salesianosatocha.es\/primaria\/wp-json\/wp\/v2\/comments?post=29"}],"version-history":[{"count":4,"href":"https:\/\/salesianosatocha.es\/primaria\/wp-json\/wp\/v2\/pages\/29\/revisions"}],"predecessor-version":[{"id":4601,"href":"https:\/\/salesianosatocha.es\/primaria\/wp-json\/wp\/v2\/pages\/29\/revisions\/4601"}],"wp:attachment":[{"href":"https:\/\/salesianosatocha.es\/primaria\/wp-json\/wp\/v2\/media?parent=29"}],"curies":[{"name":"wp","href":"https:\/\/api.w.org\/{rel}","templated":true}]}}