{"id":27,"date":"2012-02-05T20:36:44","date_gmt":"2012-02-05T20:36:44","guid":{"rendered":"http:\/\/salesianosatocha.es\/primaria\/?page_id=27"},"modified":"2023-02-22T10:23:56","modified_gmt":"2023-02-22T10:23:56","slug":"aviso-legal","status":"publish","type":"page","link":"https:\/\/salesianosatocha.es\/primaria\/aviso-legal\/","title":{"rendered":"Aviso legal"},"content":{"rendered":"\n[et_pb_section][et_pb_row][et_pb_column type=\u00bb4_4&#8243;][et_pb_text]&nbsp;\n\nEn cumplimiento del Art. 5, de la Ley Org\u00e1nica 15\/1999 de Protecci\u00f3n de Datos de car\u00e1cter personal (LOPD), COLEGIO SALESIANOS ATOCHA. informa de la pol\u00edtica de protecci\u00f3n de datos de car\u00e1cter personal, que regula el uso de las p\u00e1ginas web alojadas y accesibles desde el dominios de Internet y sus correspondientes subdominios: salesianosatocha.es\/empresa. propiedad de la empresa nacional, COLEGIO SALESIANOS ATOCHA., con CIF r2800681E, con n\u00famero de tel\u00e9fono de contacto: +34.915062100 y con direcci\u00f3n electr\u00f3nica de contacto: <a href=\"mailto:webmaster@salesianosatocha.es\/empresa\">webmaster@salesianosatocha.es\/empresa<\/a> , situado en la Ronda de Atocha, 27-28012, de Madrid.\n<h2>PROPIEDAD INTELECTUAL E INDUSTRIAL<\/h2>\nLos derechos de propiedad intelectual del contenido de las p\u00e1ginas web, su dise\u00f1o gr\u00e1fico y c\u00f3digos son propiedad exclusiva de COLEGIO SALESIANOS ATOCHA y por tanto, queda prohibida su reproducci\u00f3n, distribuci\u00f3n, comunicaci\u00f3n p\u00fablica, transformaci\u00f3n o cualquier otra actividad que se pueda realizar con los contenidos de sus p\u00e1ginas web y especialmente con las fotograf\u00edas de los menores, ni a\u00fan citando las fuentes, salvo consentimiento por escrito de COLEGIO SALESIANOS ATOCHA.\n\n&nbsp;\n<h2>LEGISLACI\u00d3N<\/h2>\nCon car\u00e1cter general las relaciones entre COLEGIO SALESIANOS ATOCHA &nbsp;con los usuarios de sus servicios telem\u00e1ticos, presentes en estos sitios &nbsp;web, se encuentran sometidas a la legislaci\u00f3n y jurisdicci\u00f3n espa\u00f1olas.\n\n&nbsp;\n<h2 style=\"text-align: left\">USO Y ACCESO DE USUARIOS<\/h2>\nCualquier internauta puede acceder a la informaci\u00f3n abierta de nuestra p\u00e1gina web sin necesidad de proporcionar ning\u00fan dato de car\u00e1cter personal.\n\nEl titular de la p\u00e1gina web, no se identifica con las opiniones vertidas en la misma por sus colaboradores o cualquier otro usuario.\n\nCONTENIDO DE LA WEB Y ENLACES\n\nCOLEGIO SALESIANOS ATOCHA &nbsp;se reserva el derecho a actualizar, modificar o eliminar la informaci\u00f3n contenida en sus p\u00e1ginas web pudiendo incluso limitar o no permitir el acceso a dicha informaci\u00f3n a ciertos usuarios.\n\nCOLEGIO SALESIANOS ATOCHA &nbsp;no asume responsabilidad alguna por la informaci\u00f3n contenida en p\u00e1ginas web de terceros a las que se pueda acceder por \u00ablinks\u00bb o enlaces desde cualquier p\u00e1gina web propiedad de COLEGIO SALESIANOS ATOCHA\n\nLa presencia de \u00ablinks\u00bb o enlaces en las p\u00e1ginas web de COLEGIO SALESIANOS ATOCHA &nbsp;tiene finalidad meramente informativa y en ning\u00fan caso supone sugerencia, invitaci\u00f3n o recomendaci\u00f3n sobre los mismos.[\/et_pb_text][\/et_pb_column][\/et_pb_row][\/et_pb_section]\n","protected":false},"excerpt":{"rendered":"<p><div class=\"et_pb_section et_pb_section_0 et_section_regular\" >\n\t\t\t\t\n\t\t\t\t\n\t\t\t\t\n\t\t\t\t\n\t\t\t\t\n\t\t\t\t\n\t\t\t\t\n\t\t\t\t\n\t\t\t\t\n\t\t\t<\/div><div class=\"et_pb_row et_pb_row_0 et_pb_row_empty\">\n\t\t\t\t\n\t\t\t\t\n\t\t\t\t\n\t\t\t\t\n\t\t\t\t\n\t\t\t<\/div><div class=\"et_pb_module et_pb_text et_pb_text_0  et_pb_text_align_left et_pb_bg_layout_light\">\n\t\t\t\t\n\t\t\t\t\n\t\t\t\t\n\t\t\t\t\n\t\t\t\t\n\t\t\t<\/div>&nbsp; En cumplimiento del Art. 5, de la Ley Org\u00e1nica 15\/1999 de Protecci\u00f3n de Datos de car\u00e1cter personal (LOPD), COLEGIO SALESIANOS ATOCHA. informa de la pol\u00edtica de protecci\u00f3n de datos de car\u00e1cter personal, que regula el uso de las p\u00e1ginas web alojadas y accesibles desde el dominios de Internet y sus correspondientes subdominios: salesianosatocha.es\/empresa. propiedad [&hellip;]<\/p>\n","protected":false},"author":19,"featured_media":0,"parent":0,"menu_order":0,"comment_status":"open","ping_status":"open","template":"","meta":{"_et_pb_use_builder":"on","_et_pb_old_content":"&nbsp;\n\nEn cumplimiento del Art. 5, de la Ley Org\u00e1nica 15\/1999 de Protecci\u00f3n de Datos de car\u00e1cter personal (LOPD), COLEGIO SALESIANOS ATOCHA. informa de la pol\u00edtica de protecci\u00f3n de datos de car\u00e1cter personal, que regula el uso de las p\u00e1ginas web alojadas y accesibles desde el dominios de Internet y sus correspondientes subdominios: salesianosatocha.es\/empresa. propiedad de la empresa nacional, COLEGIO SALESIANOS ATOCHA., con CIF r2800681E, con n\u00famero de tel\u00e9fono de contacto: +34.915062100 y con direcci\u00f3n electr\u00f3nica de contacto: <a href=\"mailto:webmaster@salesianosatocha.es\/empresa\">webmaster@salesianosatocha.es\/empresa<\/a> , situado en la Ronda de Atocha, 27-28012, de Madrid.\n<h2>PROPIEDAD INTELECTUAL E INDUSTRIAL<\/h2>\nLos derechos de propiedad intelectual del contenido de las p\u00e1ginas web, su dise\u00f1o gr\u00e1fico y c\u00f3digos son propiedad exclusiva de COLEGIO SALESIANOS ATOCHA y por tanto, queda prohibida su reproducci\u00f3n, distribuci\u00f3n, comunicaci\u00f3n p\u00fablica, transformaci\u00f3n o cualquier otra actividad que se pueda realizar con los contenidos de sus p\u00e1ginas web y especialmente con las fotograf\u00edas de los menores, ni a\u00fan citando las fuentes, salvo consentimiento por escrito de COLEGIO SALESIANOS ATOCHA.\n\n&nbsp;\n<h2>LEGISLACI\u00d3N<\/h2>\nCon car\u00e1cter general las relaciones entre COLEGIO SALESIANOS ATOCHA &nbsp;con los usuarios de sus servicios telem\u00e1ticos, presentes en estos sitios &nbsp;web, se encuentran sometidas a la legislaci\u00f3n y jurisdicci\u00f3n espa\u00f1olas.\n\n&nbsp;\n<h2 style=\"text-align: left;\">USO Y ACCESO DE USUARIOS<\/h2>\nCualquier internauta puede acceder a la informaci\u00f3n abierta de nuestra p\u00e1gina web sin necesidad de proporcionar ning\u00fan dato de car\u00e1cter personal.\n\nEl titular de la p\u00e1gina web, no se identifica con las opiniones vertidas en la misma por sus colaboradores o cualquier otro usuario.\n\nCONTENIDO DE LA WEB Y ENLACES\n\nCOLEGIO SALESIANOS ATOCHA &nbsp;se reserva el derecho a actualizar, modificar o eliminar la informaci\u00f3n contenida en sus p\u00e1ginas web pudiendo incluso limitar o no permitir el acceso a dicha informaci\u00f3n a ciertos usuarios.\n\nCOLEGIO SALESIANOS ATOCHA &nbsp;no asume responsabilidad alguna por la informaci\u00f3n contenida en p\u00e1ginas web de terceros a las que se pueda acceder por \"links\" o enlaces desde cualquier p\u00e1gina web propiedad de COLEGIO SALESIANOS ATOCHA\n\nLa presencia de \"links\" o enlaces en las p\u00e1ginas web de COLEGIO SALESIANOS ATOCHA &nbsp;tiene finalidad meramente informativa y en ning\u00fan caso supone sugerencia, invitaci\u00f3n o recomendaci\u00f3n sobre los mismos.","_et_gb_content_width":"","ngg_post_thumbnail":0,"footnotes":""},"_links":{"self":[{"href":"https:\/\/salesianosatocha.es\/primaria\/wp-json\/wp\/v2\/pages\/27"}],"collection":[{"href":"https:\/\/salesianosatocha.es\/primaria\/wp-json\/wp\/v2\/pages"}],"about":[{"href":"https:\/\/salesianosatocha.es\/primaria\/wp-json\/wp\/v2\/types\/page"}],"author":[{"embeddable":true,"href":"https:\/\/salesianosatocha.es\/primaria\/wp-json\/wp\/v2\/users\/19"}],"replies":[{"embeddable":true,"href":"https:\/\/salesianosatocha.es\/primaria\/wp-json\/wp\/v2\/comments?post=27"}],"version-history":[{"count":2,"href":"https:\/\/salesianosatocha.es\/primaria\/wp-json\/wp\/v2\/pages\/27\/revisions"}],"predecessor-version":[{"id":4618,"href":"https:\/\/salesianosatocha.es\/primaria\/wp-json\/wp\/v2\/pages\/27\/revisions\/4618"}],"wp:attachment":[{"href":"https:\/\/salesianosatocha.es\/primaria\/wp-json\/wp\/v2\/media?parent=27"}],"curies":[{"name":"wp","href":"https:\/\/api.w.org\/{rel}","templated":true}]}}