{"id":518,"date":"2012-09-09T22:32:03","date_gmt":"2012-09-09T22:32:03","guid":{"rendered":"http:\/\/salesianosatocha.es\/orientacion\/?page_id=518"},"modified":"2013-09-17T23:48:22","modified_gmt":"2013-09-17T23:48:22","slug":"programacion-general-anual-2013-2014","status":"publish","type":"page","link":"https:\/\/salesianosatocha.es\/orientacion\/programacion-general-anual-2013-2014\/","title":{"rendered":"Programaci\u00f3n General Anual 2013-2014"},"content":{"rendered":"<div class='et-box et-info'>\n\t\t\t\t\t<div class='et-box-content'><h2>Objetivos 2013-2014<\/h2>\n<ol start=\"1\">\n<li><b>Presentar la espiritualidad de don Bosco como modelo para una espiritualidad juvenil.<\/b><\/li>\n<li><b>Favorecer el protagonismo de los j\u00f3venes a trav\u00e9s de propuestas de compromiso social y reflexi\u00f3n.<\/b><\/li>\n<li><b>Proponer experiencias de encuentro y celebraci\u00f3n que ayuden a leer la vida desde el Evangelio<\/b><\/li>\n<\/ol>\n<p style=\"text-align: justify;\">\u00a0<\/div><\/div>\n<p>&nbsp;<\/p>\n<p>&nbsp;<\/p>\n<h2 style=\"text-align: center;\"><strong><span style=\"color: #ff0000;\">Eslogan del curso: <span style=\"text-decoration: underline;\">ATREVETE, CONF\u00cdA, VIVE<\/span><\/span><\/strong><\/h2>\n<p>&nbsp;<\/p>\n<p><b>Cartel:<\/b> este a\u00f1o tendremos un cartel en tres. Uno por trimestre. Los tres formar\u00e1n un solo cuadro que se ir\u00e1 formando a lo largo del curso.<\/p>\n<p style=\"text-align: center;\">\n<p><b>\u00a0<\/b><\/p>\n<p><b>Primer cartel<\/b>: Comienzo de curso. Con la palabra \u201cATREVETE\u201d. Un joven en la cuerda al estilo de la imagen de Juanito Bosco \u201cSaltimbanqui\u201d. Es el cartel central d\u00f3nde aparece el joven en la cuerda entre los j\u00f3venes abajo y el cielo\u201d.<\/p>\n<p><i>Camino con sentido, camino con estilo propio, andar <\/i><i>en la cuerda floja concentraci\u00f3n, mirar para dentro<\/i><i>, d\u00f3nde est\u00e1 atada tu cuerda, vara que te ayuda es<\/i><i>tar equilibrado<a href=\"http:\/\/salesianosatocha.es\/orientacion\/wp-content\/blogs.dir\/23\/2012\/09\/cartel-campa\u00f1a-anual-01.jpg\"><img loading=\"lazy\" decoding=\"async\" class=\"aligncenter  wp-image-1233\" alt=\"cartel campa\u00f1a anual 01\" src=\"http:\/\/salesianosatocha.es\/orientacion\/wp-content\/blogs.dir\/23\/2012\/09\/cartel-campa\u00f1a-anual-01-720x1024.jpg\" width=\"433\" height=\"615\" \/><\/a><\/i><\/p>\n<p><b>Segundo cartel:<\/b> En el 2\u00ba trimestre, con la palabra \u201cCONF\u00cdA\u201d, coincide con el mes de don Bosco y la campa\u00f1a vocacional. En el cartel aparece uno de los extremos\u00a0 de la cuerda. La cuerda pasa convirti\u00e9ndose en muchas cuerdas\u00a0 y pasa al lado de un \u00e1rbol y sube para arriba. En el \u00e1rbol, hay muchas hojas de colores con muchos rostros\u2026..(j\u00f3venes, d. Bosco, Jes\u00fas\u2026) Hay\u00a0 una paloma volando<\/p>\n<p><i>Rasgos de la espiritualidad juvenil salesiana\u2026. Lo importante es invisible a los ojos, educar en la interioridad, \u2026 <\/i><\/p>\n<p><i>No s\u00f3lo conocer,\u00a0 cuanto experimentar, vivir la espiritualidad\u00a0 de Don Bosco<\/i><\/p>\n<p><a href=\"http:\/\/salesianosatocha.es\/orientacion\/wp-content\/blogs.dir\/23\/2012\/09\/cartel-campa\u00f1a-anual-02.jpg\"><img loading=\"lazy\" decoding=\"async\" class=\"aligncenter size-medium wp-image-1236\" alt=\"cartel campa\u00f1a anual 02\" src=\"http:\/\/salesianosatocha.es\/orientacion\/wp-content\/blogs.dir\/23\/2012\/09\/cartel-campa\u00f1a-anual-02-211x300.jpg\" width=\"431\" height=\"612\" \/><\/a><\/p>\n<p><b>Tercer cartel<\/b>: En el 3<sup>er<\/sup> trimestre, con la palabra \u201cVIVE\u201d. El otro extremo de la cuerda, ah\u00ed se encuentran los j\u00f3venes, ahora tiene sentido todo el cartel. Los dos extremos de la espiritualidad de Don Bosco, Dios y los j\u00f3venes.<\/p>\n<p><i>El servicio a los otros, segundo asidero de mi cuerda, cuerda que se divide en distintos hilos que la forman y que represen a aquellos con quienes deber\u00eda estar comprometido: ni\u00f1os, j\u00f3venes, adultos, abuelos, pa\u00edses empobrecidos\u2026<\/i><\/p>\n<p>&nbsp;<\/p>\n<p>&nbsp;<\/p>\n<p><a href=\"http:\/\/salesianosatocha.es\/orientacion\/wp-content\/blogs.dir\/23\/2012\/09\/cartel-campa\u00f1a-anual-03.jpg\"><img loading=\"lazy\" decoding=\"async\" class=\"aligncenter size-medium wp-image-1237\" alt=\"cartel campa\u00f1a anual 03\" src=\"http:\/\/salesianosatocha.es\/orientacion\/wp-content\/blogs.dir\/23\/2012\/09\/cartel-campa\u00f1a-anual-03-210x300.jpg\" width=\"432\" height=\"617\" \/><\/a><\/p>\n<p>&nbsp;<\/p>\n<p>&nbsp;<\/p>\n<p>&nbsp;<\/p>\n","protected":false},"excerpt":{"rendered":"<p>&nbsp; &nbsp; Eslogan del curso: ATREVETE, CONF\u00cdA, VIVE &nbsp; Cartel: este a\u00f1o tendremos un cartel en tres. Uno por trimestre. Los tres formar\u00e1n un solo cuadro que se ir\u00e1 formando a lo largo del curso. \u00a0 Primer cartel: Comienzo de curso. Con la palabra \u201cATREVETE\u201d. Un joven en la cuerda al estilo de la imagen [&hellip;]<\/p>\n","protected":false},"author":20,"featured_media":0,"parent":0,"menu_order":0,"comment_status":"open","ping_status":"open","template":"page-full.php","meta":{"ngg_post_thumbnail":0,"footnotes":""},"_links":{"self":[{"href":"https:\/\/salesianosatocha.es\/orientacion\/wp-json\/wp\/v2\/pages\/518"}],"collection":[{"href":"https:\/\/salesianosatocha.es\/orientacion\/wp-json\/wp\/v2\/pages"}],"about":[{"href":"https:\/\/salesianosatocha.es\/orientacion\/wp-json\/wp\/v2\/types\/page"}],"author":[{"embeddable":true,"href":"https:\/\/salesianosatocha.es\/orientacion\/wp-json\/wp\/v2\/users\/20"}],"replies":[{"embeddable":true,"href":"https:\/\/salesianosatocha.es\/orientacion\/wp-json\/wp\/v2\/comments?post=518"}],"version-history":[{"count":4,"href":"https:\/\/salesianosatocha.es\/orientacion\/wp-json\/wp\/v2\/pages\/518\/revisions"}],"predecessor-version":[{"id":1238,"href":"https:\/\/salesianosatocha.es\/orientacion\/wp-json\/wp\/v2\/pages\/518\/revisions\/1238"}],"wp:attachment":[{"href":"https:\/\/salesianosatocha.es\/orientacion\/wp-json\/wp\/v2\/media?parent=518"}],"curies":[{"name":"wp","href":"https:\/\/api.w.org\/{rel}","templated":true}]}}