{"id":223,"date":"2012-02-08T23:47:27","date_gmt":"2012-02-08T23:47:27","guid":{"rendered":"http:\/\/salesianosatocha.es\/orientacion\/?page_id=223"},"modified":"2012-03-11T01:39:06","modified_gmt":"2012-03-11T01:39:06","slug":"a-m-p-a","status":"publish","type":"page","link":"https:\/\/salesianosatocha.es\/orientacion\/a-m-p-a\/","title":{"rendered":"A.M.P.A."},"content":{"rendered":"<div class='et-box et-info'>\n\t\t\t\t\t<div class='et-box-content'>Horario de atenci\u00f3n al p\u00fablico: Mi\u00e9rcoles de 17,00h a 19,00h<\/p>\n<a href='http:\/\/salesianosatocha.es\/orientacion\/contacto\/asociacion-de-padres-y-madres\/' class='icon-button mail-icon' target=\"_blank\">Contacto<span class='et-icon'><\/span><\/a>\n<p>&nbsp;<\/p><\/div><\/div>\n<p>&nbsp;<\/p>\n<table id=\"tabla\" border=\"1\" cellspacing=\"0\" cellpadding=\"5\" align=\"center\">\n<thead>\n<tr>\n<th>Documento<\/th>\n<th><\/th>\n<\/tr>\n<\/thead>\n<tbody>\n<tr>\n<td>Estatutos de la A.M.P.A.<\/td>\n<td><a href='http:\/\/salesianosatocha.es\/orientacion\/images\/documents\/estatutos_ampa_16feb04.pdf' class='icon-button paper-icon'>Ver PDF<span class='et-icon'><\/span><\/a><\/td>\n<\/tr>\n<\/tbody>\n<\/table>\n<p>&nbsp;<\/p>\n<a href='http:\/\/www.ampasalesianosatocha.com\/' class='small-button smallorange' target=\"_blank\">Visitar el blog del A.M.P.A<\/a>\n<p>&nbsp;<\/p>\n<p>&nbsp;<\/p>\n","protected":false},"excerpt":{"rendered":"<p>&nbsp; Documento Estatutos de la A.M.P.A. &nbsp; &nbsp; &nbsp;<\/p>\n","protected":false},"author":20,"featured_media":0,"parent":0,"menu_order":0,"comment_status":"open","ping_status":"open","template":"page-full.php","meta":{"ngg_post_thumbnail":0,"footnotes":""},"_links":{"self":[{"href":"https:\/\/salesianosatocha.es\/orientacion\/wp-json\/wp\/v2\/pages\/223"}],"collection":[{"href":"https:\/\/salesianosatocha.es\/orientacion\/wp-json\/wp\/v2\/pages"}],"about":[{"href":"https:\/\/salesianosatocha.es\/orientacion\/wp-json\/wp\/v2\/types\/page"}],"author":[{"embeddable":true,"href":"https:\/\/salesianosatocha.es\/orientacion\/wp-json\/wp\/v2\/users\/20"}],"replies":[{"embeddable":true,"href":"https:\/\/salesianosatocha.es\/orientacion\/wp-json\/wp\/v2\/comments?post=223"}],"version-history":[{"count":2,"href":"https:\/\/salesianosatocha.es\/orientacion\/wp-json\/wp\/v2\/pages\/223\/revisions"}],"predecessor-version":[{"id":323,"href":"https:\/\/salesianosatocha.es\/orientacion\/wp-json\/wp\/v2\/pages\/223\/revisions\/323"}],"wp:attachment":[{"href":"https:\/\/salesianosatocha.es\/orientacion\/wp-json\/wp\/v2\/media?parent=223"}],"curies":[{"name":"wp","href":"https:\/\/api.w.org\/{rel}","templated":true}]}}