{"id":215,"date":"2012-02-08T23:42:43","date_gmt":"2012-02-08T23:42:43","guid":{"rendered":"http:\/\/salesianosatocha.es\/orientacion\/?page_id=215"},"modified":"2012-09-19T17:46:28","modified_gmt":"2012-09-19T17:46:28","slug":"documentos-generales","status":"publish","type":"page","link":"https:\/\/salesianosatocha.es\/orientacion\/programacion-general\/documentos-generales\/","title":{"rendered":"Documentos Generales"},"content":{"rendered":"<p>&nbsp;<\/p>\n<p style=\"text-align: left;\">Los siguientes documentos son de inter\u00e9s general para la comunidad educativa del centro.<\/p>\n<p>&nbsp;<\/p>\n<table id=\"tabla\" style=\"border-color: lightgray; border-collapse: collapse; border-style: solid; border-width: 1px;\" border=\"1\" cellspacing=\"0\" cellpadding=\"5\" align=\"center\">\n<thead>\n<tr>\n<th>Documento<\/th>\n<th>Fecha de Publicaci\u00f3n<\/th>\n<th><\/th>\n<\/tr>\n<\/thead>\n<tbody>\n<tr>\n<td style=\"font-weight: bold;\">Reglamento de R\u00e9gimen Interior (RRI)<\/td>\n<td style=\"text-align: center; font-weight: bold; color: #666666;\">01\/09\/2008<\/td>\n<td><a href='http:\/\/salesianosatocha.es\/orientacion\/images\/documents\/reglamentoderegimeninterioroctubre2007.pdf' class='icon-button paper-icon' target=\"_blank\">Ver PDF<span class='et-icon'><\/span><\/a><\/td>\n<\/tr>\n<tr>\n<td style=\"font-weight: bold;\">Plan de Convivencia<\/td>\n<td style=\"text-align: center; font-weight: bold; color: #666666;\">20\/02\/2009<\/td>\n<td><a href='http:\/\/salesianosatocha.es\/orientacion\/images\/documents\/plan_convivencia_febrero_2009.pdf' class='icon-button paper-icon' target=\"_blank\">Ver PDF<span class='et-icon'><\/span><\/a><\/td>\n<\/tr>\n<tr>\n<td style=\"font-weight: bold; text-align: left;\">Agenda EI-EP Curso 2012-2013<\/td>\n<td style=\"text-align: center; font-weight: bold; color: #666666;\">15\/09\/2012<\/td>\n<td><a href='http:\/\/salesianosatocha.es\/orientacion\/docs\/2012_13\/agendas\/EI_EPATOCHA_12_13.pdf' class='icon-button paper-icon' target=\"_blank\">Ver PDF<span class='et-icon'><\/span><\/a><\/td>\n<\/tr>\n<tr>\n<td style=\"font-weight: bold; text-align: left;\">Agenda ESO. Curso 2012-2013<\/td>\n<td style=\"text-align: center; font-weight: bold; color: #666666;\">15\/09\/2012<\/td>\n<td><a href='http:\/\/salesianosatocha.es\/orientacion\/docs\/2012_13\/agendas\/ESO_ATOCHA_12_13.pdf' class='icon-button paper-icon' target=\"_blank\">Ver PDF<span class='et-icon'><\/span><\/a><\/td>\n<\/tr>\n<tr>\n<td style=\"font-weight: bold; text-align: left;\">Agenda Bachillerato &#8211; FPE &#8211; PCPI &#8211; ACEs. Curso 2012-2013<\/td>\n<td style=\"text-align: center; font-weight: bold; color: #666666;\">15\/09\/2012<\/td>\n<td><a href='http:\/\/salesianosatocha.es\/orientacion\/docs\/2012_13\/agendas\/BACH_FP_ATOCHA_12_13.pdf' class='icon-button paper-icon' target=\"_blank\">Ver PDF<span class='et-icon'><\/span><\/a><\/td>\n<\/tr>\n<\/tbody>\n<\/table>\n","protected":false},"excerpt":{"rendered":"<p>&nbsp; Los siguientes documentos son de inter\u00e9s general para la comunidad educativa del centro. &nbsp; Documento Fecha de Publicaci\u00f3n Reglamento de R\u00e9gimen Interior (RRI) 01\/09\/2008 Plan de Convivencia 20\/02\/2009 Agenda EI-EP Curso 2012-2013 15\/09\/2012 Agenda ESO. Curso 2012-2013 15\/09\/2012 Agenda Bachillerato &#8211; FPE &#8211; PCPI &#8211; ACEs. Curso 2012-2013 15\/09\/2012<\/p>\n","protected":false},"author":20,"featured_media":0,"parent":72,"menu_order":0,"comment_status":"open","ping_status":"open","template":"page-full.php","meta":{"ngg_post_thumbnail":0,"footnotes":""},"_links":{"self":[{"href":"https:\/\/salesianosatocha.es\/orientacion\/wp-json\/wp\/v2\/pages\/215"}],"collection":[{"href":"https:\/\/salesianosatocha.es\/orientacion\/wp-json\/wp\/v2\/pages"}],"about":[{"href":"https:\/\/salesianosatocha.es\/orientacion\/wp-json\/wp\/v2\/types\/page"}],"author":[{"embeddable":true,"href":"https:\/\/salesianosatocha.es\/orientacion\/wp-json\/wp\/v2\/users\/20"}],"replies":[{"embeddable":true,"href":"https:\/\/salesianosatocha.es\/orientacion\/wp-json\/wp\/v2\/comments?post=215"}],"version-history":[{"count":3,"href":"https:\/\/salesianosatocha.es\/orientacion\/wp-json\/wp\/v2\/pages\/215\/revisions"}],"predecessor-version":[{"id":232,"href":"https:\/\/salesianosatocha.es\/orientacion\/wp-json\/wp\/v2\/pages\/215\/revisions\/232"}],"up":[{"embeddable":true,"href":"https:\/\/salesianosatocha.es\/orientacion\/wp-json\/wp\/v2\/pages\/72"}],"wp:attachment":[{"href":"https:\/\/salesianosatocha.es\/orientacion\/wp-json\/wp\/v2\/media?parent=215"}],"curies":[{"name":"wp","href":"https:\/\/api.w.org\/{rel}","templated":true}]}}