{"id":210,"date":"2012-02-08T23:39:29","date_gmt":"2012-02-08T23:39:29","guid":{"rendered":"http:\/\/salesianosatocha.es\/orientacion\/?page_id=210"},"modified":"2012-03-10T23:49:59","modified_gmt":"2012-03-10T23:49:59","slug":"donde-estamos","status":"publish","type":"page","link":"https:\/\/salesianosatocha.es\/orientacion\/programacion-general\/donde-estamos\/","title":{"rendered":"\u00bfD\u00f3nde estamos?"},"content":{"rendered":"<p>Nos encontramos en la siguiente direcci\u00f3n:<\/p>\n<p>Calle Ronda de Atocha, 27<\/p>\n<p>CP 28012 (Madrid)<\/p>\n<p>Nuestro tel\u00e9fono de contacto es: 91.506.21.00<\/p>\n<p>O si lo prefiere, cont\u00e1ctenos por email<\/p>\n<a href='http:\/\/salesianosatocha.es\/orientacion\/contacto\/' class='small-button smallorange'>Contacto<\/a>\n<p>&nbsp;<\/p>\n<p>&nbsp;<\/p>\n<p>&nbsp;<\/p>\n<p><iframe loading=\"lazy\" src=\"http:\/\/maps.google.es\/maps?f=q&amp;source=s_q&amp;hl=es&amp;geocode=&amp;q=Ronda+Atocha,+27,+28012+Madrid+(Salesianos+Atocha)&amp;sll=40.406372,-3.697586&amp;sspn=0.041175,0.077162&amp;ie=UTF8&amp;hq=&amp;hnear=Ronda+de+Atocha,+27,+28012+Madrid,+Comunidad+de+Madrid&amp;t=h&amp;ll=40.406372,-3.697586&amp;spn=0.029411,0.055876&amp;z=14&amp;iwloc=A&amp;output=embed\" frameborder=\"0\" marginwidth=\"0\" marginheight=\"0\" scrolling=\"no\" width=\"650\" height=\"450\"><\/iframe><br \/>\n<small><a style=\"color: #0000ff; text-align: left;\" href=\"http:\/\/maps.google.es\/maps?f=q&amp;source=embed&amp;hl=es&amp;geocode=&amp;q=Ronda+Atocha,+27,+28012+Madrid+(Salesianos+Atocha)&amp;sll=40.406372,-3.697586&amp;sspn=0.041175,0.077162&amp;ie=UTF8&amp;hq=&amp;hnear=Ronda+de+Atocha,+27,+28012+Madrid,+Comunidad+de+Madrid&amp;t=h&amp;ll=40.406372,-3.697586&amp;spn=0.029411,0.055876&amp;z=14&amp;iwloc=A\">Ver mapa m\u00e1s grande<\/a><\/small><\/p>\n","protected":false},"excerpt":{"rendered":"<p>Nos encontramos en la siguiente direcci\u00f3n: Calle Ronda de Atocha, 27 CP 28012 (Madrid) Nuestro tel\u00e9fono de contacto es: 91.506.21.00 O si lo prefiere, cont\u00e1ctenos por email &nbsp; &nbsp; &nbsp; Ver mapa m\u00e1s grande<\/p>\n","protected":false},"author":20,"featured_media":0,"parent":72,"menu_order":0,"comment_status":"open","ping_status":"open","template":"page-full.php","meta":{"ngg_post_thumbnail":0,"footnotes":""},"_links":{"self":[{"href":"https:\/\/salesianosatocha.es\/orientacion\/wp-json\/wp\/v2\/pages\/210"}],"collection":[{"href":"https:\/\/salesianosatocha.es\/orientacion\/wp-json\/wp\/v2\/pages"}],"about":[{"href":"https:\/\/salesianosatocha.es\/orientacion\/wp-json\/wp\/v2\/types\/page"}],"author":[{"embeddable":true,"href":"https:\/\/salesianosatocha.es\/orientacion\/wp-json\/wp\/v2\/users\/20"}],"replies":[{"embeddable":true,"href":"https:\/\/salesianosatocha.es\/orientacion\/wp-json\/wp\/v2\/comments?post=210"}],"version-history":[{"count":3,"href":"https:\/\/salesianosatocha.es\/orientacion\/wp-json\/wp\/v2\/pages\/210\/revisions"}],"predecessor-version":[{"id":214,"href":"https:\/\/salesianosatocha.es\/orientacion\/wp-json\/wp\/v2\/pages\/210\/revisions\/214"}],"up":[{"embeddable":true,"href":"https:\/\/salesianosatocha.es\/orientacion\/wp-json\/wp\/v2\/pages\/72"}],"wp:attachment":[{"href":"https:\/\/salesianosatocha.es\/orientacion\/wp-json\/wp\/v2\/media?parent=210"}],"curies":[{"name":"wp","href":"https:\/\/api.w.org\/{rel}","templated":true}]}}