{"id":16,"date":"2012-02-05T20:00:03","date_gmt":"2012-02-05T20:00:03","guid":{"rendered":"http:\/\/salesianosatocha.es\/orientacion\/?page_id=16"},"modified":"2012-03-10T22:35:35","modified_gmt":"2012-03-10T22:35:35","slug":"propuesta-educativa","status":"publish","type":"page","link":"https:\/\/salesianosatocha.es\/orientacion\/propuesta-educativa\/","title":{"rendered":"Propuesta educativa"},"content":{"rendered":"<h2><strong>1. La Escuela, Lugar de Educaci\u00f3n<\/strong><\/h2>\n<p>&nbsp;<\/p>\n<p>Un Derecho<\/p>\n<p>Toda persona tiene derecho a la educaci\u00f3n y la sociedad debe ofrecerle los medios necesarios para que pueda ejercerlo en el marco de libertades proclamadas en nuestra Constituci\u00f3n.<\/p>\n<p>&nbsp;<\/p>\n<p>Qu\u00e9 Supone<\/p>\n<ul>\n<li>La libertad de creaci\u00f3n y direcci\u00f3n de centros educativos<\/li>\n<li>La libertad de elecci\u00f3n de centro por parte de las familias.<\/li>\n<li>La libertad en el desarrollo de la funci\u00f3n docente, en el marco del Car\u00e1cter Propio de cada Centro.<\/li>\n<li>El derecho a recibir una formaci\u00f3n religiosa y moral conforme a las propias convicciones.<\/li>\n<li>El derecho a la participaci\u00f3n de los diferentes miembros de la Comunidad Educativa en el control y gesti\u00f3n de los Centros.<\/li>\n<li>El derecho a la gratuidad que asegura el acceso de todos a la educaci\u00f3n.<\/li>\n<\/ul>\n<p>&nbsp;<\/p>\n<p>Para Conseguir<\/p>\n<ul>\n<li>El pleno desarrollo de la personalidad de los alumnos.<\/li>\n<li>La formaci\u00f3n en el respeto de los derechos y libertades fundamentales de la persona.<\/li>\n<li>La adquisici\u00f3n de h\u00e1bitos intelectuales y de t\u00e9cnicas de trabajo.<\/li>\n<li>El desarrollo de actitudes que favorezcan la participaci\u00f3n en la vida social y cultura.<\/li>\n<li>La capacitaci\u00f3n para el ejercicio de actividades profesionales.<\/li>\n<li>La formaci\u00f3n en el respeto a la pluralidad ling\u00fc\u00edstica, cultural y religiosa de nuestra sociedad.<\/li>\n<li>La disposici\u00f3n para comprometerse personal y solidariamente en la construcci\u00f3n de una sociedad m\u00e1s humana y m\u00e1s justa.<\/li>\n<\/ul>\n<p>&nbsp;<\/p>\n<h2><strong>2. La Escuela Cat\u00f3lica<\/strong><\/h2>\n<p>&nbsp;<\/p>\n<p>La Iglesia Cat\u00f3lica coopera con la sociedad al desarrollo integral de las personas desde el mensaje y los valores del Evangelio.<\/p>\n<p>&nbsp;<\/p>\n<p>A Trav\u00e9s de su Acci\u00f3n Educativa<\/p>\n<ul>\n<li>Promueve la formaci\u00f3n integral de los alumnos, de acuerdo con una concepci\u00f3n cristiana de la persona, de la vida y M mundo.<\/li>\n<li>Propone una s\u00edntesis entre fe, cultura y vida.<\/li>\n<li>Imparte la Ense\u00f1anza Religiosa Escolar con programas acad\u00e9micos adecuados en su contenido y calidad.<\/li>\n<li>Promueve, entre quienes lo desean, itinerarios de educaci\u00f3n en la fe.<\/li>\n<li>Orienta hacia la inserci\u00f3n y el compromiso en los movimientos y servicios eclesiales.<\/li>\n<li>Colabora con otras fuerzas sociales comprometidas en la construcci\u00f3n de la sociedad.<\/li>\n<\/ul>\n<p>&nbsp;<\/p>\n<h2><strong>3. La Escuela Salesiana<\/strong><\/h2>\n<p>El estilo Educativo- Pastoral de Don Bosco y la experiencia de Mar\u00eda Mazzarello han dado unas caracter\u00edsticas propias a la Propuesta Educativa Salesiana de las escuelas promovidas por los Salesianos y las Hijas de Mar\u00eda Auxiliadora.<\/p>\n<p>&nbsp;<\/p>\n<p>Nuestra Escuela trata de:<\/p>\n<ul>\n<li>Ser popular, libre y abierta a todas las clases sociales, dando preferencia a los m\u00e1s necesitados.<\/li>\n<li>Poner al alumno en el centro de la acci\u00f3n educativa.<\/li>\n<li>Presentarse como familia educadora, en la que los j\u00f3venes encuentran \u00absu propia casa\u00bb.<\/li>\n<li>Destacar la personalizaci\u00f3n de las relaciones educativas mediante la presencia de los educadores entre los alumnos.<\/li>\n<li>Dar preferencia a las necesidades de la zona.<\/li>\n<li>Promover la solidaridad con los pobres.<\/li>\n<li>Hacer real la participaci\u00f3n corresponsable de todos los miembros de la Comunidad Educativa.<\/li>\n<li>Acogerse a la financiaci\u00f3n p\u00fablica para garantizar la gratuidad de la educaci\u00f3n.<\/li>\n<\/ul>\n<p>&nbsp;<\/p>\n<p>Adem\u00e1s, nuestro concepto de Promoci\u00f3n Integral de las personas nos exige:<\/p>\n<ul>\n<li>Ayudar a dar vida a la comunidad local mediante el conocimiento y cultivo de la lengua, las costumbres y la cultura de la regi\u00f3n.<\/li>\n<li>Potenciar un clima de integraci\u00f3n y de apertura a todos los pueblos y culturas.<\/li>\n<li>Impulsar la participaci\u00f3n en la vida y misi\u00f3n de la Iglesia local.<\/li>\n<\/ul>\n","protected":false},"excerpt":{"rendered":"<p>1. La Escuela, Lugar de Educaci\u00f3n &nbsp; Un Derecho Toda persona tiene derecho a la educaci\u00f3n y la sociedad debe ofrecerle los medios necesarios para que pueda ejercerlo en el marco de libertades proclamadas en nuestra Constituci\u00f3n. &nbsp; Qu\u00e9 Supone La libertad de creaci\u00f3n y direcci\u00f3n de centros educativos La libertad de elecci\u00f3n de centro [&hellip;]<\/p>\n","protected":false},"author":20,"featured_media":0,"parent":0,"menu_order":0,"comment_status":"open","ping_status":"open","template":"page-full.php","meta":{"ngg_post_thumbnail":0,"footnotes":""},"_links":{"self":[{"href":"https:\/\/salesianosatocha.es\/orientacion\/wp-json\/wp\/v2\/pages\/16"}],"collection":[{"href":"https:\/\/salesianosatocha.es\/orientacion\/wp-json\/wp\/v2\/pages"}],"about":[{"href":"https:\/\/salesianosatocha.es\/orientacion\/wp-json\/wp\/v2\/types\/page"}],"author":[{"embeddable":true,"href":"https:\/\/salesianosatocha.es\/orientacion\/wp-json\/wp\/v2\/users\/20"}],"replies":[{"embeddable":true,"href":"https:\/\/salesianosatocha.es\/orientacion\/wp-json\/wp\/v2\/comments?post=16"}],"version-history":[{"count":4,"href":"https:\/\/salesianosatocha.es\/orientacion\/wp-json\/wp\/v2\/pages\/16\/revisions"}],"predecessor-version":[{"id":19,"href":"https:\/\/salesianosatocha.es\/orientacion\/wp-json\/wp\/v2\/pages\/16\/revisions\/19"}],"wp:attachment":[{"href":"https:\/\/salesianosatocha.es\/orientacion\/wp-json\/wp\/v2\/media?parent=16"}],"curies":[{"name":"wp","href":"https:\/\/api.w.org\/{rel}","templated":true}]}}