{"id":157,"date":"2012-02-07T10:33:19","date_gmt":"2012-02-07T10:33:19","guid":{"rendered":"http:\/\/salesianosatocha.es\/orientacion\/?page_id=157"},"modified":"2012-02-07T10:33:19","modified_gmt":"2012-02-07T10:33:19","slug":"empresas-colaboradoras-en-construccion","status":"publish","type":"page","link":"https:\/\/salesianosatocha.es\/orientacion\/empresas-colaboradoras\/empresas-colaboradoras-en-construccion\/","title":{"rendered":"Empresas Colaboradoras en Construcci\u00f3n"},"content":{"rendered":"<table border=\"1\" cellspacing=\"0\" cellpadding=\"5\">\n<tbody>\n<tr>\n<td>CICLO FORMATIVO<\/td>\n<td>NOMBRE DE LA EMPRESAS<\/td>\n<\/tr>\n<tr>\n<td>GS: Desarrollo y Aplicaci\u00f3n de Proyectos de Construcci\u00f3n<\/td>\n<td>ACHA Y BLANCO INGENIEROS S.A.L.<br \/>\nAGUIRRE NEWMAN, S.A.<br \/>\nARNAIZ CONSULTORES, S.L.<br \/>\nCANAL DE ISABEL II CARDGIRUS, S.L.<br \/>\nCEP IB\u00c9RICA,\u00a0 &#8211; CPV CONTROL T\u00c9CINICO Y PREVENCI\u00d3N DE RIESGOS, S.A.<br \/>\nCONSTRUCTORA SAN JOS\u00c9, S.A.<br \/>\nDISE\u00d1O INDUSTRIAL C\u00c1LCULOS Y PROYECTOS, DIC Y P, S.L.<br \/>\nEUROESTUDIOS, S.L.<br \/>\nFERROVIAL &#8211; AGROMAN, S.A.<br \/>\nFERROVIAL SERVICIOS, S.A.<br \/>\nFHECOR INGENIEROS CONSULTORES, S.A.<br \/>\nFONORTE EMPRESA CONSTRUCTORA, S.A.<br \/>\nG.D.E. CONSTRUCCIONES, S.L.<br \/>\nGABINETE\u00a0 T\u00c9CNICO DE\u00a0 ESTRUCTURAS DE HORMIG\u00d3N EHE, S.L.<br \/>\nGARENAE, S.L. &#8211; GRUPO ARENA<br \/>\nGRUPO AFER EMPRESARIAL, S.L.<br \/>\nGRUPO INMOBILIARIO EUROPEO<br \/>\nHONEYWELL, S.L.<br \/>\nIB\u00c9RICA DE ESTUDIOS E INGENIER\u00cdA, S.A.<br \/>\nINTECSA-UNDE INDUSTRIAL, S.A.<br \/>\nLA SAGRILLA, S.L.<br \/>\nL\u00d3PEZ &#8211; FANDO Y ASOCIADOS, S.L.<br \/>\nNAVES Y PARQUES INDUSTRIALES, S.A.<br \/>\nOTEP INTERNACIONAL, S.A.<br \/>\nPROYECTOS Y DIRECCIONES T\u00c9CNICAS, S.A. (PRODITEC)<br \/>\nSAITEC INGENIEROS, S.A.<br \/>\nSECIN ASOCIADOS, S.L.<br \/>\nTECNOL\u00d3GICA DE LA CONSTRUCCI\u00d3N, S.A.<br \/>\nROYMAR INGENIEROS CONSULTORES, S.L.<br \/>\nURCI CONSULTORES, S.L.<\/td>\n<\/tr>\n<\/tbody>\n<\/table>\n<p>&nbsp;<\/p>\n","protected":false},"excerpt":{"rendered":"<p>CICLO FORMATIVO NOMBRE DE LA EMPRESAS GS: Desarrollo y Aplicaci\u00f3n de Proyectos de Construcci\u00f3n ACHA Y BLANCO INGENIEROS S.A.L. AGUIRRE NEWMAN, S.A. ARNAIZ CONSULTORES, S.L. CANAL DE ISABEL II CARDGIRUS, S.L. CEP IB\u00c9RICA,\u00a0 &#8211; CPV CONTROL T\u00c9CINICO Y PREVENCI\u00d3N DE RIESGOS, S.A. CONSTRUCTORA SAN JOS\u00c9, S.A. DISE\u00d1O INDUSTRIAL C\u00c1LCULOS Y PROYECTOS, DIC Y P, S.L. [&hellip;]<\/p>\n","protected":false},"author":20,"featured_media":0,"parent":132,"menu_order":0,"comment_status":"open","ping_status":"open","template":"page-full.php","meta":{"ngg_post_thumbnail":0,"footnotes":""},"_links":{"self":[{"href":"https:\/\/salesianosatocha.es\/orientacion\/wp-json\/wp\/v2\/pages\/157"}],"collection":[{"href":"https:\/\/salesianosatocha.es\/orientacion\/wp-json\/wp\/v2\/pages"}],"about":[{"href":"https:\/\/salesianosatocha.es\/orientacion\/wp-json\/wp\/v2\/types\/page"}],"author":[{"embeddable":true,"href":"https:\/\/salesianosatocha.es\/orientacion\/wp-json\/wp\/v2\/users\/20"}],"replies":[{"embeddable":true,"href":"https:\/\/salesianosatocha.es\/orientacion\/wp-json\/wp\/v2\/comments?post=157"}],"version-history":[{"count":1,"href":"https:\/\/salesianosatocha.es\/orientacion\/wp-json\/wp\/v2\/pages\/157\/revisions"}],"predecessor-version":[{"id":158,"href":"https:\/\/salesianosatocha.es\/orientacion\/wp-json\/wp\/v2\/pages\/157\/revisions\/158"}],"up":[{"embeddable":true,"href":"https:\/\/salesianosatocha.es\/orientacion\/wp-json\/wp\/v2\/pages\/132"}],"wp:attachment":[{"href":"https:\/\/salesianosatocha.es\/orientacion\/wp-json\/wp\/v2\/media?parent=157"}],"curies":[{"name":"wp","href":"https:\/\/api.w.org\/{rel}","templated":true}]}}