{"id":563,"date":"2014-06-03T05:55:13","date_gmt":"2014-06-03T04:55:13","guid":{"rendered":"http:\/\/salesianosatocha.es\/informatica\/?page_id=563"},"modified":"2021-02-12T16:50:34","modified_gmt":"2021-02-12T15:50:34","slug":"informatica","status":"publish","type":"page","link":"https:\/\/salesianosatocha.es\/informatica\/","title":{"rendered":"Inform\u00e1tica y Comunicaciones"},"content":{"rendered":"<p style=\"text-align: center;\"><a href=\"http:\/\/salesianosatocha.es\/informatica\/files\/2014\/09\/Horizontal-Colegio.jpg\"><img loading=\"lazy\" decoding=\"async\" class=\"alignnone size-large wp-image-1907\" src=\"http:\/\/salesianosatocha.es\/informatica\/files\/2014\/09\/Horizontal-Colegio-1024x174.jpg\" alt=\"Horizontal-Colegio\" width=\"1024\" height=\"174\" srcset=\"https:\/\/salesianosatocha.es\/informatica\/files\/2014\/09\/Horizontal-Colegio-1024x174.jpg 1024w, https:\/\/salesianosatocha.es\/informatica\/files\/2014\/09\/Horizontal-Colegio-300x51.jpg 300w, https:\/\/salesianosatocha.es\/informatica\/files\/2014\/09\/Horizontal-Colegio-1080x183.jpg 1080w, https:\/\/salesianosatocha.es\/informatica\/files\/2014\/09\/Horizontal-Colegio.jpg 1756w\" sizes=\"(max-width: 1024px) 100vw, 1024px\" \/><\/a><a href=\"http:\/\/salesianosatocha.es\/informatica\/files\/2013\/07\/informatica_y_comunicaciones.jpg\"><img decoding=\"async\" class=\" wp-image-471 aligncenter\" src=\"http:\/\/salesianosatocha.es\/informatica\/files\/2013\/07\/informatica_y_comunicaciones.jpg\" alt=\"Inform\u00e1tica y Comunicaciones\" width=\"850\"><\/a><\/p>\n<p>&nbsp;<\/p>\n<p>&nbsp;<\/p>\n<h1>CICLOS DE GRADO SUPERIOR<\/h1>\n<p><strong>Horario:<\/strong><span style=\"color: #000000;\">&nbsp;&nbsp;<span style=\"color: #ff0000;\"><strong>PRESENCIAL<\/strong><\/span><\/span><span style=\"color: #48423f;\"><span style=\"color: #ff0000;\">&nbsp;<\/span>de 8:25 a 14:20h.<\/span><\/p>\n<div class='et-box et-shadow'>\n\t\t\t\t\t<div class='et-box-content'><h2><span style=\"font-size: 18pt;\"><strong><a href=\"http:\/\/salesianosatocha.es\/artes_graficas\/GS\/GS_Administraci\u00f3n de sistemas informaticos en red_24042013.pdf\" target=\"_blank\" rel=\"noopener\">ASIR &#8211; Administraci\u00f3n de Sistemas Inform\u00e1ticos en red<\/a><\/strong><\/span><\/h2><\/div><\/div>\n<p>Ofrecemos una atenci\u00f3n personalizada para el alumno y un seguimiento de su actividad de tal forma que pueda desarrollarse profesionalmente en estas disciplinas.<\/p>\n<p>&nbsp;<\/p>\n<p><img loading=\"lazy\" decoding=\"async\" class=\"alignnone wp-image-749\" src=\"http:\/\/salesianosatocha.es\/informatica\/files\/2013\/07\/Cisco_CCNA_Logo512.png\" alt=\"Cisco_CCNA_Logo512\" width=\"124\" height=\"124\" srcset=\"https:\/\/salesianosatocha.es\/informatica\/files\/2013\/07\/Cisco_CCNA_Logo512.png 150w, https:\/\/salesianosatocha.es\/informatica\/files\/2013\/07\/Cisco_CCNA_Logo512-130x130.png 130w, https:\/\/salesianosatocha.es\/informatica\/files\/2013\/07\/Cisco_CCNA_Logo512-67x67.png 67w, https:\/\/salesianosatocha.es\/informatica\/files\/2013\/07\/Cisco_CCNA_Logo512-40x40.png 40w\" sizes=\"(max-width: 124px) 100vw, 124px\" \/><a href=\"http:\/\/salesianosatocha.es\/informatica\/files\/2013\/07\/security-e1401782014770.jpg\"><img loading=\"lazy\" decoding=\"async\" class=\"alignnone wp-image-753 \" src=\"http:\/\/salesianosatocha.es\/informatica\/files\/2013\/07\/security-e1401782014770.jpg\" alt=\"\" width=\"131\" height=\"131\"><\/a><a href=\"http:\/\/salesianosatocha.es\/informatica\/files\/2013\/07\/Microsoft.png\"><img loading=\"lazy\" decoding=\"async\" class=\"alignnone  wp-image-1705\" src=\"http:\/\/salesianosatocha.es\/informatica\/files\/2013\/07\/Microsoft.png\" alt=\"\" width=\"333\" height=\"118\" srcset=\"https:\/\/salesianosatocha.es\/informatica\/files\/2013\/07\/Microsoft.png 960w, https:\/\/salesianosatocha.es\/informatica\/files\/2013\/07\/Microsoft-300x106.png 300w\" sizes=\"(max-width: 333px) 100vw, 333px\" \/><\/a><img loading=\"lazy\" decoding=\"async\" class=\"wp-image-750 size-full alignleft\" src=\"http:\/\/salesianosatocha.es\/informatica\/files\/2013\/07\/lpi-logo.jpg\" alt=\"lpi-logo\" width=\"150\" height=\"231\"><\/p>\n<p>Realizando el ciclo de formaci\u00f3n profesional de grado superior en nuestro centro obtendr\u00e1s al mismo tiempo y sin coste adicional certificaciones oficiales de las empresas m\u00e1s demandadas en el sector como son: Academia oficial Cisco Systems, T\u00edtulo oficial<strong> IT Essentials<\/strong>, T\u00edtulo Oficial del curso de redes <strong>CCNA Exploration<\/strong> (<strong>Introduction to Networks<\/strong>, <strong>Routing and Switching Essentials<\/strong>,&nbsp;<strong>Scaling Networks&nbsp;<\/strong>y&nbsp;<b>Connecting Networks<\/b>), T\u00edtulo Oficial <strong>CCNA security<\/strong>, Linux: <strong>LPI administraci\u00f3n de Linux<\/strong>, Oracle: <strong>Oracle Certified Associate&nbsp;<\/strong>y <strong>MySQL certified.<\/strong><\/p>\n<p><a href=\"http:\/\/salesianosatocha.es\/informatica\/files\/2014\/06\/logo-spainskills.gif\"><img loading=\"lazy\" decoding=\"async\" class=\"alignnone wp-image-762 \" src=\"http:\/\/salesianosatocha.es\/informatica\/files\/2014\/06\/logo-spainskills.gif\" alt=\"logo-spainskills\" width=\"340\" height=\"81\"><\/a>&nbsp; &nbsp; &nbsp; &nbsp;&nbsp;<a href=\"http:\/\/salesianosatocha.es\/informatica\/files\/2014\/06\/logo.jpg\"><img loading=\"lazy\" decoding=\"async\" class=\"alignnone size-full wp-image-763\" src=\"http:\/\/salesianosatocha.es\/informatica\/files\/2014\/06\/logo.jpg\" alt=\"logo\" width=\"165\" height=\"98\"><\/a><\/p>\n<p>Promovemos la participaci\u00f3n en proyectos de innovaci\u00f3n tecnol\u00f3gica y concursos nacionales&nbsp;(premio Nacional Don Bosco, SpainSkills\u2026), en&nbsp;los que nuestros alumnos han destacado entre los primeros clasificados.<\/p>\n<p>&nbsp;<\/p>\n<div class='et-box et-shadow'>\n\t\t\t\t\t<div class='et-box-content'><h2><a href=\"http:\/\/salesianosatocha.es\/artes_graficas\/IteractPDF_Inform\u00e1.pdf\" target=\"_blank\" rel=\"noopener\">Informaci\u00f3n sobre el Departamento<\/a><\/h2><\/div><\/div><br \/>\n<div class='et-box et-shadow'>\n\t\t\t\t\t<div class='et-box-content'><h2><a href=\"http:\/\/salesianosatocha.es\/informatica\/formulario-de-contacto\/\" target=\"_blank\" rel=\"noopener\">Contacto<\/a><\/h2><\/div><\/div><\/p>\n<p>&nbsp;<\/p>\n<p>&nbsp;<\/p>\n<p>&nbsp;<\/p>\n<p>&nbsp;<\/p>\n","protected":false},"excerpt":{"rendered":"<p>&nbsp; &nbsp; CICLOS DE GRADO SUPERIOR Horario:&nbsp;&nbsp;PRESENCIAL&nbsp;de 8:25 a 14:20h. Ofrecemos una atenci\u00f3n personalizada para el alumno y un seguimiento de su actividad de tal forma que pueda desarrollarse profesionalmente en estas disciplinas. &nbsp; Realizando el ciclo de formaci\u00f3n profesional de grado superior en nuestro centro obtendr\u00e1s al mismo tiempo y sin coste adicional certificaciones [&hellip;]<\/p>\n","protected":false},"author":15,"featured_media":0,"parent":0,"menu_order":0,"comment_status":"open","ping_status":"open","template":"","meta":{"_et_pb_use_builder":"","_et_pb_old_content":"","_et_gb_content_width":"","ngg_post_thumbnail":0,"footnotes":""},"_links":{"self":[{"href":"https:\/\/salesianosatocha.es\/informatica\/wp-json\/wp\/v2\/pages\/563"}],"collection":[{"href":"https:\/\/salesianosatocha.es\/informatica\/wp-json\/wp\/v2\/pages"}],"about":[{"href":"https:\/\/salesianosatocha.es\/informatica\/wp-json\/wp\/v2\/types\/page"}],"author":[{"embeddable":true,"href":"https:\/\/salesianosatocha.es\/informatica\/wp-json\/wp\/v2\/users\/15"}],"replies":[{"embeddable":true,"href":"https:\/\/salesianosatocha.es\/informatica\/wp-json\/wp\/v2\/comments?post=563"}],"version-history":[{"count":26,"href":"https:\/\/salesianosatocha.es\/informatica\/wp-json\/wp\/v2\/pages\/563\/revisions"}],"predecessor-version":[{"id":2803,"href":"https:\/\/salesianosatocha.es\/informatica\/wp-json\/wp\/v2\/pages\/563\/revisions\/2803"}],"wp:attachment":[{"href":"https:\/\/salesianosatocha.es\/informatica\/wp-json\/wp\/v2\/media?parent=563"}],"curies":[{"name":"wp","href":"https:\/\/api.w.org\/{rel}","templated":true}]}}