{"id":513,"date":"2025-03-25T09:42:46","date_gmt":"2025-03-25T08:42:46","guid":{"rendered":"http:\/\/192.168.0.177:8080\/?page_id=513"},"modified":"2025-03-25T09:42:46","modified_gmt":"2025-03-25T08:42:46","slug":"aviso-legal","status":"publish","type":"page","link":"https:\/\/salesianosatocha.es\/fp\/aviso-legal\/","title":{"rendered":"Aviso Legal"},"content":{"rendered":"<p>Salesianosatocha.es es un dominio en Internet titularidad de COLEGIO SALESIANOS ATOCHA, en adelante el CENTRO.<\/p>\n<h2>Legislaci\u00f3n<\/h2>\n<p>Con car\u00e1cter general las relaciones entre el CENTRO con los Usuarios de los servicios presentes en este sitio web se encuentran sometidas a la legislaci\u00f3n y jurisdicci\u00f3n espa\u00f1olas.<\/p>\n<h2>Uso y acceso de usuarios<\/h2>\n<p>El Usuario queda informado y acepta que el acceso a la presente web no supone, en modo alguno, el inicio de una relaci\u00f3n comercial con el CENTRO.<\/p>\n<p>El usuario se compromete a utilizar la p\u00e1gina web de conformidad con la ley, el presente Aviso Legal y las exigencias de la buena fe, empleando la diligencia adecuada a la naturaleza del servicio del que disfruta, sin incurrir en actividades que puedan ser consideradas il\u00edcitas o ilegales, que infrinjan los derechos del CENTRO o de terceros, o que puedan da\u00f1ar, inutilizar, sobrecargar o deteriorar el servicio o impedir la normal utilizaci\u00f3n del mismo. En concreto y con car\u00e1cter meramente enunciativo, el usuario deber\u00e1 abstenerse de: * Realizar cualquier conducta que implique la violaci\u00f3n de los derechos de terceros (derecho a la intimidad y a la propia imagen, derechos de propiedad intelectual e industrial, etc.). * Reproducir, copiar, distribuir, poner a disposici\u00f3n, comunicar p\u00fablicamente, transformar o modificar los contenidos de la p\u00e1gina salvo en aqu\u00e9llos casos en autorizados por la ley o expresamente consentidos por el CENTRO o por el tercero que, en su caso, ostente los derechos de explotaci\u00f3n sobre los mismos. * Reproducir o copiar para uso privado los contenidos que merezcan la consideraci\u00f3n de software o Bases de Datos de conformidad con la legislaci\u00f3n vigente, as\u00ed como comunicarlos p\u00fablicamente o ponerlos a disposici\u00f3n de terceros. * Utilizar los contenidos de la p\u00e1gina web para cualquier tipo de actividad publicitaria o promocional y, en particular, para el env\u00edo de correos electr\u00f3nicos no solicitados (spam) o comunicaci\u00f3n similar. * Introducir virus inform\u00e1ticos, archivos defectuosos, o cualquier otro software o programa inform\u00e1tico que pueda provocar da\u00f1os o alteraciones no autorizadas de los contenidos o sistemas accesibles a trav\u00e9s de la p\u00e1gina web. * Destruir, alterar, inutilizar o da\u00f1ar los datos, informaciones, programas o documentos electr\u00f3nicos del CENTRO o de terceros.<\/p>\n<h2>Propiedad Intelectual e Industrial<\/h2>\n<p>La informaci\u00f3n que aparece en esta p\u00e1gina web es la vigente en la fecha de su \u00faltima actualizaci\u00f3n. El CENTRO se reserva el derecho a actualizar, modificar o eliminar unilateralmente y sin previo aviso dicha informaci\u00f3n. Todos los contenidos que se muestran en la p\u00e1gina (textos, gr\u00e1ficos, fotograf\u00edas, logos, dise\u00f1os, c\u00f3digos fuente, contenidos audiovisuales o sonoros, etc.) est\u00e1n sujetos a derechos de propiedad intelectual y\/o industrial de los que es titular el CENTRO o terceros que han autorizado su inclusi\u00f3n en la p\u00e1gina. Cualquier explotaci\u00f3n de todo o parte del contenido de la p\u00e1gina, efectuado de cualquier forma o por cualquier medio, electr\u00f3nico, mec\u00e1nico u otro, est\u00e1n estrictamente prohibidos. La infracci\u00f3n de estos derechos puede dar lugar a la iniciaci\u00f3n de procedimientos judiciales, civiles o penales. No se podr\u00e1 establecer ning\u00fan v\u00ednculo a esta p\u00e1gina web sin el previo y expreso consentimiento del CENTRO.<\/p>\n<h2>Responsabilidad del Centro<\/h2>\n<p>El CENTRO no ser\u00e1 responsable de los posibles da\u00f1os o perjuicios que se pudieran derivar de interferencias omisiones, interrupciones, virus inform\u00e1ticos, aver\u00edas telef\u00f3nicas o desconexiones en el funcionamiento operativo de este sistema electr\u00f3nico, motivadas por causas ajenas a la empresa, de retrasos o bloqueos en el uso del presente sistema electr\u00f3nico causados por deficiencias o sobrecargas de l\u00edneas telef\u00f3nicas, sobrecargas en el sistema de Internet o en otros sistemas electr\u00f3nicos. El CENTRO no garantiza la veracidad ni se responsabiliza de las consecuencias que pudieran derivarse de los errores en los contenidos proporcionados por terceros que pudieran aparecer en esta p\u00e1gina web.<\/p>\n<p>El CENTRO no asume responsabilidad alguna por la informaci\u00f3n contenida en p\u00e1ginas web de terceros a las que se pueda acceder por \u00ablinks\u00bb o enlaces desde cualquier p\u00e1gina web propiedad del CENTRO. La presencia de \u00ablinks\u00bb o enlaces en las p\u00e1ginas web del CENTRO tiene finalidad meramente informativa y en ning\u00fan caso supone sugerencia, invitaci\u00f3n o recomendaci\u00f3n sobre los mismos. Por ello, tanto el presente Aviso como la Pol\u00edtica de Privacidad solo son de aplicaci\u00f3n a la p\u00e1gina web del CENTRO y no se garantiza en los accesos a trav\u00e9s de enlaces con este sitio, ni a los enlaces desde este sitio con otras webs.<\/p>\n<h2>Legislaci\u00f3n aplicable<\/h2>\n<p>El presente Aviso Legal se rige en todos y cada uno de sus extremos por la legislaci\u00f3n Espa\u00f1ola.<\/p>\n","protected":false},"excerpt":{"rendered":"<p>Salesianosatocha.es es un dominio en Internet titularidad de COLEGIO SALESIANOS ATOCHA, en adelante el CENTRO. Legislaci\u00f3n Con car\u00e1cter general las relaciones entre el CENTRO con los Usuarios de los servicios presentes en este sitio web se encuentran sometidas a la legislaci\u00f3n y jurisdicci\u00f3n espa\u00f1olas. Uso y acceso de usuarios El Usuario queda informado y acepta [&hellip;]<\/p>\n","protected":false},"author":125,"featured_media":0,"parent":0,"menu_order":0,"comment_status":"closed","ping_status":"closed","template":"","meta":{"_acf_changed":false,"ngg_post_thumbnail":0,"footnotes":""},"acf":[],"_links":{"self":[{"href":"https:\/\/salesianosatocha.es\/fp\/wp-json\/wp\/v2\/pages\/513"}],"collection":[{"href":"https:\/\/salesianosatocha.es\/fp\/wp-json\/wp\/v2\/pages"}],"about":[{"href":"https:\/\/salesianosatocha.es\/fp\/wp-json\/wp\/v2\/types\/page"}],"author":[{"embeddable":true,"href":"https:\/\/salesianosatocha.es\/fp\/wp-json\/wp\/v2\/users\/125"}],"replies":[{"embeddable":true,"href":"https:\/\/salesianosatocha.es\/fp\/wp-json\/wp\/v2\/comments?post=513"}],"version-history":[{"count":0,"href":"https:\/\/salesianosatocha.es\/fp\/wp-json\/wp\/v2\/pages\/513\/revisions"}],"wp:attachment":[{"href":"https:\/\/salesianosatocha.es\/fp\/wp-json\/wp\/v2\/media?parent=513"}],"curies":[{"name":"wp","href":"https:\/\/api.w.org\/{rel}","templated":true}]}}