{"id":149,"date":"2025-02-06T11:16:13","date_gmt":"2025-02-06T10:16:13","guid":{"rendered":"http:\/\/192.168.0.177:8080\/?page_id=149"},"modified":"2025-02-06T11:16:13","modified_gmt":"2025-02-06T10:16:13","slug":"politica-de-privacidad","status":"publish","type":"page","link":"https:\/\/salesianosatocha.es\/fp\/politica-de-privacidad\/","title":{"rendered":"Pol\u00edtica de Privacidad"},"content":{"rendered":"<h2>\u00bfQui\u00e9n es el Responsable del tratamiento de sus datos?<\/h2>\n<p>Raz\u00f3n social: COLEGIO SALESIANOS ATOCHA<\/p>\n<p>CIF: R2800681E<\/p>\n<p>Direcci\u00f3n: Ronda de Atocha, 27-28012 Madrid<\/p>\n<p>Tel\u00e9fono: 9150621000<\/p>\n<p>Email: info@salesianosatocha.com<\/p>\n<h2>\u00bfCon qu\u00e9 finalidad tratamos sus datos personales?<\/h2>\n<p>En COLEGIO SALESIANOS ATOCHA tratamos la siguiente informaci\u00f3n y con las siguientes finalidades: Gesti\u00f3n y atenci\u00f3n a cada una de las solicitudes recibidas a trav\u00e9s de los diferentes formularios de contacto.<\/p>\n<h2>\u00bfPor cu\u00e1nto tiempo conservaremos sus datos?<\/h2>\n<p>Una vez gestionada la solicitud ser\u00e1n destruidos.<\/p>\n<h2>\u00bfCu\u00e1l es la legitimaci\u00f3n para el tratamiento de sus datos?<\/h2>\n<p>Consentimiento del interesado al cumplimentar y enviar el formulario.<\/p>\n<h2>\u00bfA qu\u00e9 destinatarios se comunicar\u00e1n sus datos?<\/h2>\n<p>No se comunicar\u00e1n datos, salvo obligaci\u00f3n legal.<\/p>\n<h2>\u00bfCu\u00e1les son sus derechos cuando nos facilita sus datos?<\/h2>\n<p>Cualquier persona tiene derecho a obtener confirmaci\u00f3n sobre si en COLEGIO SALESIANOS ATOCHA estamos tratando datos personales que les conciernan o no.<\/p>\n<p>Las personas interesadas tienen derecho a si acceder a sus datos personales, as\u00ed como a solicitar la rectificaci\u00f3n de los datos inexactos o, en su caso, solicitar su supresi\u00f3n cuando, entre otros motivos, los datos ya no sean necesarios para los fines que fueron recogidos.<\/p>\n<p>En determinadas circunstancias, los interesados podr\u00e1n solicitar la limitaci\u00f3n del tratamiento de sus datos, en cuyo caso \u00fanicamente los conservaremos para el ejercicio o la defensa de reclamaciones.<\/p>\n<p>En determinadas circunstancias y por motivos relacionados con su situaci\u00f3n particular, los interesados podr\u00e1n oponerse al tratamiento de sus datos.<\/p>\n<p>COLEGIO SALESIANOS ATOCHA dejar\u00e1 de tratar los datos, salvo por motivos leg\u00edtimos imperiosos o el ejercicio o la defensa de posibles reclamaciones.<\/p>\n<p>El interesado tiene derecho a presentar una reclamaci\u00f3n ante la Autoridad de control (agpd.es) si considera que el tratamiento no se ajusta a la normativa vigente.<\/p>\n<p>Datos de contacto para ejercer sus derechos: COLEGIO SALESIANOS ATOCHA, Ronda de Atocha, 27-28012 Madrid o a trav\u00e9s de correo electr\u00f3nico a info@salesianosatocha.com, junto con prueba v\u00e1lida en derecho, como fotocopia del D.N.I. e indicando en el asunto \u00abPROTECCI\u00d3N DE DATOS\u00bb.<\/p>\n<h2>\u00bfC\u00f3mo hemos obtenido sus datos?<\/h2>\n<p>Los datos personales que tratamos en COLEGIO SALESIANOS ATOCHA han sido facilitados por el propio interesado.<\/p>\n<p>El interesado que env\u00eda la informaci\u00f3n a la COLEGIO SALESIANOS ATOCHA garantiza y responde, en cualquier caso, de la exactitud, vigencia y autenticidad de los datos personales facilitados y se comprometen a mantenerlos debidamente actualizados, exoner\u00e1ndose la EMPRESA de cualquier responsabilidad al respecto. El usuario acepta proporcionar informaci\u00f3n completa y correcta en los formularios de registro.<\/p>\n<p>Asimismo, la COLEGIO SALESIANOS ATOCHA no responde de la veracidad de las informaciones que no sean de elaboraci\u00f3n propia y de las que se indique otra fuente, por lo que tampoco asume responsabilidad alguna en cuanto a hipot\u00e9ticos perjuicios que pudieran originarse por el uso de dicha informaci\u00f3n.<\/p>\n<h2>Uso com\u00fan con redes sociales<\/h2>\n<p>Si el afectado opta por acceder a los Servicios a trav\u00e9s de su cuenta en las redes sociales (es decir, Facebook o Twitter) o hace clic en uno de los botones de conexi\u00f3n o v\u00ednculos de las redes sociales (por ejemplo, el bot\u00f3n \u00abMe gusta\u00bb de Facebook) que est\u00e1n disponibles en los Servicios, su contenido y su informaci\u00f3n personal ser\u00e1n compartidos con las correspondientes redes sociales.<\/p>\n<p>El afectado es consciente de, y acepta, que el uso de su informaci\u00f3n personal, incluida la informaci\u00f3n que comparta con las redes sociales a trav\u00e9s de los Servicios, por parte de las redes sociales, se rige por sus respectivas pol\u00edticas de privacidad. Si no desea que las redes sociales recopilen su informaci\u00f3n, examine la pol\u00edtica de privacidad de la correspondiente red social y\/o descon\u00e9ctese de la misma antes de utilizar nuestros Servicios.<\/p>\n<h2>Menores<\/h2>\n<p>Los menores de 14 a\u00f1os no podr\u00e1n registrarse, salvo con la autorizaci\u00f3n de sus padres y\/o tutores legales.<\/p>\n<h2>Cambios en la Pol\u00edtica de Privacidad<\/h2>\n<p>La COLEGIO SALESIANOS ATOCHA se reserva el derecho a modificar la presente pol\u00edtica para adaptarla a novedades legislativas o jurisprudenciales. En dichos supuestos la COLEGIO SALESIANOS ATOCHA anunciar\u00e1 en esta p\u00e1gina los cambios introducidos con razonable antelaci\u00f3n a su puesta en pr\u00e1ctica.<\/p>\n","protected":false},"excerpt":{"rendered":"<p>\u00bfQui\u00e9n es el Responsable del tratamiento de sus datos? Raz\u00f3n social: COLEGIO SALESIANOS ATOCHA CIF: R2800681E Direcci\u00f3n: Ronda de Atocha, 27-28012 Madrid Tel\u00e9fono: 9150621000 Email: info@salesianosatocha.com \u00bfCon qu\u00e9 finalidad tratamos sus datos personales? En COLEGIO SALESIANOS ATOCHA tratamos la siguiente informaci\u00f3n y con las siguientes finalidades: Gesti\u00f3n y atenci\u00f3n a cada una de las solicitudes [&hellip;]<\/p>\n","protected":false},"author":125,"featured_media":0,"parent":0,"menu_order":0,"comment_status":"closed","ping_status":"closed","template":"","meta":{"_acf_changed":false,"ngg_post_thumbnail":0,"footnotes":""},"acf":[],"_links":{"self":[{"href":"https:\/\/salesianosatocha.es\/fp\/wp-json\/wp\/v2\/pages\/149"}],"collection":[{"href":"https:\/\/salesianosatocha.es\/fp\/wp-json\/wp\/v2\/pages"}],"about":[{"href":"https:\/\/salesianosatocha.es\/fp\/wp-json\/wp\/v2\/types\/page"}],"author":[{"embeddable":true,"href":"https:\/\/salesianosatocha.es\/fp\/wp-json\/wp\/v2\/users\/125"}],"replies":[{"embeddable":true,"href":"https:\/\/salesianosatocha.es\/fp\/wp-json\/wp\/v2\/comments?post=149"}],"version-history":[{"count":0,"href":"https:\/\/salesianosatocha.es\/fp\/wp-json\/wp\/v2\/pages\/149\/revisions"}],"wp:attachment":[{"href":"https:\/\/salesianosatocha.es\/fp\/wp-json\/wp\/v2\/media?parent=149"}],"curies":[{"name":"wp","href":"https:\/\/api.w.org\/{rel}","templated":true}]}}