{"id":226,"date":"2012-02-08T23:48:50","date_gmt":"2012-02-08T23:48:50","guid":{"rendered":"http:\/\/salesianosatocha.es\/empresa\/?page_id=226"},"modified":"2012-03-09T20:45:04","modified_gmt":"2012-03-09T20:45:04","slug":"biblioteca","status":"publish","type":"page","link":"https:\/\/salesianosatocha.es\/empresa\/biblioteca\/","title":{"rendered":"Biblioteca"},"content":{"rendered":"<h2 style=\"text-align: left;\"><strong>NORMAS DE USO DE LA BIBLIOTECA ESCOLAR<br \/>\n<\/strong><\/h2>\n<p>&nbsp;<\/p>\n<ul>\n<li>Los servicios de la Biblioteca Escolar se orientar\u00e1n a satisfacer las necesidades de los usuarios.<\/li>\n<li>La Biblioteca Escolar permite el estudio individual, la consulta, el trabajo en grupos peque\u00f1os e incluso del grupo de clase. En este \u00faltimo caso habr\u00e1 que solicitar su uso al encargado de la biblioteca.<\/li>\n<li>En la biblioteca se procurar\u00e1 estar en silencio o utilizando un tono de voz bajo, para no molestar al resto de usuarios.<\/li>\n<li>Tratar de mantener el orden adecuado hasta que se os pueda atender.<\/li>\n<li>Utilizar de forma adecuada las instalaciones y diferentes materiales.<\/li>\n<li>Permanecer sentados, en el momento de lectura, de forma correcta.<\/li>\n<li>No olvidar pasar por el punto de registro, cuando se vaya a coger o dejar un ejemplar.<\/li>\n<li>Cuando se coja un libro, para leer en la biblioteca, se dejar\u00e1 en el lugar correspondiente (al encargado de la biblioteca).<\/li>\n<li>Pedir informaci\u00f3n, a las personas encargadas, de lo que necesit\u00e9is.<\/li>\n<li>Uso de los libros y revistas: no arranqu\u00e9is hojas, no escribir en ellos ( ni a l\u00e1piz), no doblar las hojas, ni abrir en exceso.<\/li>\n<li>En la Biblioteca no se puede comer, ni beber.<\/li>\n<li>Las sillas y mesas deben quedar ordenadas y recogidas al abandonar la biblioteca.<\/li>\n<li>El incumplimiento de las normas autoriza al encargado a la expulsi\u00f3n y la exclusi\u00f3n del uso de la biblioteca.<\/li>\n<\/ul>\n<p>&nbsp;<\/p>\n<p><img loading=\"lazy\" decoding=\"async\" class=\"aligncenter\" src=\"http:\/\/farm4.static.flickr.com\/3544\/3647382996_be8aae6878.jpg\" alt=\"ni\u00f1o leyendo\" width=\"425\" height=\"283\" border=\"0\" \/><\/p>\n<p lang=\"es-ES\" align=\"CENTER\"><a href=\"http:\/\/www.flickr.com\/photos\/23478852@N00\/3647382996\/\">Origen de la imagen<\/a><\/p>\n<p lang=\"es-ES\" align=\"CENTER\"><strong><br \/>\n<\/strong><\/p>\n<p lang=\"es-ES\" align=\"CENTER\"><strong><br \/>\n<\/strong><\/p>\n<p lang=\"es-ES\" align=\"CENTER\"><strong><br \/>\n<\/strong><\/p>\n<h2 style=\"text-align: left;\" lang=\"es-ES\" align=\"CENTER\"><strong>PR\u00c9STAMO DE LIBROS<\/strong><\/h2>\n<ul>\n<li>El servicio de pr\u00e9stamo de libros comprender\u00e1 el periodo comprendido entre el 1 de octubre y el 15 de mayo.<\/li>\n<li>Todo alumno y personal del centro tiene derecho a este servicio.<\/li>\n<li>Tanto alumnos como profesores tendr\u00e1n que identificarse a la hora de realizar el pr\u00e9stamo (mostrando carnet del colegio y en su defecto indicando datos del alumno y clase a la que pertenece).<\/li>\n<li>Se podr\u00e1n sacar dos ejemplares por usuario.<\/li>\n<li>El libro debe ser devuelto en perfecto estado.<\/li>\n<li>El periodo de pr\u00e9stamo ser\u00e1 de 15 d\u00edas naturales.<\/li>\n<li>Ante la demora en la devoluci\u00f3n se proceder\u00e1 a unos avisos verbales por parte de los bibliotecarios: Si insistir\u00e1n en el retraso se proceder\u00e1 a informar a los respectivos directores pedag\u00f3gicos.<\/li>\n<\/ul>\n<p lang=\"es-ES\" align=\"CENTER\"><img loading=\"lazy\" decoding=\"async\" src=\"http:\/\/farm3.static.flickr.com\/2369\/3537327425_d0c519ed1e.jpg\" alt=\"Leer es divertido\" width=\"425\" height=\"284\" border=\"0\" \/><\/p>\n<p lang=\"es-ES\" align=\"CENTER\"><a href=\"http:\/\/www.flickr.com\/photos\/24742305@N00\/3537327425\/\">Origen de la imagen<\/a><\/p>\n<h2 style=\"text-align: left;\" lang=\"es-ES\" align=\"CENTER\"><strong>NORMAS DE USO DE ORDENADORES<\/strong><\/h2>\n<p style=\"text-align: center;\"><strong><div class='et-box et-shadow'>\n\t\t\t\t\t<div class='et-box-content'>El servicio de uso de ordenador en la biblioteca del colegio es gratuito. Es un servicio destinado a la realizaci\u00f3n de trabajos por parte de los alumnos<\/div><\/div><br \/>\n<\/strong><\/p>\n<p>&nbsp;<\/p>\n<ul>\n<li>El alumno se compromete a usar correctamente los equipos inform\u00e1ticos.<\/li>\n<li>No est\u00e1 permitido cambiar la configuraci\u00f3n de los equipos, ni instalar o grabar software o cambiar iconos, pantallas, etc.<\/li>\n<li>Cuando termine la sesi\u00f3n se deben cerrar todas las ventanas que hayan sido abiertas durante la conexi\u00f3n. Apagar el ordenador y la pantalla.<\/li>\n<li>Ante cualquier bloqueo o duda hay que avisar al encargado de la biblioteca. Nunca apagues el ordenador.<\/li>\n<li>Incumplimiento de las normas<\/li>\n<li>La utilizaci\u00f3n de este servicio de uso de ordenadores supone la aceptaci\u00f3n de estas normas y su incumplimiento dar\u00e1 lugar a la p\u00e9rdida de uso del mismo.<\/li>\n<\/ul>\n","protected":false},"excerpt":{"rendered":"<p>NORMAS DE USO DE LA BIBLIOTECA ESCOLAR &nbsp; Los servicios de la Biblioteca Escolar se orientar\u00e1n a satisfacer las necesidades de los usuarios. La Biblioteca Escolar permite el estudio individual, la consulta, el trabajo en grupos peque\u00f1os e incluso del grupo de clase. En este \u00faltimo caso habr\u00e1 que solicitar su uso al encargado de [&hellip;]<\/p>\n","protected":false},"author":17,"featured_media":0,"parent":0,"menu_order":0,"comment_status":"open","ping_status":"open","template":"page-full.php","meta":{"_et_pb_use_builder":"","_et_pb_old_content":"","_et_gb_content_width":"","ngg_post_thumbnail":0,"footnotes":""},"_links":{"self":[{"href":"https:\/\/salesianosatocha.es\/empresa\/wp-json\/wp\/v2\/pages\/226"}],"collection":[{"href":"https:\/\/salesianosatocha.es\/empresa\/wp-json\/wp\/v2\/pages"}],"about":[{"href":"https:\/\/salesianosatocha.es\/empresa\/wp-json\/wp\/v2\/types\/page"}],"author":[{"embeddable":true,"href":"https:\/\/salesianosatocha.es\/empresa\/wp-json\/wp\/v2\/users\/17"}],"replies":[{"embeddable":true,"href":"https:\/\/salesianosatocha.es\/empresa\/wp-json\/wp\/v2\/comments?post=226"}],"version-history":[{"count":2,"href":"https:\/\/salesianosatocha.es\/empresa\/wp-json\/wp\/v2\/pages\/226\/revisions"}],"predecessor-version":[{"id":311,"href":"https:\/\/salesianosatocha.es\/empresa\/wp-json\/wp\/v2\/pages\/226\/revisions\/311"}],"wp:attachment":[{"href":"https:\/\/salesianosatocha.es\/empresa\/wp-json\/wp\/v2\/media?parent=226"}],"curies":[{"name":"wp","href":"https:\/\/api.w.org\/{rel}","templated":true}]}}