{"id":206,"date":"2012-02-08T23:33:15","date_gmt":"2012-02-08T23:33:15","guid":{"rendered":"http:\/\/salesianosatocha.es\/empresa\/?page_id=206"},"modified":"2012-10-05T12:29:31","modified_gmt":"2012-10-05T12:29:31","slug":"acreditaciones","status":"publish","type":"page","link":"https:\/\/salesianosatocha.es\/empresa\/programacion-general\/acreditaciones\/","title":{"rendered":"Acreditaciones"},"content":{"rendered":"<p style=\"text-align: left;\">El Colegio Salesianos de Atocha est\u00e1 Certificado por AENOR en su proceso de gesti\u00f3n de la CALIDAD seg\u00fan la norma UNE-EN ISO 9000:2008. Sistemas de gesti\u00f3n de la calidad.<\/p>\n<p align=\"center\"><a href=\"http:\/\/salesianosatocha.es\/empresa\/wp-content\/blogs.dir\/23\/2012\/02\/aenor.png\"><img loading=\"lazy\" decoding=\"async\" title=\"aenor\" src=\"http:\/\/salesianosatocha.es\/empresa\/wp-content\/blogs.dir\/23\/2012\/02\/aenor.png\" alt=\"\" width=\"76\" height=\"142\" \/><\/a><a href=\"http:\/\/salesianosatocha.es\/empresa\/wp-content\/blogs.dir\/23\/2012\/02\/iqnet.png\"><img loading=\"lazy\" decoding=\"async\" class=\"size-full wp-image-108 alignnone\" title=\"iqnet\" src=\"http:\/\/salesianosatocha.es\/empresa\/wp-content\/blogs.dir\/23\/2012\/02\/iqnet.png\" alt=\"\" width=\"141\" height=\"142\" \/><\/a><\/p>\n<table id=\"tabla\" style=\"border-color: lightgray; border-collapse: collapse; border-style: solid; border-width: 1px;\" border=\"1\" cellspacing=\"0\" cellpadding=\"5\" align=\"center\">\n<thead>\n<tr>\n<th>Documento<\/th>\n<th>Fecha de Publicaci\u00f3n<\/th>\n<th style=\"text-align: center;\"><\/th>\n<\/tr>\n<\/thead>\n<tbody>\n<tr>\n<td style=\"font-weight: bold;\">Pol\u00edtica de Calidad<\/td>\n<td style=\"text-align: center; font-weight: bold; color: #666666;\">1\/10\/2012<\/td>\n<td style=\"text-align: center;\"><a href='http:\/\/salesianosatocha.es\/empresa\/download\/calidad\/POLITICA%20CALIDAD%202012_2013_AZUL.pdf' class='icon-button paper-icon' target=\"_blank\">Ver PDF<span class='et-icon'><\/span><\/a><\/td>\n<\/tr>\n<tr class=\"alt\">\n<td style=\"font-weight: bold;\">Manual de Calidad<\/td>\n<td style=\"text-align: center; font-weight: bold; color: #666666;\">1\/10\/2012<\/td>\n<td style=\"text-align: center;\"><a href='http:\/\/salesianosatocha.es\/empresa\/download\/calidad\/Manual%20de%20Calidad%20-r7.pdf' class='icon-button paper-icon' target=\"_blank\">Ver PDF<span class='et-icon'><\/span><\/a><\/td>\n<\/tr>\n<tr>\n<td style=\"font-weight: bold;\">Indicadores Estrat\u00e9gicos (Valores)<\/td>\n<td style=\"text-align: center; font-weight: bold; color: #666666;\">1\/10\/2012<\/td>\n<td style=\"text-align: center;\"><a href='http:\/\/salesianosatocha.es\/empresa\/download\/calidad\/PROCESOS%20ESTRATEGICOS_2012WEB(2).pdf' class='icon-button paper-icon' target=\"_blank\">Ver PDF<span class='et-icon'><\/span><\/a><\/td>\n<\/tr>\n<tr class=\"alt\">\n<td style=\"font-weight: bold;\">Indicadores Clave (Valores)<\/td>\n<td style=\"text-align: center; font-weight: bold; color: #666666;\">1\/10\/2012<\/td>\n<td style=\"text-align: center;\"><a href='http:\/\/salesianosatocha.es\/empresa\/download\/calidad\/PROCESOS%20CLAVES_2012%20WEB.pdf' class='icon-button paper-icon' target=\"_blank\">Ver PDF<span class='et-icon'><\/span><\/a><\/td>\n<\/tr>\n<tr>\n<td style=\"font-weight: bold;\">Indicadores Soporte (Valores)<\/td>\n<td style=\"text-align: center; font-weight: bold; color: #666666;\">1\/10\/2012<\/td>\n<td style=\"text-align: center;\"><a href='http:\/\/salesianosatocha.es\/empresa\/download\/calidad\/PROCESOS%20SOPORTE_2012WEB.pdf' class='icon-button paper-icon' target=\"_blank\">Ver PDF<span class='et-icon'><\/span><\/a><\/td>\n<\/tr>\n<\/tbody>\n<\/table>\n<p style=\"text-align: center;\"><div class='et-box et-shadow'>\n\t\t\t\t\t<div class='et-box-content'><strong><span style=\"color: #000000;\"> Nuestro agradecimiento a todos los que con su esfuerzo y dedicaci\u00f3n han conseguido esta Certificaci\u00f3n.<\/span><\/strong><\/div><\/div><\/p>\n","protected":false},"excerpt":{"rendered":"<p>El Colegio Salesianos de Atocha est\u00e1 Certificado por AENOR en su proceso de gesti\u00f3n de la CALIDAD seg\u00fan la norma UNE-EN ISO 9000:2008. Sistemas de gesti\u00f3n de la calidad. Documento Fecha de Publicaci\u00f3n Pol\u00edtica de Calidad 1\/10\/2012 Manual de Calidad 1\/10\/2012 Indicadores Estrat\u00e9gicos (Valores) 1\/10\/2012 Indicadores Clave (Valores) 1\/10\/2012 Indicadores Soporte (Valores) 1\/10\/2012<\/p>\n","protected":false},"author":17,"featured_media":0,"parent":72,"menu_order":0,"comment_status":"open","ping_status":"open","template":"page-full.php","meta":{"_et_pb_use_builder":"","_et_pb_old_content":"","_et_gb_content_width":"","ngg_post_thumbnail":0,"footnotes":""},"_links":{"self":[{"href":"https:\/\/salesianosatocha.es\/empresa\/wp-json\/wp\/v2\/pages\/206"}],"collection":[{"href":"https:\/\/salesianosatocha.es\/empresa\/wp-json\/wp\/v2\/pages"}],"about":[{"href":"https:\/\/salesianosatocha.es\/empresa\/wp-json\/wp\/v2\/types\/page"}],"author":[{"embeddable":true,"href":"https:\/\/salesianosatocha.es\/empresa\/wp-json\/wp\/v2\/users\/17"}],"replies":[{"embeddable":true,"href":"https:\/\/salesianosatocha.es\/empresa\/wp-json\/wp\/v2\/comments?post=206"}],"version-history":[{"count":2,"href":"https:\/\/salesianosatocha.es\/empresa\/wp-json\/wp\/v2\/pages\/206\/revisions"}],"predecessor-version":[{"id":209,"href":"https:\/\/salesianosatocha.es\/empresa\/wp-json\/wp\/v2\/pages\/206\/revisions\/209"}],"up":[{"embeddable":true,"href":"https:\/\/salesianosatocha.es\/empresa\/wp-json\/wp\/v2\/pages\/72"}],"wp:attachment":[{"href":"https:\/\/salesianosatocha.es\/empresa\/wp-json\/wp\/v2\/media?parent=206"}],"curies":[{"name":"wp","href":"https:\/\/api.w.org\/{rel}","templated":true}]}}