{"id":150,"date":"2012-02-07T10:31:13","date_gmt":"2012-02-07T10:31:13","guid":{"rendered":"http:\/\/salesianosatocha.es\/empresa\/?page_id=150"},"modified":"2012-02-07T10:31:13","modified_gmt":"2012-02-07T10:31:13","slug":"empresas-colaboradoras-en-integracion-social","status":"publish","type":"page","link":"https:\/\/salesianosatocha.es\/empresa\/empresas-colaboradoras\/empresas-colaboradoras-en-integracion-social\/","title":{"rendered":"Empresas Colaboradoras en Integraci\u00f3n Social"},"content":{"rendered":"<table border=\"1\" cellspacing=\"0\" cellpadding=\"5\">\n<tbody>\n<tr>\n<td>CICLO FORMATIVO<\/td>\n<td>NOMBRE DE LA EMPRESAS<\/td>\n<\/tr>\n<tr>\n<td>GS: Integraci\u00f3n Social<\/td>\n<td>7 ESTRELLAS EDUCACI\u00d3N Y OCIO<br \/>\nASISPA<br \/>\nASOCIACI\u00d3N CEPRI<br \/>\nASOCIACI\u00d3N CIUDAD JOVEN<br \/>\nASOCIACI\u00d3N DE PADRES-TUTORES DEFICIENTES MENTALES ARANJUEZ<br \/>\nASOCIACI\u00d3N DE PROMOCI\u00d3N SOCIO-CULTURAL PUNTO OMEGA<br \/>\nASOCIACI\u00d3N GRUPO LABOR<br \/>\nASOCIACI\u00d3N JUVENIL CITYCENTRO<br \/>\nASOCIACI\u00d3N PAN BENDITO<br \/>\nASPIMIP CENTRO OCUPACIONAL NELSON MANDELA<br \/>\nCANDELITA<br \/>\nCENTRO JUVENIL SALESIANO DON BOSCO<br \/>\nCENTRO SAN JUAN DE DIOS<br \/>\nCOLEGIO EDUCACI\u00d3N ESPECIAL SAN JUAN DE DIOS<br \/>\nCOLEGIO VIRGEN DE LA ALMUDENA<br \/>\nCOORDINADORA ESPA\u00d1OLA PARA EL LOBBY EUROPEO DE MUJERES<br \/>\nCRUZ ROJA<br \/>\nEOEP ARANJUEZ<br \/>\nFEDERACI\u00d3N DE CENTROS JUVENILES VALDOCO<br \/>\nFEDERACI\u00d3N DE PLATAFORMAS SOCIALES PINARDI<br \/>\nFUNDACI\u00d3N ANDE<br \/>\nFUNDACI\u00d3N APASCOVI<br \/>\nFUNDACI\u00d3N BALIA \u00abPor la Infancia\u00bb<br \/>\nFUNDACI\u00d3N RAM\u00d3N REY AZDID UTE &#8211; ASISPA<br \/>\nFUNDACI\u00d3N SECRETARIADO GITANO<br \/>\nFUNDACI\u00d3N VIDA Y ESPERANZA<br \/>\nHERMANAS HOSPITALARIAS CENTRO MENNI<br \/>\nHERMANAS HOSPITALARIAS. LINEA DE REHABILITACI\u00d3N PSICOSOCIAL<br \/>\nLAS VICTORIAS AFANIAS<br \/>\nPROYECTO HOMBRE<br \/>\nRESIDENCIA HOGAR \u00abVILLA PAZ\u00bb<\/td>\n<\/tr>\n<\/tbody>\n<\/table>\n<p>&nbsp;<\/p>\n","protected":false},"excerpt":{"rendered":"<p>CICLO FORMATIVO NOMBRE DE LA EMPRESAS GS: Integraci\u00f3n Social 7 ESTRELLAS EDUCACI\u00d3N Y OCIO ASISPA ASOCIACI\u00d3N CEPRI ASOCIACI\u00d3N CIUDAD JOVEN ASOCIACI\u00d3N DE PADRES-TUTORES DEFICIENTES MENTALES ARANJUEZ ASOCIACI\u00d3N DE PROMOCI\u00d3N SOCIO-CULTURAL PUNTO OMEGA ASOCIACI\u00d3N GRUPO LABOR ASOCIACI\u00d3N JUVENIL CITYCENTRO ASOCIACI\u00d3N PAN BENDITO ASPIMIP CENTRO OCUPACIONAL NELSON MANDELA CANDELITA CENTRO JUVENIL SALESIANO DON BOSCO CENTRO SAN JUAN [&hellip;]<\/p>\n","protected":false},"author":17,"featured_media":0,"parent":132,"menu_order":0,"comment_status":"open","ping_status":"open","template":"page-full.php","meta":{"_et_pb_use_builder":"","_et_pb_old_content":"","_et_gb_content_width":"","ngg_post_thumbnail":0,"footnotes":""},"_links":{"self":[{"href":"https:\/\/salesianosatocha.es\/empresa\/wp-json\/wp\/v2\/pages\/150"}],"collection":[{"href":"https:\/\/salesianosatocha.es\/empresa\/wp-json\/wp\/v2\/pages"}],"about":[{"href":"https:\/\/salesianosatocha.es\/empresa\/wp-json\/wp\/v2\/types\/page"}],"author":[{"embeddable":true,"href":"https:\/\/salesianosatocha.es\/empresa\/wp-json\/wp\/v2\/users\/17"}],"replies":[{"embeddable":true,"href":"https:\/\/salesianosatocha.es\/empresa\/wp-json\/wp\/v2\/comments?post=150"}],"version-history":[{"count":1,"href":"https:\/\/salesianosatocha.es\/empresa\/wp-json\/wp\/v2\/pages\/150\/revisions"}],"predecessor-version":[{"id":151,"href":"https:\/\/salesianosatocha.es\/empresa\/wp-json\/wp\/v2\/pages\/150\/revisions\/151"}],"up":[{"embeddable":true,"href":"https:\/\/salesianosatocha.es\/empresa\/wp-json\/wp\/v2\/pages\/132"}],"wp:attachment":[{"href":"https:\/\/salesianosatocha.es\/empresa\/wp-json\/wp\/v2\/media?parent=150"}],"curies":[{"name":"wp","href":"https:\/\/api.w.org\/{rel}","templated":true}]}}