{"id":147,"date":"2012-02-07T10:30:15","date_gmt":"2012-02-07T10:30:15","guid":{"rendered":"http:\/\/salesianosatocha.es\/empresa\/?page_id=147"},"modified":"2012-02-07T10:30:15","modified_gmt":"2012-02-07T10:30:15","slug":"empresas-colaboradoras-en-informatica","status":"publish","type":"page","link":"https:\/\/salesianosatocha.es\/empresa\/empresas-colaboradoras\/empresas-colaboradoras-en-informatica\/","title":{"rendered":"Empresas Colaboradoras en Inform\u00e1tica"},"content":{"rendered":"<table border=\"1\" cellspacing=\"0\" cellpadding=\"5\">\n<tbody>\n<tr>\n<td>CICLO FORMATIVO<\/td>\n<td>NOMBRE DE LA EMPRESAS<\/td>\n<\/tr>\n<tr>\n<td>GS: Administraci\u00f3n<br \/>\nde sistemas Inform\u00e1ticos<\/td>\n<td>ACTION DESARROLLOS SECTORIALES, S.L.<br \/>\nAMIGANEW, S.L.<br \/>\nATOS ORIGIN<br \/>\nBLATTA SOFT, S.L.<br \/>\nBODET, S.A.<br \/>\nCARDGIRUS, S.L.<br \/>\nCENTRO DE TECNOLOG\u00cdAS F\u00cdSICAS \u00abLEONARDO TORRES QUEVEDO\u00bb<br \/>\nCEP IB\u00c9RICA, &#8211; CPV CONTROL T\u00c9CINICO Y PREVENCI\u00d3N DE RIESGOS, S.A.<br \/>\nCOMUNIDAD SALESIANA SAN FRANCISCO DE SALES<br \/>\nCORE NETWORKS, S.L.<br \/>\nCORITEL<br \/>\nDATAPERFECT, S.L.<br \/>\nDESMOL,S.L.<br \/>\nDIARIO ABC, S.L.<br \/>\nDIGITAL DATA, S.L.<br \/>\nEDICIONES ZETA, S.A.<br \/>\nEMPRESA DE TRANSFORMACI\u00d3N AGRARIA, S.A.<br \/>\nFABRICA NACIONAL DE MONEDA Y TIMBRE<br \/>\nFAIN ASCENSORES, S.A.<br \/>\nG+J ESPA\u00d1A EDICIONES S.L. S.en C.<br \/>\nGARMACO, S.L.<br \/>\nGESTEVISI\u00d3N TELECINCO, S.A.<br \/>\nGRUPO AFER EMPRESARIAL, S.L.<br \/>\nHOSPITAL INFANTIL UNIVERSITARIO NI\u00d1O JES\u00daS<br \/>\nIMPORTACIONES CID, S.L.<br \/>\nINDRA SISTEMAS, S.A.<br \/>\nINDUYCO, S.A.<br \/>\nINFOGLOBAL<br \/>\nINFOUTSOURCING<br \/>\nINGENIER\u00cdA INFORM\u00c1TICA NETCOMPUTER<br \/>\nINSITEL INGENIEROS, S.L.<br \/>\nINTELYGENZ, DESARROLLOS INFORMATICOS, S.L.<br \/>\nINTERNET PROTOCOL SOLUCIONES, S.A.<br \/>\nJF ABOGADOS<br \/>\nMISTRAL EQUIPOS Y SERVICIOS TECNICOS, S.A.<br \/>\nMULTIGESTI\u00d3N IBERIA, S.A.<br \/>\nNE T2S IB\u00c9RICA, NETWORK SERVICE SOLUTIONS, SLU<br \/>\nOGILVYINTERACTIVE<br \/>\nOMNITEL COMUNICACIONES, S.L.<br \/>\nOPTICHROME COMPUTER SYSTEMS ESPA\u00d1A, S.A.<br \/>\nPALMAN INFORMATIZAR, S.L.<br \/>\nPARQUES REUNIDOS, S.A.<br \/>\nPC BOX<br \/>\nPEUGEOT-CITR\u00d6EN AUTOMOVILES ESPA\u00d1A, S.A. (Centro de Madrid)<br \/>\nPLASSER ESPA\u00d1OLA, S.A.<br \/>\nPREMIUM TECHNOLOGY S.L.<br \/>\nPROINTEC<br \/>\nPUNTO ESAM, S.L.<br \/>\nPUNTO GESTI\u00d3N Y ADMINISTRACI\u00d3N, S.L.<br \/>\nQUAVITAE, S.A.<br \/>\nROBERT BOSCH ESPA\u00d1A FABRICA ALCALA DE HENARES, S.A.<br \/>\nRURAL GRUPO ASEGURADOR, AIE<br \/>\nSEREM FORMACI\u00d3N, S.L.<br \/>\nSOGECABLE<br \/>\nSOUTHERN STAR, A.C., S.L.<br \/>\nTELECOMPUTER SISTEMAS, S.L.<br \/>\nTETRA PAK HISPANIA, S.A.<br \/>\nTREBOL INFORM\u00c1TICA, S.L.<\/td>\n<\/tr>\n<\/tbody>\n<\/table>\n<p>&nbsp;<\/p>\n","protected":false},"excerpt":{"rendered":"<p>CICLO FORMATIVO NOMBRE DE LA EMPRESAS GS: Administraci\u00f3n de sistemas Inform\u00e1ticos ACTION DESARROLLOS SECTORIALES, S.L. AMIGANEW, S.L. ATOS ORIGIN BLATTA SOFT, S.L. BODET, S.A. CARDGIRUS, S.L. CENTRO DE TECNOLOG\u00cdAS F\u00cdSICAS \u00abLEONARDO TORRES QUEVEDO\u00bb CEP IB\u00c9RICA, &#8211; CPV CONTROL T\u00c9CINICO Y PREVENCI\u00d3N DE RIESGOS, S.A. COMUNIDAD SALESIANA SAN FRANCISCO DE SALES CORE NETWORKS, S.L. CORITEL DATAPERFECT, [&hellip;]<\/p>\n","protected":false},"author":17,"featured_media":0,"parent":132,"menu_order":0,"comment_status":"open","ping_status":"open","template":"page-full.php","meta":{"_et_pb_use_builder":"","_et_pb_old_content":"","_et_gb_content_width":"","ngg_post_thumbnail":0,"footnotes":""},"_links":{"self":[{"href":"https:\/\/salesianosatocha.es\/empresa\/wp-json\/wp\/v2\/pages\/147"}],"collection":[{"href":"https:\/\/salesianosatocha.es\/empresa\/wp-json\/wp\/v2\/pages"}],"about":[{"href":"https:\/\/salesianosatocha.es\/empresa\/wp-json\/wp\/v2\/types\/page"}],"author":[{"embeddable":true,"href":"https:\/\/salesianosatocha.es\/empresa\/wp-json\/wp\/v2\/users\/17"}],"replies":[{"embeddable":true,"href":"https:\/\/salesianosatocha.es\/empresa\/wp-json\/wp\/v2\/comments?post=147"}],"version-history":[{"count":1,"href":"https:\/\/salesianosatocha.es\/empresa\/wp-json\/wp\/v2\/pages\/147\/revisions"}],"predecessor-version":[{"id":148,"href":"https:\/\/salesianosatocha.es\/empresa\/wp-json\/wp\/v2\/pages\/147\/revisions\/148"}],"up":[{"embeddable":true,"href":"https:\/\/salesianosatocha.es\/empresa\/wp-json\/wp\/v2\/pages\/132"}],"wp:attachment":[{"href":"https:\/\/salesianosatocha.es\/empresa\/wp-json\/wp\/v2\/media?parent=147"}],"curies":[{"name":"wp","href":"https:\/\/api.w.org\/{rel}","templated":true}]}}