{"id":142,"date":"2012-02-07T10:28:48","date_gmt":"2012-02-07T10:28:48","guid":{"rendered":"http:\/\/salesianosatocha.es\/empresa\/?page_id=142"},"modified":"2012-02-07T10:29:13","modified_gmt":"2012-02-07T10:29:13","slug":"empresas-colaboradoras-en-fabricacion-mecanica","status":"publish","type":"page","link":"https:\/\/salesianosatocha.es\/empresa\/empresas-colaboradoras\/empresas-colaboradoras-en-fabricacion-mecanica\/","title":{"rendered":"Empresas Colaboradoras en Fabricaci\u00f3n Mec\u00e1nica"},"content":{"rendered":"<table border=\"1\" cellspacing=\"0\" cellpadding=\"5\">\n<tbody>\n<tr>\n<td>CICLO FORMATIVO<\/td>\n<td>NOMBRE DE LA EMPRESAS<\/td>\n<\/tr>\n<tr>\n<td>GM: Mecanizado<br \/>\nGS: Fabricaci\u00f3n Mec\u00e1nica<\/td>\n<td>AERON\u00c1UTICA Y AUTOMOCI\u00d3N, S.A.<br \/>\nALUBEST ENVASES Y EMBALAJES, S.A.<br \/>\nALVHER TECHNIC, S.A.<br \/>\nAPOYO LOG\u00cdSTICO INDUSTRIAL, S.L.<br \/>\nAPRIM, S.L.<br \/>\nARIES INDUSTRIAL Y NAVAL SERVICIOS, S.A.<br \/>\nARTICARDAN<br \/>\nBLAS FRANCISCO Y CESAR ALBARR\u00c1N, C.B.<br \/>\nCADTECH INGENIEROS, S.L.<br \/>\nCAMESA<br \/>\nCENTRO DE DISE\u00d1O Y PROGRAMACI\u00d3N, S.A.<br \/>\nCENTRO DE TECNOLOG\u00cdAS F\u00cdSICAS \u00abLEONARDO TORRES QUEVEDO\u00bb<br \/>\nEADS CASA ESPACIO, S.L.<br \/>\nEMPRESARIOS AGRUPADOS, A.I.E.<br \/>\nERAL, EQUIPOS Y PROCESOS, S.A.<br \/>\nFABRICA NACIONAL DE MONEDA Y TIMBRE<br \/>\nFAYMM FABRICACIONES Y MONTAJES, S.L.<br \/>\nFERNANDO NIETO<br \/>\nFLOWERSERVE SPAIN, S.A.<br \/>\nGRUPO AFER EMPRESARIAL, S.L.<br \/>\nGRUPO HEPRESAN, S.L.<br \/>\nGS-HYDRO, S.A.<br \/>\nHPS SERVICE TOOLS, S.L.<br \/>\nIB\u00c9RICA DE REMOLQUES, S.A.<br \/>\nINDUSTRIAS CABEZAS<br \/>\nINSTITUTO NACIONAL DE T\u00c9CNICA AEROESPACIAL \u00abESTEBAN TERRADAS\u00bb<br \/>\nIVECO PEGASO, S.L.<br \/>\nJAL, INDUSTRIA AUXILIAR DE MECANIZACI\u00d3N, S.A.<br \/>\nJOHN DEERE IBERICA, S.A.<br \/>\nMADRID SYSTEM, S.L.<br \/>\nMATRICER\u00cdA FUENTES GIMENO, C.B.<br \/>\nMEC\u00c1NICA DE PRECISI\u00d3N TEJEDOR, S.A.<br \/>\nMECANIZADOS ALBARR\u00c1N, S.L.<br \/>\nMECANIZADOS CUR, S.L.<br \/>\nMECANIZADOS SERENA, S.L.<br \/>\nMORENO VALERO COMPRESORES, S.L.<br \/>\nMOSTOLES INDUSTRIAL, S.A.<br \/>\nNISSAN MOTOR IBERICA<br \/>\nPALCO ENVASES DE ALUMNIO, S.A.<br \/>\nPATENTES TALGO, S.A.<br \/>\nPEUGEOT-CITR\u00d6EN AUTOMOVILES ESPA\u00d1A, S.A. (Centro de Madrid)<br \/>\nPREFIMETAL<br \/>\nRAMEM, S.A.<br \/>\nROBERT BOSCH ESPA\u00d1A FABRICA ALCALA DE HENARES, S.A.<br \/>\nROBERT BOSCH ESPA\u00d1A FABRICA MADRID, S.A.<br \/>\nROSNI, S.L.<br \/>\nSAILE RESCAL, S.L.<br \/>\nSIDER\u00daRGICA REQUENA, S.A.<br \/>\nTAFIME, S.A.<br \/>\nTALLERES GAYPE, S.L.<br \/>\nTALLERES LOBASA<br \/>\nTALLERES RECO, S.L.<br \/>\nTECMAN REPARACI\u00d3N Y MANTENIMIENTO, S.L.<br \/>\nTECNATOM, S.A.<br \/>\nTECNICUADRO<br \/>\nTECNOL\u00d3GICA SENIAL\u00c9TICA, S.L.<br \/>\nTETRA PAK ENVASES, S.A.<br \/>\nTETRA PAK HISPANIA, S.A.<br \/>\nTRAMASA, S.L.<br \/>\nUNIVERSIDAD REY JUAN CARLOS<br \/>\nUTILLAJES HERMANOS \u00c1LVAREZ, S.L.<br \/>\nVALDEPINTO, S.L.<\/td>\n<\/tr>\n<\/tbody>\n<\/table>\n<p>&nbsp;<\/p>\n","protected":false},"excerpt":{"rendered":"<p>CICLO FORMATIVO NOMBRE DE LA EMPRESAS GM: Mecanizado GS: Fabricaci\u00f3n Mec\u00e1nica AERON\u00c1UTICA Y AUTOMOCI\u00d3N, S.A. ALUBEST ENVASES Y EMBALAJES, S.A. ALVHER TECHNIC, S.A. APOYO LOG\u00cdSTICO INDUSTRIAL, S.L. APRIM, S.L. ARIES INDUSTRIAL Y NAVAL SERVICIOS, S.A. ARTICARDAN BLAS FRANCISCO Y CESAR ALBARR\u00c1N, C.B. CADTECH INGENIEROS, S.L. CAMESA CENTRO DE DISE\u00d1O Y PROGRAMACI\u00d3N, S.A. CENTRO DE TECNOLOG\u00cdAS [&hellip;]<\/p>\n","protected":false},"author":17,"featured_media":0,"parent":132,"menu_order":0,"comment_status":"open","ping_status":"open","template":"page-full.php","meta":{"_et_pb_use_builder":"","_et_pb_old_content":"","_et_gb_content_width":"","ngg_post_thumbnail":0,"footnotes":""},"_links":{"self":[{"href":"https:\/\/salesianosatocha.es\/empresa\/wp-json\/wp\/v2\/pages\/142"}],"collection":[{"href":"https:\/\/salesianosatocha.es\/empresa\/wp-json\/wp\/v2\/pages"}],"about":[{"href":"https:\/\/salesianosatocha.es\/empresa\/wp-json\/wp\/v2\/types\/page"}],"author":[{"embeddable":true,"href":"https:\/\/salesianosatocha.es\/empresa\/wp-json\/wp\/v2\/users\/17"}],"replies":[{"embeddable":true,"href":"https:\/\/salesianosatocha.es\/empresa\/wp-json\/wp\/v2\/comments?post=142"}],"version-history":[{"count":2,"href":"https:\/\/salesianosatocha.es\/empresa\/wp-json\/wp\/v2\/pages\/142\/revisions"}],"predecessor-version":[{"id":144,"href":"https:\/\/salesianosatocha.es\/empresa\/wp-json\/wp\/v2\/pages\/142\/revisions\/144"}],"up":[{"embeddable":true,"href":"https:\/\/salesianosatocha.es\/empresa\/wp-json\/wp\/v2\/pages\/132"}],"wp:attachment":[{"href":"https:\/\/salesianosatocha.es\/empresa\/wp-json\/wp\/v2\/media?parent=142"}],"curies":[{"name":"wp","href":"https:\/\/api.w.org\/{rel}","templated":true}]}}