{"id":135,"date":"2012-02-07T10:26:12","date_gmt":"2012-02-07T10:26:12","guid":{"rendered":"http:\/\/salesianosatocha.es\/empresa\/?page_id=135"},"modified":"2012-02-07T10:26:12","modified_gmt":"2012-02-07T10:26:12","slug":"empresas-colaboradoras-en-artes-graficas","status":"publish","type":"page","link":"https:\/\/salesianosatocha.es\/empresa\/empresas-colaboradoras\/empresas-colaboradoras-en-artes-graficas\/","title":{"rendered":"Empresas Colaboradoras en Artes Gr\u00e1ficas"},"content":{"rendered":"<table border=\"1\" cellspacing=\"0\" cellpadding=\"5\">\n<tbody>\n<tr>\n<td>CICLO FORMATIVO<\/td>\n<td>NOMBRE DE LA EMPRESAS<\/td>\n<\/tr>\n<tr>\n<td>GM: Impresi\u00f3n en Artes Gr\u00e1ficas<br \/>\nGM: Preimpresi\u00f3n en Artes Gr\u00e1ficas<\/p>\n<p>GS: Dise\u00f1o y producci\u00f3n Editorial<\/td>\n<td>AGUALARGA EDITORES<br \/>\nALDEASA<br \/>\nARGAPRINT, S.L.<br \/>\nARTEGRAF<br \/>\nARTES GR\u00c1FICAS LUIS P\u00c9REZ, S.A.<br \/>\nARTES GR\u00c1FICAS PALERMO, S.L.<br \/>\nARTES GR\u00c1FICAS RODRIGO, S.L.<br \/>\nAVENIDA GR\u00c1FICA, S.A.<br \/>\nAXEL SPRINGER ESPA\u00d1A, S.A.<br \/>\nB.O.E.<br \/>\nCARTONAJES LECA<br \/>\nCOLORAMA PREIMPRESI\u00d3N DIGITAL, S.A.<br \/>\nCOMUNICART PUBLICIDAD, S.L.<br \/>\nCOMUNIDAD SALESIANA SAN FRANCISCO DE SALES<br \/>\nCOMUNILAND<br \/>\nCROW COMUNICACI\u00d3N, S.A.<br \/>\nDEGRADE, S.L.<br \/>\nDIAGONAL 80, S.L.<br \/>\nDIARIO ABC, S.L.<br \/>\nDIARIO AS, S.L.<br \/>\nDIARIO EL PAIS, S.A.<br \/>\nDIGITO PRINT S.L.<br \/>\nEDICIONES ZETA, S.A.<br \/>\nEDITORIAL CCS<br \/>\nEDITORIAL ECOPRENSA, S.A.<br \/>\nEDITORIAL TR\u00c1FICO VIAL, S.A.<br \/>\nEDITORIAL TRIACASTELA, S.L.<br \/>\nESPACIO Y PUNTO,S.A.<br \/>\nESTUDIOS GR\u00c1FICOS EUROPEOS, S.A.<br \/>\nFCM PREIMPRESI\u00d3N, S.L.<br \/>\nFILMAR FOTOMEC\u00c1NICA, S.L<br \/>\nFIRST TECHNOLOGIES, S.L.<br \/>\nFOTOMECANICA INFOSAG<br \/>\nFRANJOGRAF, S.L.<br \/>\nFUNDACI\u00d3N SANTA MAR\u00cdA &#8211; EDICIONES SM<br \/>\nG+J ESPA\u00d1A EDICIONES S.L. S.en C.<br \/>\nGAEZ, S.A.<br \/>\nGR\u00c1FICAS ARIES<br \/>\nGRUPO ANAYA, S.A.<br \/>\nGRUPO EDITORIAL LUIS VIVES<br \/>\nGRUPO ESCUELA DE CABALLERO<br \/>\nGRUPO TOMPLA SOBRE-EXPRES, S.L.U.<br \/>\nIBERSAT INDUSTRIAL, S.L.<br \/>\nIMPRENTA PARLA, S.L.<br \/>\nJLN.ES<br \/>\nLUCAM, S.A.<br \/>\nMAESE CREATIVE, S.L.<br \/>\nMAESE IMAGEN, S.L.<br \/>\nMANUEL BALLESTEROS INDUSTRIAS GR\u00c1FICAS, S.L.<br \/>\nMANUFACTURAS GR\u00c1FICAS PLAZA<br \/>\nMAPFRE INTERNET, S.A.<br \/>\nMARFIL DIGITAL, S.L.L.<br \/>\nMEGACHROM<br \/>\nMONGRAF, S.L.<br \/>\nMULTIPRENSA Y M\u00c1S, S.L.<br \/>\nNEOBARNIZ, S.L.<br \/>\nN-TRANCE DISE\u00d1O Y PUBLICIDAD, S.L.<br \/>\nP.M.&amp;S. RECURSOS, A.I.E.<br \/>\nPANORAMA, S.A.<br \/>\nPEGA, C.B.<br \/>\nQUEIMADA G.E.M., S.L.<br \/>\nR Y C T\u00c9CNICAS GR\u00c1FICAS, S.L.<br \/>\nREPROGRAFIA NUEVA POLIT\u00c9CNICA, S.L.<br \/>\nROCER, S.A.<br \/>\nSAFEKAT,S.L.<br \/>\nSEDAN,S.A.<br \/>\nSERICUM, S.A.<br \/>\nSTRUCTURA GR\u00c1FICA<br \/>\nTETRA PAK ENVASES, S.A.<br \/>\nTETRA PAK HISPANIA, S.A.<br \/>\nVISION NETWARE<br \/>\nSERVICE POINT FACILITIES MANAGEMENT IB\u00c9RICA, S.A.<br \/>\nTORREANGULO ARTE GR\u00c1FICO, S.A.<br \/>\nUNIDAD EDITORIAL, S.A.<br \/>\nVERSATIL COMUNICACI\u00d3N Y DISE\u00d1O, C.B.<br \/>\nCENTRO TECNOL\u00d3GICO CIT-AGM<br \/>\nMEGAFILM, S.A.<\/td>\n<\/tr>\n<\/tbody>\n<\/table>\n<p>&nbsp;<\/p>\n","protected":false},"excerpt":{"rendered":"<p>CICLO FORMATIVO NOMBRE DE LA EMPRESAS GM: Impresi\u00f3n en Artes Gr\u00e1ficas GM: Preimpresi\u00f3n en Artes Gr\u00e1ficas GS: Dise\u00f1o y producci\u00f3n Editorial AGUALARGA EDITORES ALDEASA ARGAPRINT, S.L. ARTEGRAF ARTES GR\u00c1FICAS LUIS P\u00c9REZ, S.A. ARTES GR\u00c1FICAS PALERMO, S.L. ARTES GR\u00c1FICAS RODRIGO, S.L. AVENIDA GR\u00c1FICA, S.A. AXEL SPRINGER ESPA\u00d1A, S.A. B.O.E. CARTONAJES LECA COLORAMA PREIMPRESI\u00d3N DIGITAL, S.A. COMUNICART [&hellip;]<\/p>\n","protected":false},"author":17,"featured_media":0,"parent":132,"menu_order":0,"comment_status":"open","ping_status":"open","template":"page-full.php","meta":{"_et_pb_use_builder":"","_et_pb_old_content":"","_et_gb_content_width":"","ngg_post_thumbnail":0,"footnotes":""},"_links":{"self":[{"href":"https:\/\/salesianosatocha.es\/empresa\/wp-json\/wp\/v2\/pages\/135"}],"collection":[{"href":"https:\/\/salesianosatocha.es\/empresa\/wp-json\/wp\/v2\/pages"}],"about":[{"href":"https:\/\/salesianosatocha.es\/empresa\/wp-json\/wp\/v2\/types\/page"}],"author":[{"embeddable":true,"href":"https:\/\/salesianosatocha.es\/empresa\/wp-json\/wp\/v2\/users\/17"}],"replies":[{"embeddable":true,"href":"https:\/\/salesianosatocha.es\/empresa\/wp-json\/wp\/v2\/comments?post=135"}],"version-history":[{"count":1,"href":"https:\/\/salesianosatocha.es\/empresa\/wp-json\/wp\/v2\/pages\/135\/revisions"}],"predecessor-version":[{"id":136,"href":"https:\/\/salesianosatocha.es\/empresa\/wp-json\/wp\/v2\/pages\/135\/revisions\/136"}],"up":[{"embeddable":true,"href":"https:\/\/salesianosatocha.es\/empresa\/wp-json\/wp\/v2\/pages\/132"}],"wp:attachment":[{"href":"https:\/\/salesianosatocha.es\/empresa\/wp-json\/wp\/v2\/media?parent=135"}],"curies":[{"name":"wp","href":"https:\/\/api.w.org\/{rel}","templated":true}]}}