{"id":132,"date":"2012-02-07T10:24:49","date_gmt":"2012-02-07T10:24:49","guid":{"rendered":"http:\/\/salesianosatocha.es\/empresa\/?page_id=132"},"modified":"2012-02-07T10:34:11","modified_gmt":"2012-02-07T10:34:11","slug":"empresas-colaboradoras","status":"publish","type":"page","link":"https:\/\/salesianosatocha.es\/empresa\/empresas-colaboradoras\/","title":{"rendered":"Empresas Colaboradoras"},"content":{"rendered":"<h2>Empresas Colaboradoras en las F.C.T.<\/h2>\n<table width=\"100%\" border=\"0\" cellspacing=\"0\" cellpadding=\"0\">\n<tbody>\n<tr>\n<td align=\"right\">1<\/td>\n<td><a title=\"Empresas Colaboradoras en Artes Gr\u00e1ficas\" href=\"http:\/\/salesianosatocha.es\/empresa\/empresas-colaboradoras\/empresas-colaboradoras-en-artes-graficas\/\" target=\"_blank\">Empresas Colaboradoras en Artes Gr\u00e1ficas<\/a><\/td>\n<\/tr>\n<tr>\n<td align=\"right\">2<\/td>\n<td><a title=\"Empresas Colaboradoras en Electricidad y Electr\u00f3nica\" href=\"http:\/\/salesianosatocha.es\/empresa\/empresas-colaboradoras\/empresas-colaboradoras-en-electricidad-y-electronica\/\" target=\"_blank\"> Empresas Colaboradoras en Electricidad y Electr\u00f3nica<\/a><\/td>\n<\/tr>\n<tr>\n<td align=\"right\">3<\/td>\n<td><a title=\"Empresas Colaboradoras en Fabricaci\u00f3n Mec\u00e1nica\" href=\"http:\/\/salesianosatocha.es\/empresa\/empresas-colaboradoras\/empresas-colaboradoras-en-fabricacion-mecanica\/\" target=\"_blank\"> Empresas Colaboradoras en Fabricaci\u00f3n Mec\u00e1nica<\/a><\/td>\n<\/tr>\n<tr>\n<td align=\"right\">4<\/td>\n<td><a title=\"Empresas Colaboradoras en Inform\u00e1tica\" href=\"http:\/\/salesianosatocha.es\/empresa\/empresas-colaboradoras\/empresas-colaboradoras-en-informatica\/\" target=\"_blank\"> Empresas Colaboradoras en Inform\u00e1tica<\/a><\/td>\n<\/tr>\n<tr>\n<td align=\"right\">5<\/td>\n<td><a title=\"Empresas Colaboradoras en Integraci\u00f3n Social\" href=\"http:\/\/salesianosatocha.es\/empresa\/empresas-colaboradoras\/empresas-colaboradoras-en-integracion-social\/\" target=\"_blank\"> Empresas Colaboradoras en Integraci\u00f3n Social<\/a><\/td>\n<\/tr>\n<tr>\n<td align=\"right\">6<\/td>\n<td><a title=\"Empresas Colaboradoras en Mantenimiento\" href=\"http:\/\/salesianosatocha.es\/empresa\/empresas-colaboradoras\/empresas-colaboradoras-en-mantenimiento\/\" target=\"_blank\"> Empresas Colaboradoras en Mantenimiento<\/a><\/td>\n<\/tr>\n<tr>\n<td align=\"right\">7<\/td>\n<td><a title=\"Empresas Colaboradoras en Construcci\u00f3n\" href=\"http:\/\/salesianosatocha.es\/empresa\/empresas-colaboradoras\/empresas-colaboradoras-en-construccion\/\" target=\"_blank\"> Empresas Colaboradoras en Construcci\u00f3n<\/a><\/td>\n<\/tr>\n<tr>\n<td align=\"right\">8<\/td>\n<td><a title=\"Empresas Colaboradoras para Audiovisuales y Espect\u00e1culos\" href=\"http:\/\/salesianosatocha.es\/empresa\/empresas-colaboradoras\/empresas-colaboradoras-para-audiovisuales-y-espectaculos\/\" target=\"_blank\"> Empresas Colaboradoras para Audiovisuales y Espect\u00e1culos<\/a><\/td>\n<\/tr>\n<\/tbody>\n<\/table>\n","protected":false},"excerpt":{"rendered":"<p>Empresas Colaboradoras en las F.C.T. 1 Empresas Colaboradoras en Artes Gr\u00e1ficas 2 Empresas Colaboradoras en Electricidad y Electr\u00f3nica 3 Empresas Colaboradoras en Fabricaci\u00f3n Mec\u00e1nica 4 Empresas Colaboradoras en Inform\u00e1tica 5 Empresas Colaboradoras en Integraci\u00f3n Social 6 Empresas Colaboradoras en Mantenimiento 7 Empresas Colaboradoras en Construcci\u00f3n 8 Empresas Colaboradoras para Audiovisuales y Espect\u00e1culos<\/p>\n","protected":false},"author":17,"featured_media":0,"parent":0,"menu_order":0,"comment_status":"open","ping_status":"open","template":"","meta":{"_et_pb_use_builder":"","_et_pb_old_content":"","_et_gb_content_width":"","ngg_post_thumbnail":0,"footnotes":""},"_links":{"self":[{"href":"https:\/\/salesianosatocha.es\/empresa\/wp-json\/wp\/v2\/pages\/132"}],"collection":[{"href":"https:\/\/salesianosatocha.es\/empresa\/wp-json\/wp\/v2\/pages"}],"about":[{"href":"https:\/\/salesianosatocha.es\/empresa\/wp-json\/wp\/v2\/types\/page"}],"author":[{"embeddable":true,"href":"https:\/\/salesianosatocha.es\/empresa\/wp-json\/wp\/v2\/users\/17"}],"replies":[{"embeddable":true,"href":"https:\/\/salesianosatocha.es\/empresa\/wp-json\/wp\/v2\/comments?post=132"}],"version-history":[{"count":11,"href":"https:\/\/salesianosatocha.es\/empresa\/wp-json\/wp\/v2\/pages\/132\/revisions"}],"predecessor-version":[{"id":140,"href":"https:\/\/salesianosatocha.es\/empresa\/wp-json\/wp\/v2\/pages\/132\/revisions\/140"}],"wp:attachment":[{"href":"https:\/\/salesianosatocha.es\/empresa\/wp-json\/wp\/v2\/media?parent=132"}],"curies":[{"name":"wp","href":"https:\/\/api.w.org\/{rel}","templated":true}]}}