{"id":129,"date":"2012-02-07T10:23:37","date_gmt":"2012-02-07T10:23:37","guid":{"rendered":"http:\/\/salesianosatocha.es\/empresa\/?page_id=129"},"modified":"2012-04-22T10:13:43","modified_gmt":"2012-04-22T10:13:43","slug":"formacion-ocupacional","status":"publish","type":"page","link":"https:\/\/salesianosatocha.es\/empresa\/formacion-ocupacional\/","title":{"rendered":"Formaci\u00f3n Ocupacional"},"content":{"rendered":"<p style=\"text-align: justify;\">En Escuela-Empresas se imparte formaci\u00f3n ocupacional, es un centro colaborador de la Comunidad de Madrid, para la \u201cformaci\u00f3n e inserci\u00f3n profesional\u201d (Plan F.I.P.). Los cursos de formaci\u00f3n ocupacional son cursos especializados gratuitos, para personas desempleadas e inscritas en la oficina de empleo.<\/p>\n<p style=\"text-align: justify;\">Todos somos conscientes de lo importante de \u201cestar al d\u00eda\u201d en el actual mercado de trabajo, Escuela-Empresas ofrece un listado de especialidades t\u00e9cnicas, para proporcionar una mayor formaci\u00f3n o reciclaje en las distintas profesiones y as\u00ed ser m\u00e1s competitivo en la inserci\u00f3n en un puesto de trabajo.<\/p>\n<p style=\"text-align: justify;\">Escuela-Empresas tiene homologado con la C.A.M. un listado de especialidades que te ofrecemos a continuaci\u00f3n. Los cursos se imparten a lo largo del a\u00f1o,<\/p>\n<p style=\"text-align: justify;\">El Centro cuenta con una bolsa de trabajo para nuestros alumnos, con un porcentaje muy alto de inserci\u00f3n en el mundo laboral.<\/p>\n<p>&nbsp;<\/p>\n<h2>LISTADO\u00a0 CURSOS\u00a0 2011-2012<\/h2>\n<p>&nbsp;<\/p>\n<p>&nbsp;<\/p>\n<table id=\"tabla\" border=\"1\" frame=\"box\" cellspacing=\"0\" cellpadding=\"5\" align=\"&quot;center\">\n<tbody>\n<tr align=\"center\">\n<th colspan=\"2\" valign=\"top\" width=\"152\"><strong>C\u00d3DIGO <\/strong><\/th>\n<th colspan=\"2\" valign=\"top\" width=\"153\"><strong>N\u00ba CURSO <\/strong><\/th>\n<th valign=\"top\" width=\"153\"><strong>NOMBRE DE CURSO <\/strong><\/th>\n<th valign=\"top\" width=\"153\"><strong>HORAS <\/strong><\/th>\n<th valign=\"top\" width=\"153\"><strong>Dpto. <\/strong><\/th>\n<\/tr>\n<\/tbody>\n<tbody>\n<tr>\n<td colspan=\"2\" valign=\"top\" width=\"152\">1<\/td>\n<td colspan=\"2\" valign=\"top\" width=\"153\">ADGF10<\/td>\n<td valign=\"top\" width=\"153\"><strong><strong>EMPLEADO ADMINISTRATIVO DE ENTIDADES FINANCIERAS<\/strong><\/strong><\/td>\n<td valign=\"top\" width=\"153\">335<\/td>\n<td valign=\"top\" width=\"153\"><\/td>\n<\/tr>\n<tr class=\"alt\">\n<td colspan=\"2\" valign=\"top\" width=\"152\">2<\/td>\n<td colspan=\"2\" valign=\"top\" width=\"153\">ADGZ86<\/td>\n<td valign=\"top\" width=\"153\"><strong>TECNICO EN CONTROL DE CALIDAD (NORMAS ISO) <\/strong><\/td>\n<td valign=\"top\" width=\"153\">280<\/td>\n<td valign=\"top\" width=\"153\">MEC<\/td>\n<\/tr>\n<tr>\n<td colspan=\"2\" valign=\"top\" width=\"152\">3<\/td>\n<td colspan=\"2\" valign=\"top\" width=\"153\">ARGD01<\/td>\n<td valign=\"top\" width=\"153\"><strong>PROGRAMAS DE RETOQUE DIGITAL Y ESCANEADO DE IMAGENES <\/strong><\/td>\n<td valign=\"top\" width=\"153\">135<\/td>\n<td valign=\"top\" width=\"153\">GRAF<\/td>\n<\/tr>\n<trclass=\"alt\">\n<td colspan=\"2\" valign=\"top\" width=\"152\">4<\/td>\n<td colspan=\"2\" valign=\"top\" width=\"153\">ARGD02<\/td>\n<td valign=\"top\" width=\"153\"><strong>DISE\u00d1O Y MODIFICACION DE PLANOS EN 2D Y 3D <\/strong><\/td>\n<td valign=\"top\" width=\"153\">125<\/td>\n<td valign=\"top\" width=\"153\">DEL<\/td>\n<\/tr>\n<tr>\n<td colspan=\"2\" valign=\"top\" width=\"152\">5<\/td>\n<td colspan=\"2\" valign=\"top\" width=\"153\">ARGD03<\/td>\n<td valign=\"top\" width=\"153\"><strong>DISE\u00d1O MECANICO DE MODELADO PARAMETRICO DE PIEZAS <\/strong><\/td>\n<td valign=\"top\" width=\"153\">135<\/td>\n<td valign=\"top\" width=\"153\">MEC<\/td>\n<\/tr>\n<tr class=\"alt\">\n<td colspan=\"2\" valign=\"top\" width=\"152\">6<\/td>\n<td colspan=\"2\" valign=\"top\" width=\"153\">ARGD10<\/td>\n<td valign=\"top\" width=\"153\"><strong>TECNICO AUXILIAR EN DISE\u00d1O GRAFICO <\/strong><\/td>\n<td valign=\"top\" width=\"153\">490<\/td>\n<td valign=\"top\" width=\"153\">GRAF<\/td>\n<\/tr>\n<tr>\n<td colspan=\"2\" valign=\"top\" width=\"152\">7<\/td>\n<td colspan=\"2\" valign=\"top\" width=\"153\">ARGE10<\/td>\n<td valign=\"top\" width=\"153\"><strong>TECNICO DE PRODUCCION EDITORIAL <\/strong><\/td>\n<td valign=\"top\" width=\"153\">300<\/td>\n<td valign=\"top\" width=\"153\">GRAF<\/td>\n<\/tr>\n<tr class=\"alt\">\n<td colspan=\"2\" valign=\"top\" width=\"152\">8<\/td>\n<td colspan=\"2\" valign=\"top\" width=\"153\">ARGI30<\/td>\n<td valign=\"top\" width=\"153\"><strong>IMPRESOR DE OFFSET EN HOJA <\/strong><\/td>\n<td valign=\"top\" width=\"153\">330<\/td>\n<td valign=\"top\" width=\"153\">GRAF<\/td>\n<\/tr>\n<tr>\n<td colspan=\"2\" valign=\"top\" width=\"152\">9<\/td>\n<td colspan=\"2\" valign=\"top\" width=\"153\">ARGI50<\/td>\n<td valign=\"top\" width=\"153\"><strong>IMPRESOR DE SERIGRAFIA <\/strong><\/td>\n<td valign=\"top\" width=\"153\">300<\/td>\n<td valign=\"top\" width=\"153\">GRAF<\/td>\n<\/tr>\n<tr class=\"alt\">\n<td colspan=\"2\" valign=\"top\" width=\"152\">10<\/td>\n<td colspan=\"2\" valign=\"top\" width=\"153\">ARGP10<\/td>\n<td valign=\"top\" width=\"153\"><strong>PREIMPRESOR <\/strong><\/td>\n<td valign=\"top\" width=\"153\">200<\/td>\n<td valign=\"top\" width=\"153\">GRAF<\/td>\n<\/tr>\n<tr>\n<td colspan=\"2\" valign=\"top\" width=\"152\">11<\/td>\n<td colspan=\"2\" valign=\"top\" width=\"153\">ARGP20<\/td>\n<td valign=\"top\" width=\"153\"><strong>PREPARADOR DE TEXTOS <\/strong><\/td>\n<td valign=\"top\" width=\"153\">280<\/td>\n<td valign=\"top\" width=\"153\">GRAF<\/td>\n<\/tr>\n<tr class=\"alt\">\n<td colspan=\"2\" valign=\"top\" width=\"152\">12<\/td>\n<td colspan=\"2\" valign=\"top\" width=\"153\">ELEL01<\/td>\n<td valign=\"top\" width=\"153\"><strong>AUTOMATISMO CON CONTROL PROGRAMABLE <\/strong><\/td>\n<td valign=\"top\" width=\"153\">200<\/td>\n<td valign=\"top\" width=\"153\">ELEC<\/td>\n<\/tr>\n<tr>\n<td colspan=\"2\" valign=\"top\" width=\"152\">13<\/td>\n<td colspan=\"2\" valign=\"top\" width=\"153\">ELEL10<\/td>\n<td valign=\"top\" width=\"153\"><strong>ELECTRICISTA DE EDIFICIOS <\/strong><\/td>\n<td valign=\"top\" width=\"153\">410<\/td>\n<td valign=\"top\" width=\"153\">ELEC<\/td>\n<\/tr>\n<tr class=\"alt\">\n<td colspan=\"2\" valign=\"top\" width=\"152\">14<\/td>\n<td colspan=\"2\" valign=\"top\" width=\"153\">ELEL13<\/td>\n<td valign=\"top\" width=\"153\"><strong>INSTALACIONES DE ENERGIA RENOVABLES EN EDIFICIOS <\/strong><\/td>\n<td valign=\"top\" width=\"153\">170<\/td>\n<td valign=\"top\" width=\"153\">MEC<\/td>\n<\/tr>\n<tr>\n<td colspan=\"2\" valign=\"top\" width=\"152\">15<\/td>\n<td colspan=\"2\" valign=\"top\" width=\"153\">ELER10<\/td>\n<td valign=\"top\" width=\"153\"><strong>ELECTRICISTA DE MANTENIMIENTO <\/strong><\/td>\n<td valign=\"top\" width=\"153\">340<\/td>\n<td valign=\"top\" width=\"153\">ELEC<\/td>\n<\/tr>\n<tr class=\"alt\">\n<td colspan=\"2\" valign=\"top\" width=\"152\">16<\/td>\n<td colspan=\"2\" valign=\"top\" width=\"153\">ELET12<\/td>\n<td valign=\"top\" width=\"153\"><strong>MANTENIMIENTO DE SISTEMAS INFORMATICOS <\/strong><\/td>\n<td valign=\"top\" width=\"153\">310<\/td>\n<td valign=\"top\" width=\"153\">ELEC<\/td>\n<\/tr>\n<tr>\n<td colspan=\"2\" valign=\"top\" width=\"152\">17<\/td>\n<td colspan=\"2\" valign=\"top\" width=\"153\">ENAE30<\/td>\n<td valign=\"top\" width=\"153\"><strong>TECNICO DE SISTEMAS DE ENERGIAS RENOVABLES <\/strong><\/td>\n<td valign=\"top\" width=\"153\">200<\/td>\n<td valign=\"top\" width=\"153\">MEC<\/td>\n<\/tr>\n<tr class=\"alt\">\n<td colspan=\"2\" valign=\"top\" width=\"152\">18<\/td>\n<td colspan=\"2\" valign=\"top\" width=\"153\">EOCI10<\/td>\n<td valign=\"top\" width=\"153\"><strong>FONTANERO <\/strong><\/td>\n<td valign=\"top\" width=\"153\">470<\/td>\n<td valign=\"top\" width=\"153\">MEC<\/td>\n<\/tr>\n<tr>\n<td colspan=\"2\" valign=\"top\" width=\"152\">19<\/td>\n<td colspan=\"2\" valign=\"top\" width=\"153\">FMEL50<\/td>\n<td valign=\"top\" width=\"153\"><strong>SOLDADOR DE ESTRUCTURAS METALICAS LIGERAS <\/strong><\/td>\n<td valign=\"top\" width=\"153\">515<\/td>\n<td valign=\"top\" width=\"153\">MEC<\/td>\n<\/tr>\n<tr class=\"alt\">\n<td colspan=\"2\" valign=\"top\" width=\"152\">20<\/td>\n<td colspan=\"2\" valign=\"top\" width=\"153\">FMEM10<\/td>\n<td valign=\"top\" width=\"153\"><strong>MONTADOR-AJUSTADOR <\/strong><\/td>\n<td valign=\"top\" width=\"153\">350<\/td>\n<td valign=\"top\" width=\"153\">MEC<\/td>\n<\/tr>\n<tr>\n<td colspan=\"2\" valign=\"top\" width=\"152\">21<\/td>\n<td colspan=\"2\" valign=\"top\" width=\"153\">FMEM30<\/td>\n<td valign=\"top\" width=\"153\"><strong>MATRICERO MOLDISTA <\/strong><\/td>\n<td valign=\"top\" width=\"153\">520<\/td>\n<td valign=\"top\" width=\"153\">MEC<\/td>\n<\/tr>\n<tr class=\"alt\">\n<td colspan=\"2\" valign=\"top\" width=\"152\">22<\/td>\n<td colspan=\"2\" valign=\"top\" width=\"153\">FMEM60<\/td>\n<td valign=\"top\" width=\"153\"><strong>PREPARADOR PROGRAMADOR DE MAQUINAS HERRAMIENTAS CON CNC <\/strong><\/td>\n<td valign=\"top\" width=\"153\">785<\/td>\n<td valign=\"top\" width=\"153\">MEC<\/td>\n<\/tr>\n<tr>\n<td colspan=\"2\" valign=\"top\" width=\"152\">23<\/td>\n<td colspan=\"2\" valign=\"top\" width=\"153\">IFCI12<\/td>\n<td valign=\"top\" width=\"153\"><strong>PROGRAMADOR DE LENGUAJES ESTRUCTURADOS <\/strong><\/td>\n<td valign=\"top\" width=\"153\">170<\/td>\n<td valign=\"top\" width=\"153\">INF<\/td>\n<\/tr>\n<tr class=\"alt\">\n<td colspan=\"2\" valign=\"top\" width=\"152\">24<\/td>\n<td colspan=\"2\" valign=\"top\" width=\"153\">IFCI13<\/td>\n<td valign=\"top\" width=\"153\"><strong>PROGRAMADOR DE SISTEMAS <\/strong><\/td>\n<td valign=\"top\" width=\"153\">260<\/td>\n<td valign=\"top\" width=\"153\">INF<\/td>\n<\/tr>\n<tr>\n<td colspan=\"2\" valign=\"top\" width=\"152\">25<\/td>\n<td colspan=\"2\" valign=\"top\" width=\"153\">IFCI17<\/td>\n<td valign=\"top\" width=\"153\"><strong>TECNICO EN SOFTWARE OFIMATICO <\/strong><\/td>\n<td valign=\"top\" width=\"153\">230<\/td>\n<td valign=\"top\" width=\"153\">INF<\/td>\n<\/tr>\n<tr class=\"alt\">\n<td colspan=\"2\" valign=\"top\" width=\"152\">26<\/td>\n<td colspan=\"2\" valign=\"top\" width=\"153\">IFCI21<\/td>\n<td valign=\"top\" width=\"153\"><strong>TECNICO EN SEGURIDAD DE REDES Y SISTEMAS <\/strong><\/td>\n<td valign=\"top\" width=\"153\">260<\/td>\n<td valign=\"top\" width=\"153\">INF<\/td>\n<\/tr>\n<tr>\n<td colspan=\"2\" valign=\"top\" width=\"152\">27<\/td>\n<td colspan=\"2\" valign=\"top\" width=\"153\">IFCI23<\/td>\n<td valign=\"top\" width=\"153\"><strong>INFORMATICA DE USUARIO <\/strong><\/td>\n<td valign=\"top\" width=\"153\">135<\/td>\n<td valign=\"top\" width=\"153\">INF<\/td>\n<\/tr>\n<tr class=\"alt\">\n<td colspan=\"2\" valign=\"top\" width=\"152\">28<\/td>\n<td colspan=\"2\" valign=\"top\" width=\"153\">IFCI5004<\/td>\n<td valign=\"top\" width=\"153\"><strong>ADMINISTRADOR DE REDES <\/strong><\/td>\n<td valign=\"top\" width=\"153\">260<\/td>\n<td valign=\"top\" width=\"153\">INF<\/td>\n<\/tr>\n<tr>\n<td colspan=\"2\" valign=\"top\" width=\"152\">29<\/td>\n<td colspan=\"2\" valign=\"top\" width=\"153\">IFCX0304<\/td>\n<td valign=\"top\" width=\"153\"><strong>DISE\u00d1ADOR WEB Y MULTIMEDIA <\/strong><\/td>\n<td valign=\"top\" width=\"153\">230<\/td>\n<td valign=\"top\" width=\"153\">GRAF<\/td>\n<\/tr>\n<tr class=\"alt\">\n<td colspan=\"2\" valign=\"top\" width=\"152\">30<\/td>\n<td colspan=\"2\" valign=\"top\" width=\"153\">IMAM20<\/td>\n<td valign=\"top\" width=\"153\"><strong>INSTALADOR DE AUTOMATISMOS <\/strong><\/td>\n<td valign=\"top\" width=\"153\">450<\/td>\n<td valign=\"top\" width=\"153\">MEC<\/td>\n<\/tr>\n<tr>\n<td colspan=\"2\" valign=\"top\" width=\"152\">31<\/td>\n<td colspan=\"2\" valign=\"top\" width=\"153\">IMAN20<\/td>\n<td valign=\"top\" width=\"153\"><strong>ELECTROMECANICO DE MANTENIMIENTO <\/strong><\/td>\n<td valign=\"top\" width=\"153\">685<\/td>\n<td valign=\"top\" width=\"153\">MEC<\/td>\n<\/tr>\n<tr class=\"alt\">\n<td colspan=\"2\" valign=\"top\" width=\"152\">32<\/td>\n<td colspan=\"2\" valign=\"top\" width=\"153\">IMAT11<\/td>\n<td valign=\"top\" width=\"153\"><strong>POLIMANTENEDOR DE EDIFICIOS Y EQUIPAMIENTOS URBANOS <\/strong><\/td>\n<td valign=\"top\" width=\"153\">200<\/td>\n<td valign=\"top\" width=\"153\">MEC<\/td>\n<\/tr>\n<tr>\n<td colspan=\"2\" valign=\"top\" width=\"152\">33<\/td>\n<td colspan=\"2\" valign=\"top\" width=\"153\">IMSI30<\/td>\n<td valign=\"top\" width=\"153\"><strong>EDITOR-MONTADOR DE IMAGEN <\/strong><\/td>\n<td valign=\"top\" width=\"153\">330<\/td>\n<td valign=\"top\" width=\"153\">AUD<\/td>\n<\/tr>\n<tr class=\"alt\">\n<td colspan=\"2\" valign=\"top\" width=\"152\">34<\/td>\n<td colspan=\"2\" valign=\"top\" width=\"153\">IMSI50<\/td>\n<td valign=\"top\" width=\"153\"><strong>TECNICO EN AUDIOVISUALES <\/strong><\/td>\n<td valign=\"top\" width=\"153\">415<\/td>\n<td valign=\"top\" width=\"153\">AUD<\/td>\n<\/tr>\n<tr>\n<td colspan=\"2\" valign=\"top\" width=\"152\">35<\/td>\n<td colspan=\"2\" valign=\"top\" width=\"153\">IMSI80<\/td>\n<td valign=\"top\" width=\"153\"><strong>OPERADOR DE CAMARA <\/strong><\/td>\n<td valign=\"top\" width=\"153\">450<\/td>\n<td valign=\"top\" width=\"153\">AUD<\/td>\n<\/tr>\n<tr class=\"alt\">\n<td valign=\"top\" width=\"151\">36<\/td>\n<td colspan=\"2\" valign=\"top\" width=\"154\">SSCS20<\/td>\n<td colspan=\"2\" valign=\"top\" width=\"154\"><strong>MONITOR\/A DE EDUCACION AMBIENTAL <\/strong><\/td>\n<td valign=\"top\" width=\"153\">200<\/td>\n<td valign=\"top\" width=\"153\"><\/td>\n<\/tr>\n<\/tbody>\n<\/table>\n<p>&nbsp;<\/p>\n<p>&nbsp;<\/p>\n","protected":false},"excerpt":{"rendered":"<p>En Escuela-Empresas se imparte formaci\u00f3n ocupacional, es un centro colaborador de la Comunidad de Madrid, para la \u201cformaci\u00f3n e inserci\u00f3n profesional\u201d (Plan F.I.P.). Los cursos de formaci\u00f3n ocupacional son cursos especializados gratuitos, para personas desempleadas e inscritas en la oficina de empleo. Todos somos conscientes de lo importante de \u201cestar al d\u00eda\u201d en el actual [&hellip;]<\/p>\n","protected":false},"author":17,"featured_media":0,"parent":0,"menu_order":0,"comment_status":"open","ping_status":"open","template":"page-full.php","meta":{"_et_pb_use_builder":"","_et_pb_old_content":"","_et_gb_content_width":"","ngg_post_thumbnail":0,"footnotes":""},"_links":{"self":[{"href":"https:\/\/salesianosatocha.es\/empresa\/wp-json\/wp\/v2\/pages\/129"}],"collection":[{"href":"https:\/\/salesianosatocha.es\/empresa\/wp-json\/wp\/v2\/pages"}],"about":[{"href":"https:\/\/salesianosatocha.es\/empresa\/wp-json\/wp\/v2\/types\/page"}],"author":[{"embeddable":true,"href":"https:\/\/salesianosatocha.es\/empresa\/wp-json\/wp\/v2\/users\/17"}],"replies":[{"embeddable":true,"href":"https:\/\/salesianosatocha.es\/empresa\/wp-json\/wp\/v2\/comments?post=129"}],"version-history":[{"count":2,"href":"https:\/\/salesianosatocha.es\/empresa\/wp-json\/wp\/v2\/pages\/129\/revisions"}],"predecessor-version":[{"id":354,"href":"https:\/\/salesianosatocha.es\/empresa\/wp-json\/wp\/v2\/pages\/129\/revisions\/354"}],"wp:attachment":[{"href":"https:\/\/salesianosatocha.es\/empresa\/wp-json\/wp\/v2\/media?parent=129"}],"curies":[{"name":"wp","href":"https:\/\/api.w.org\/{rel}","templated":true}]}}