{"id":126,"date":"2012-02-07T10:22:32","date_gmt":"2012-02-07T10:22:32","guid":{"rendered":"http:\/\/salesianosatocha.es\/empresa\/?page_id=126"},"modified":"2012-03-11T00:04:01","modified_gmt":"2012-03-11T00:04:01","slug":"formacion-continua","status":"publish","type":"page","link":"https:\/\/salesianosatocha.es\/empresa\/formacion-continua\/","title":{"rendered":"Formaci\u00f3n Continua"},"content":{"rendered":"<h2 style=\"text-align: left;\" align=\"center\">CURSOS DE ENTIDADES PRIVADAS U ORGANISMOS P\u00daBLICOS<\/h2>\n<table id=\"tabla\" border=\"1\" cellspacing=\"0\" cellpadding=\"5\" align=\"center\">\n<tbody>\n<tr>\n<th>Especialidad<\/th>\n<th>Curso<\/th>\n<\/tr>\n<tr>\n<td>Industrial (Producci\u00f3n y T\u00e9cnica)<\/td>\n<td>TORNERO-FRESADOR<br \/>\nPREPARADOR PROGRAMADOR DE MAQUINAS Y HERRAMIENTAS CON CNC<br \/>\nCENTRO DE MECANIZADO CON CNC<br \/>\nELECTRICISTA DE MANTENIMIENTO<br \/>\nELECTRICISTA DE EDIFICIOS<br \/>\nELECTROMEC\u00c1NICO DE MANTENIMIENTO<\/td>\n<td><\/td>\n<\/tr>\n<tr class=\"alt\">\n<td>Ingenier\u00eda y dise\u00f1o<\/td>\n<td>CATIA SUPERFICIES AVANZADAS<br \/>\nCATIA S\u00d3LIDOS<br \/>\nDISE\u00d1O Y MODIFICACI\u00d3N DE PLANOS EN 2D Y 3D (AutoCAD 2002)<br \/>\nPROGRAMACI\u00d3N ASISTIDA CAD\/CAM TEKSOFT (2D Y 3D)<\/td>\n<td><\/td>\n<\/tr>\n<tr>\n<td>Calidad<\/td>\n<td>CONTROL DE CALIDAD<br \/>\nASEGURAMIENTO DE LA CALIDAD<br \/>\nCALIBRACI\u00d3N Y METROLOG\u00cdA<br \/>\nGESTI\u00d3N DE DOCUMENTOS EN LA EMPRESA: HERRAMIENTA EFICAZ PARA LA CALIDAD TOTAL Y LA GESTI\u00d3N MEDIOAMBIENTAL<br \/>\nCONTROL ESTAD\u00cdSTICO DE PROCESOS<\/td>\n<td><\/td>\n<\/tr>\n<tr class=\"alt\">\n<td>Inform\u00e1tica<\/td>\n<td>INFORM\u00c1TICA B\u00c1SICA Y PAQUETE MICROSOFT<br \/>\nTRATAMIENTO DE TEXTOS Word<br \/>\nHOJA DE C\u00c1LCULO Excel<br \/>\nBASE DE DATOS Access<br \/>\nPOWER-POINT<br \/>\nAPLICACIONES INFORM\u00c1TICAS (JAVA, HTML, UML,&#8230;)<br \/>\nMANTENIMIENTO DE SISTEMAS INFORM\u00c1TICOS<br \/>\nLENGUAJES DE PROGRAMACI\u00d3N<br \/>\nALFABETIZACI\u00d3N INFORM\u00c1TICA: INTERNET<br \/>\nCURSO DE COMUNICACI\u00d3N EN ORDENADORES Y REDES LOCALES<br \/>\nMANEJO DE INTERNET-INTRANET<br \/>\nDISE\u00d1O Y GESTI\u00d3N DE REDES DE \u00c1REA LOCAL Y SERVICIOS DE INFORMACI\u00d3N INTERNET<br \/>\nINFORM\u00c1TICA DE GESTI\u00d3N PARA LA EMPRESA<br \/>\nINICIACI\u00d3N A LA RED INTERNET<br \/>\nLENGUAJES DE PROGRAMACI\u00d3N: JAVA<br \/>\nT\u00c9CNICO EN SISTEMAS MICROINFORM\u00c1TICOS<br \/>\nPROGRAMADOR DE APLICACIONES INFORM\u00c1TICAS<br \/>\nSISTEMAS WEB Y CORREO ELECTR\u00d3NICO<br \/>\nT\u00c9CNICO EN AUTOPISTAS DE LA INFORMACI\u00d3N ( Internet)<br \/>\nT\u00c9CNICO ANIMACI\u00d3N MULTIMEDIA ( 3D STUDIO ANIMATORS)<br \/>\nDISE\u00d1O DE P\u00c1GINAS WEB<\/td>\n<td><\/td>\n<\/tr>\n<tr>\n<td>Administraci\u00f3n y Recursos Humanos<\/td>\n<td>OFIM\u00c1TICA<\/td>\n<td><\/td>\n<\/tr>\n<tr class=\"alt\">\n<td>Prevenci\u00f3n de Riesgos Laborales<\/td>\n<td>PREVENCI\u00d3N DE RIESGOS<\/td>\n<td><\/td>\n<\/tr>\n<\/tbody>\n<\/table>\n<p>&nbsp;<\/p>\n<h2 style=\"text-align: left;\" align=\"center\">CURSOS FORMACI\u00d3N CONTINUA PARA TRABAJADORES DE LA COMUNIDAD DE MADRID<br \/>\n(COFINANCIADOS CON EL FONDO SOCIAL EUROPEO)<\/h2>\n<p>&nbsp;<\/p>\n<table id=\"tabla\" border=\"1\" cellspacing=\"0\" cellpadding=\"5\" align=\"center\">\n<tbody>\n<tr>\n<th>Especialidad<\/th>\n<th>Curso<\/th>\n<th>Horas<\/th>\n<\/tr>\n<tr>\n<td rowspan=\"2\">Artes Gr\u00e1ficas:<\/td>\n<td>Gesti\u00f3n del Color<\/td>\n<td>50<\/td>\n<\/tr>\n<tr class=\"alt\">\n<td>Control de la Calidad en la Impresi\u00f3n Digitla<\/td>\n<td>50<\/td>\n<\/tr>\n<tr>\n<td rowspan=\"3\">Mec\u00e1nica &#8211; Mantenimiento:<\/td>\n<td>Energ\u00edas Renovables<\/td>\n<td>60<\/td>\n<\/tr>\n<tr class=\"alt\">\n<td>T\u00e9cnico en Control de Calidad<\/td>\n<td>60<\/td>\n<\/tr>\n<tr>\n<td>Rob\u00f3tica<\/td>\n<td>60<\/td>\n<\/tr>\n<tr class=\"alt\">\n<td rowspan=\"3\">Inform\u00e1tica:<\/td>\n<td>Redes<\/td>\n<td>60<\/td>\n<\/tr>\n<tr>\n<td>Redes II<\/td>\n<td>60<\/td>\n<\/tr>\n<tr class=\"alt\">\n<td>Ofim\u00e1tica<\/td>\n<td>60<\/td>\n<\/tr>\n<\/tbody>\n<\/table>\n<p>&nbsp;<\/p>\n","protected":false},"excerpt":{"rendered":"<p>CURSOS DE ENTIDADES PRIVADAS U ORGANISMOS P\u00daBLICOS Especialidad Curso Industrial (Producci\u00f3n y T\u00e9cnica) TORNERO-FRESADOR PREPARADOR PROGRAMADOR DE MAQUINAS Y HERRAMIENTAS CON CNC CENTRO DE MECANIZADO CON CNC ELECTRICISTA DE MANTENIMIENTO ELECTRICISTA DE EDIFICIOS ELECTROMEC\u00c1NICO DE MANTENIMIENTO Ingenier\u00eda y dise\u00f1o CATIA SUPERFICIES AVANZADAS CATIA S\u00d3LIDOS DISE\u00d1O Y MODIFICACI\u00d3N DE PLANOS EN 2D Y 3D (AutoCAD 2002) [&hellip;]<\/p>\n","protected":false},"author":17,"featured_media":0,"parent":0,"menu_order":0,"comment_status":"open","ping_status":"open","template":"page-full.php","meta":{"_et_pb_use_builder":"","_et_pb_old_content":"","_et_gb_content_width":"","ngg_post_thumbnail":0,"footnotes":""},"_links":{"self":[{"href":"https:\/\/salesianosatocha.es\/empresa\/wp-json\/wp\/v2\/pages\/126"}],"collection":[{"href":"https:\/\/salesianosatocha.es\/empresa\/wp-json\/wp\/v2\/pages"}],"about":[{"href":"https:\/\/salesianosatocha.es\/empresa\/wp-json\/wp\/v2\/types\/page"}],"author":[{"embeddable":true,"href":"https:\/\/salesianosatocha.es\/empresa\/wp-json\/wp\/v2\/users\/17"}],"replies":[{"embeddable":true,"href":"https:\/\/salesianosatocha.es\/empresa\/wp-json\/wp\/v2\/comments?post=126"}],"version-history":[{"count":2,"href":"https:\/\/salesianosatocha.es\/empresa\/wp-json\/wp\/v2\/pages\/126\/revisions"}],"predecessor-version":[{"id":326,"href":"https:\/\/salesianosatocha.es\/empresa\/wp-json\/wp\/v2\/pages\/126\/revisions\/326"}],"wp:attachment":[{"href":"https:\/\/salesianosatocha.es\/empresa\/wp-json\/wp\/v2\/media?parent=126"}],"curies":[{"name":"wp","href":"https:\/\/api.w.org\/{rel}","templated":true}]}}