{"id":2355,"date":"2015-12-17T23:44:05","date_gmt":"2015-12-17T22:44:05","guid":{"rendered":"http:\/\/salesianosatocha.es\/bachillerato\/?page_id=2355"},"modified":"2015-12-18T00:14:38","modified_gmt":"2015-12-17T23:14:38","slug":"idiomas","status":"publish","type":"page","link":"https:\/\/salesianosatocha.es\/bachillerato\/idiomas\/","title":{"rendered":"+ Idiomas"},"content":{"rendered":"<p>[et_pb_section admin_label=\u00bbsection\u00bb][et_pb_row admin_label=\u00bbrow\u00bb][et_pb_column type=\u00bb4_4&#8243;][et_pb_accordion admin_label=\u00bbAcorde\u00f3n\u00bb toggle_font_size=\u00bb16&#8243; body_font_size=\u00bb14&#8243; use_border_color=\u00bboff\u00bb border_color=\u00bb#ffffff\u00bb border_style=\u00bbsolid\u00bb] [et_pb_accordion_item title=\u00bbAuxiliar de Conversaci\u00f3n\u00bb]<\/p>\n<p><img loading=\"lazy\" decoding=\"async\" class=\"aligncenter size-full wp-image-2356\" src=\"https:\/\/salesianosatocha.es\/bachillerato\/files\/2015\/12\/LOGO_BEDA_250-2.jpg\" alt=\"LOGO_BEDA_250 (2)\" width=\"247\" height=\"108\" \/><span style=\"color: #333333\">Desde el equipo BEDA del centro estamos trabajando para mejorar el incremento cualitativo y cuantitativo de la ense\u00f1anza del ingl\u00e9s en bachillerato. Este a\u00f1o contamos con la incorporaci\u00f3n de un\u00a0auxiliar\u00a0de conversaci\u00f3n. Profesora nativa que trabaja el curr\u00edculo oficial propuesto para el nivel de 1\u00ba de bachillerato, dando especial relevancia al idioma oral (conversaci\u00f3n).<\/span><\/p>\n<p>[\/et_pb_accordion_item][et_pb_accordion_item title=\u00bbEstancia en Ingl\u00e9s\u00bb]<\/p>\n<p>Programa de inmersi\u00f3n ling\u00fc\u00edstica en <strong>ingl\u00e9s<\/strong> para los alumno\/as de 1\u00ba en este <strong>verano del 2016<\/strong>. Esta vez hemos encargado la organizaci\u00f3n de este curso a World Language School, empresa radicada en Inglaterra y con la cual la instituci\u00f3n educativa salesiana ya ha tenido varias experiencias. Con este programa podemos asegurar que la convivencia\u00a0 de nuestros alumnos en las familias inglesas <strong>ser\u00e1 de un solo hablante de espa\u00f1ol<\/strong> en dicho entorno y de que la <strong>acogida familiar se realiza con plena dedicaci\u00f3n<\/strong>. Adem\u00e1s, las profesoras tendremos garantizadas nuestra presencia como apoyo constante a nuestros alumnos. El curso que proponemos tendr\u00e1 lugar en la localidad de <strong>Peterborough<\/strong>. All\u00ed est\u00e1 organizado el curso internacional de dos semanas con estancia en familias y convivencia con estudiantes de otras nacionalidades (diferentes a la espa\u00f1ola).<\/p>\n<p>&nbsp;<\/p>\n\n\t\t<style type=\"text\/css\">\n\t\t\t#gallery-1 {\n\t\t\t\tmargin: auto;\n\t\t\t}\n\t\t\t#gallery-1 .gallery-item {\n\t\t\t\tfloat: left;\n\t\t\t\tmargin-top: 10px;\n\t\t\t\ttext-align: center;\n\t\t\t\twidth: 16%;\n\t\t\t}\n\t\t\t#gallery-1 img {\n\t\t\t\tborder: 2px solid #cfcfcf;\n\t\t\t}\n\t\t\t#gallery-1 .gallery-caption {\n\t\t\t\tmargin-left: 0;\n\t\t\t}\n\t\t\t\/* see gallery_shortcode() in wp-includes\/media.php *\/\n\t\t<\/style>\n\t\t<div id='gallery-1' class='gallery galleryid-2355 gallery-columns-6 gallery-size-medium'><dl class='gallery-item'>\n\t\t\t<dt class='gallery-icon landscape'>\n\t\t\t\t<a href='https:\/\/salesianosatocha.es\/bachillerato\/idiomas\/img-20150717-wa0068\/'><img loading=\"lazy\" decoding=\"async\" width=\"300\" height=\"169\" src=\"https:\/\/salesianosatocha.es\/bachillerato\/files\/2015\/12\/IMG-20150717-WA0068-300x169.jpg\" class=\"attachment-medium size-medium\" alt=\"\" srcset=\"https:\/\/salesianosatocha.es\/bachillerato\/files\/2015\/12\/IMG-20150717-WA0068-300x169.jpg 300w, https:\/\/salesianosatocha.es\/bachillerato\/files\/2015\/12\/IMG-20150717-WA0068-768x432.jpg 768w, https:\/\/salesianosatocha.es\/bachillerato\/files\/2015\/12\/IMG-20150717-WA0068-1024x576.jpg 1024w, https:\/\/salesianosatocha.es\/bachillerato\/files\/2015\/12\/IMG-20150717-WA0068-610x343.jpg 610w, https:\/\/salesianosatocha.es\/bachillerato\/files\/2015\/12\/IMG-20150717-WA0068-1080x608.jpg 1080w, https:\/\/salesianosatocha.es\/bachillerato\/files\/2015\/12\/IMG-20150717-WA0068.jpg 1600w\" sizes=\"(max-width: 300px) 100vw, 300px\" \/><\/a>\n\t\t\t<\/dt><\/dl><dl class='gallery-item'>\n\t\t\t<dt class='gallery-icon landscape'>\n\t\t\t\t<a href='https:\/\/salesianosatocha.es\/bachillerato\/idiomas\/img-20150701-wa0037\/'><img loading=\"lazy\" decoding=\"async\" width=\"300\" height=\"169\" src=\"https:\/\/salesianosatocha.es\/bachillerato\/files\/2015\/12\/IMG-20150701-WA0037-300x169.jpg\" class=\"attachment-medium size-medium\" alt=\"\" srcset=\"https:\/\/salesianosatocha.es\/bachillerato\/files\/2015\/12\/IMG-20150701-WA0037-300x169.jpg 300w, https:\/\/salesianosatocha.es\/bachillerato\/files\/2015\/12\/IMG-20150701-WA0037-768x432.jpg 768w, https:\/\/salesianosatocha.es\/bachillerato\/files\/2015\/12\/IMG-20150701-WA0037-1024x576.jpg 1024w, https:\/\/salesianosatocha.es\/bachillerato\/files\/2015\/12\/IMG-20150701-WA0037-610x343.jpg 610w, https:\/\/salesianosatocha.es\/bachillerato\/files\/2015\/12\/IMG-20150701-WA0037-1080x608.jpg 1080w, https:\/\/salesianosatocha.es\/bachillerato\/files\/2015\/12\/IMG-20150701-WA0037.jpg 1280w\" sizes=\"(max-width: 300px) 100vw, 300px\" \/><\/a>\n\t\t\t<\/dt><\/dl><dl class='gallery-item'>\n\t\t\t<dt class='gallery-icon landscape'>\n\t\t\t\t<a href='https:\/\/salesianosatocha.es\/bachillerato\/idiomas\/cymera_20150712_202946\/'><img loading=\"lazy\" decoding=\"async\" width=\"300\" height=\"225\" src=\"https:\/\/salesianosatocha.es\/bachillerato\/files\/2015\/12\/CYMERA_20150712_202946-300x225.jpg\" class=\"attachment-medium size-medium\" alt=\"\" srcset=\"https:\/\/salesianosatocha.es\/bachillerato\/files\/2015\/12\/CYMERA_20150712_202946-300x225.jpg 300w, https:\/\/salesianosatocha.es\/bachillerato\/files\/2015\/12\/CYMERA_20150712_202946-768x576.jpg 768w, https:\/\/salesianosatocha.es\/bachillerato\/files\/2015\/12\/CYMERA_20150712_202946.jpg 1024w, https:\/\/salesianosatocha.es\/bachillerato\/files\/2015\/12\/CYMERA_20150712_202946-610x458.jpg 610w\" sizes=\"(max-width: 300px) 100vw, 300px\" \/><\/a>\n\t\t\t<\/dt><\/dl><dl class='gallery-item'>\n\t\t\t<dt class='gallery-icon landscape'>\n\t\t\t\t<a href='https:\/\/salesianosatocha.es\/bachillerato\/idiomas\/cymera_20150709_195629\/'><img loading=\"lazy\" decoding=\"async\" width=\"300\" height=\"225\" src=\"https:\/\/salesianosatocha.es\/bachillerato\/files\/2015\/12\/CYMERA_20150709_195629-300x225.jpg\" class=\"attachment-medium size-medium\" alt=\"\" srcset=\"https:\/\/salesianosatocha.es\/bachillerato\/files\/2015\/12\/CYMERA_20150709_195629-300x225.jpg 300w, https:\/\/salesianosatocha.es\/bachillerato\/files\/2015\/12\/CYMERA_20150709_195629-768x577.jpg 768w, https:\/\/salesianosatocha.es\/bachillerato\/files\/2015\/12\/CYMERA_20150709_195629-610x458.jpg 610w, https:\/\/salesianosatocha.es\/bachillerato\/files\/2015\/12\/CYMERA_20150709_195629.jpg 852w\" sizes=\"(max-width: 300px) 100vw, 300px\" \/><\/a>\n\t\t\t<\/dt><\/dl><dl class='gallery-item'>\n\t\t\t<dt class='gallery-icon landscape'>\n\t\t\t\t<a href='https:\/\/salesianosatocha.es\/bachillerato\/idiomas\/cymera_20150708_142923\/'><img loading=\"lazy\" decoding=\"async\" width=\"300\" height=\"225\" src=\"https:\/\/salesianosatocha.es\/bachillerato\/files\/2015\/12\/CYMERA_20150708_142923-300x225.jpg\" class=\"attachment-medium size-medium\" alt=\"\" srcset=\"https:\/\/salesianosatocha.es\/bachillerato\/files\/2015\/12\/CYMERA_20150708_142923-300x225.jpg 300w, https:\/\/salesianosatocha.es\/bachillerato\/files\/2015\/12\/CYMERA_20150708_142923-768x576.jpg 768w, https:\/\/salesianosatocha.es\/bachillerato\/files\/2015\/12\/CYMERA_20150708_142923.jpg 1024w, https:\/\/salesianosatocha.es\/bachillerato\/files\/2015\/12\/CYMERA_20150708_142923-610x458.jpg 610w\" sizes=\"(max-width: 300px) 100vw, 300px\" \/><\/a>\n\t\t\t<\/dt><\/dl><dl class='gallery-item'>\n\t\t\t<dt class='gallery-icon landscape'>\n\t\t\t\t<a href='https:\/\/salesianosatocha.es\/bachillerato\/idiomas\/cymera_20150707_124813\/'><img loading=\"lazy\" decoding=\"async\" width=\"300\" height=\"169\" src=\"https:\/\/salesianosatocha.es\/bachillerato\/files\/2015\/12\/CYMERA_20150707_124813-300x169.jpg\" class=\"attachment-medium size-medium\" alt=\"\" srcset=\"https:\/\/salesianosatocha.es\/bachillerato\/files\/2015\/12\/CYMERA_20150707_124813-300x169.jpg 300w, https:\/\/salesianosatocha.es\/bachillerato\/files\/2015\/12\/CYMERA_20150707_124813-768x432.jpg 768w, https:\/\/salesianosatocha.es\/bachillerato\/files\/2015\/12\/CYMERA_20150707_124813.jpg 1024w, https:\/\/salesianosatocha.es\/bachillerato\/files\/2015\/12\/CYMERA_20150707_124813-610x343.jpg 610w\" sizes=\"(max-width: 300px) 100vw, 300px\" \/><\/a>\n\t\t\t<\/dt><\/dl><br style=\"clear: both\" \/><dl class='gallery-item'>\n\t\t\t<dt class='gallery-icon landscape'>\n\t\t\t\t<a href='https:\/\/salesianosatocha.es\/bachillerato\/idiomas\/cymera_20150702_195147\/'><img loading=\"lazy\" decoding=\"async\" width=\"300\" height=\"169\" src=\"https:\/\/salesianosatocha.es\/bachillerato\/files\/2015\/12\/CYMERA_20150702_195147-300x169.jpg\" class=\"attachment-medium size-medium\" alt=\"\" srcset=\"https:\/\/salesianosatocha.es\/bachillerato\/files\/2015\/12\/CYMERA_20150702_195147-300x169.jpg 300w, https:\/\/salesianosatocha.es\/bachillerato\/files\/2015\/12\/CYMERA_20150702_195147-768x432.jpg 768w, https:\/\/salesianosatocha.es\/bachillerato\/files\/2015\/12\/CYMERA_20150702_195147.jpg 1024w, https:\/\/salesianosatocha.es\/bachillerato\/files\/2015\/12\/CYMERA_20150702_195147-610x343.jpg 610w\" sizes=\"(max-width: 300px) 100vw, 300px\" \/><\/a>\n\t\t\t<\/dt><\/dl><dl class='gallery-item'>\n\t\t\t<dt class='gallery-icon landscape'>\n\t\t\t\t<a href='https:\/\/salesianosatocha.es\/bachillerato\/idiomas\/cymera_20150701_141449\/'><img loading=\"lazy\" decoding=\"async\" width=\"300\" height=\"225\" src=\"https:\/\/salesianosatocha.es\/bachillerato\/files\/2015\/12\/CYMERA_20150701_141449-300x225.jpg\" class=\"attachment-medium size-medium\" alt=\"\" srcset=\"https:\/\/salesianosatocha.es\/bachillerato\/files\/2015\/12\/CYMERA_20150701_141449-300x225.jpg 300w, https:\/\/salesianosatocha.es\/bachillerato\/files\/2015\/12\/CYMERA_20150701_141449-768x576.jpg 768w, https:\/\/salesianosatocha.es\/bachillerato\/files\/2015\/12\/CYMERA_20150701_141449.jpg 1024w, https:\/\/salesianosatocha.es\/bachillerato\/files\/2015\/12\/CYMERA_20150701_141449-610x458.jpg 610w\" sizes=\"(max-width: 300px) 100vw, 300px\" \/><\/a>\n\t\t\t<\/dt><\/dl><dl class='gallery-item'>\n\t\t\t<dt class='gallery-icon landscape'>\n\t\t\t\t<a href='https:\/\/salesianosatocha.es\/bachillerato\/idiomas\/20150717_173436\/'><img loading=\"lazy\" decoding=\"async\" width=\"300\" height=\"169\" src=\"https:\/\/salesianosatocha.es\/bachillerato\/files\/2015\/12\/20150717_173436-300x169.jpg\" class=\"attachment-medium size-medium\" alt=\"\" srcset=\"https:\/\/salesianosatocha.es\/bachillerato\/files\/2015\/12\/20150717_173436-300x169.jpg 300w, https:\/\/salesianosatocha.es\/bachillerato\/files\/2015\/12\/20150717_173436-768x432.jpg 768w, https:\/\/salesianosatocha.es\/bachillerato\/files\/2015\/12\/20150717_173436-1024x576.jpg 1024w, https:\/\/salesianosatocha.es\/bachillerato\/files\/2015\/12\/20150717_173436-610x343.jpg 610w, https:\/\/salesianosatocha.es\/bachillerato\/files\/2015\/12\/20150717_173436-1080x608.jpg 1080w\" sizes=\"(max-width: 300px) 100vw, 300px\" \/><\/a>\n\t\t\t<\/dt><\/dl><dl class='gallery-item'>\n\t\t\t<dt class='gallery-icon landscape'>\n\t\t\t\t<a href='https:\/\/salesianosatocha.es\/bachillerato\/idiomas\/20150707_113026\/'><img loading=\"lazy\" decoding=\"async\" width=\"300\" height=\"169\" src=\"https:\/\/salesianosatocha.es\/bachillerato\/files\/2015\/12\/20150707_113026-300x169.jpg\" class=\"attachment-medium size-medium\" alt=\"\" srcset=\"https:\/\/salesianosatocha.es\/bachillerato\/files\/2015\/12\/20150707_113026-300x169.jpg 300w, https:\/\/salesianosatocha.es\/bachillerato\/files\/2015\/12\/20150707_113026-768x432.jpg 768w, https:\/\/salesianosatocha.es\/bachillerato\/files\/2015\/12\/20150707_113026-1024x576.jpg 1024w, https:\/\/salesianosatocha.es\/bachillerato\/files\/2015\/12\/20150707_113026-610x343.jpg 610w, https:\/\/salesianosatocha.es\/bachillerato\/files\/2015\/12\/20150707_113026-1080x608.jpg 1080w\" sizes=\"(max-width: 300px) 100vw, 300px\" \/><\/a>\n\t\t\t<\/dt><\/dl><dl class='gallery-item'>\n\t\t\t<dt class='gallery-icon landscape'>\n\t\t\t\t<a href='https:\/\/salesianosatocha.es\/bachillerato\/idiomas\/20150626_234936\/'><img loading=\"lazy\" decoding=\"async\" width=\"300\" height=\"169\" src=\"https:\/\/salesianosatocha.es\/bachillerato\/files\/2015\/12\/20150626_234936-300x169.jpg\" class=\"attachment-medium size-medium\" alt=\"\" srcset=\"https:\/\/salesianosatocha.es\/bachillerato\/files\/2015\/12\/20150626_234936-300x169.jpg 300w, https:\/\/salesianosatocha.es\/bachillerato\/files\/2015\/12\/20150626_234936-768x432.jpg 768w, https:\/\/salesianosatocha.es\/bachillerato\/files\/2015\/12\/20150626_234936-1024x576.jpg 1024w, https:\/\/salesianosatocha.es\/bachillerato\/files\/2015\/12\/20150626_234936-610x343.jpg 610w, https:\/\/salesianosatocha.es\/bachillerato\/files\/2015\/12\/20150626_234936-1080x608.jpg 1080w\" sizes=\"(max-width: 300px) 100vw, 300px\" \/><\/a>\n\t\t\t<\/dt><\/dl>\n\t\t\t<br style='clear: both' \/>\n\t\t<\/div>\n\n<p>[\/et_pb_accordion_item][et_pb_accordion_item title=\u00bbEx\u00e1menes Cambridge\u00bb]<\/p>\n<p style=\"text-align: center\"><span style=\"color: #ff0000\">El colegio Salesianos Atocha ofrece la posibilidad de que nuestros alumnos realicen los ex\u00e1menes Camdbrige.<\/span><\/p>\n<p style=\"text-align: center\"><span style=\"color: #ff0000\">Cuando se acerque la fecha de estos ex\u00e1menes, mes de mayo, se os informar\u00e1 con m\u00e1s detalle en el blog de la secci\u00f3n.<\/span><\/p>\n<p>[\/et_pb_accordion_item] [\/et_pb_accordion][\/et_pb_column][\/et_pb_row][\/et_pb_section]<\/p>\n","protected":false},"excerpt":{"rendered":"<p>Desde el equipo BEDA del centro estamos trabajando para mejorar el incremento cualitativo y cuantitativo de la ense\u00f1anza del ingl\u00e9s en bachillerato. Este a\u00f1o contamos con la incorporaci\u00f3n de un\u00a0auxiliar\u00a0de conversaci\u00f3n. Profesora nativa que trabaja el curr\u00edculo oficial propuesto para el nivel de 1\u00ba de bachillerato, dando especial relevancia al idioma oral (conversaci\u00f3n). Programa de [&hellip;]<\/p>\n","protected":false},"author":85,"featured_media":0,"parent":0,"menu_order":0,"comment_status":"closed","ping_status":"closed","template":"","meta":{"_et_pb_use_builder":"on","_et_pb_old_content":"","_et_gb_content_width":"","ngg_post_thumbnail":0,"footnotes":""},"_links":{"self":[{"href":"https:\/\/salesianosatocha.es\/bachillerato\/wp-json\/wp\/v2\/pages\/2355"}],"collection":[{"href":"https:\/\/salesianosatocha.es\/bachillerato\/wp-json\/wp\/v2\/pages"}],"about":[{"href":"https:\/\/salesianosatocha.es\/bachillerato\/wp-json\/wp\/v2\/types\/page"}],"author":[{"embeddable":true,"href":"https:\/\/salesianosatocha.es\/bachillerato\/wp-json\/wp\/v2\/users\/85"}],"replies":[{"embeddable":true,"href":"https:\/\/salesianosatocha.es\/bachillerato\/wp-json\/wp\/v2\/comments?post=2355"}],"version-history":[{"count":3,"href":"https:\/\/salesianosatocha.es\/bachillerato\/wp-json\/wp\/v2\/pages\/2355\/revisions"}],"predecessor-version":[{"id":2376,"href":"https:\/\/salesianosatocha.es\/bachillerato\/wp-json\/wp\/v2\/pages\/2355\/revisions\/2376"}],"wp:attachment":[{"href":"https:\/\/salesianosatocha.es\/bachillerato\/wp-json\/wp\/v2\/media?parent=2355"}],"curies":[{"name":"wp","href":"https:\/\/api.w.org\/{rel}","templated":true}]}}