{"id":2137,"date":"2015-12-06T11:39:31","date_gmt":"2015-12-06T10:39:31","guid":{"rendered":"http:\/\/salesianosatocha.es\/bachillerato\/?page_id=2137"},"modified":"2015-12-06T11:39:31","modified_gmt":"2015-12-06T10:39:31","slug":"profesores","status":"publish","type":"page","link":"https:\/\/salesianosatocha.es\/bachillerato\/profesores\/","title":{"rendered":"Profesores"},"content":{"rendered":"<p>Desde esta p\u00e1gina damos acceso a los profesores:<\/p>\n<ul>\n<li>al aulaVirtual<\/li>\n<li>Educamos profesores<\/li>\n<li>Formaci\u00f3n de profesores: aulaFormaci\u00f3n y Cursos FERE<\/li>\n<li>Correo el\u00e9ctr\u00f3nico: @salesianosatocha.es<\/li>\n<\/ul>\n<p>&nbsp;<\/p>\n","protected":false},"excerpt":{"rendered":"<p>Desde esta p\u00e1gina damos acceso a los profesores: al aulaVirtual Educamos profesores Formaci\u00f3n de profesores: aulaFormaci\u00f3n y Cursos FERE Correo el\u00e9ctr\u00f3nico: @salesianosatocha.es &nbsp;<\/p>\n","protected":false},"author":85,"featured_media":0,"parent":0,"menu_order":0,"comment_status":"closed","ping_status":"closed","template":"","meta":{"_et_pb_use_builder":"","_et_pb_old_content":"","_et_gb_content_width":"","ngg_post_thumbnail":0,"footnotes":""},"_links":{"self":[{"href":"https:\/\/salesianosatocha.es\/bachillerato\/wp-json\/wp\/v2\/pages\/2137"}],"collection":[{"href":"https:\/\/salesianosatocha.es\/bachillerato\/wp-json\/wp\/v2\/pages"}],"about":[{"href":"https:\/\/salesianosatocha.es\/bachillerato\/wp-json\/wp\/v2\/types\/page"}],"author":[{"embeddable":true,"href":"https:\/\/salesianosatocha.es\/bachillerato\/wp-json\/wp\/v2\/users\/85"}],"replies":[{"embeddable":true,"href":"https:\/\/salesianosatocha.es\/bachillerato\/wp-json\/wp\/v2\/comments?post=2137"}],"version-history":[{"count":1,"href":"https:\/\/salesianosatocha.es\/bachillerato\/wp-json\/wp\/v2\/pages\/2137\/revisions"}],"predecessor-version":[{"id":2138,"href":"https:\/\/salesianosatocha.es\/bachillerato\/wp-json\/wp\/v2\/pages\/2137\/revisions\/2138"}],"wp:attachment":[{"href":"https:\/\/salesianosatocha.es\/bachillerato\/wp-json\/wp\/v2\/media?parent=2137"}],"curies":[{"name":"wp","href":"https:\/\/api.w.org\/{rel}","templated":true}]}}