{"id":2119,"date":"2015-12-06T11:26:18","date_gmt":"2015-12-06T10:26:18","guid":{"rendered":"http:\/\/salesianosatocha.es\/bachillerato\/?page_id=2119"},"modified":"2015-12-18T13:02:39","modified_gmt":"2015-12-18T12:02:39","slug":"no-todo-es-academico","status":"publish","type":"page","link":"https:\/\/salesianosatocha.es\/bachillerato\/no-todo-es-academico\/","title":{"rendered":"No todo es acad\u00e9mico"},"content":{"rendered":"<p>[et_pb_section admin_label=\u00bbsection\u00bb][et_pb_row admin_label=\u00bbrow\u00bb][et_pb_column type=\u00bb4_4&#8243;][et_pb_post_title admin_label=\u00bbNo todo es Acad\u00e9mico\u00bb title=\u00bbon\u00bb meta=\u00bbon\u00bb author=\u00bboff\u00bb date=\u00bboff\u00bb categories=\u00bbon\u00bb comments=\u00bboff\u00bb featured_image=\u00bbon\u00bb featured_placement=\u00bbbelow\u00bb parallax_effect=\u00bbon\u00bb parallax_method=\u00bbon\u00bb text_orientation=\u00bbleft\u00bb text_color=\u00bbdark\u00bb text_background=\u00bboff\u00bb text_bg_color=\u00bbrgba(255,255,255,0.9)\u00bb module_bg_color=\u00bbrgba(255,255,255,0)\u00bb title_all_caps=\u00bboff\u00bb meta_font_size=\u00bb14&#8243; use_border_color=\u00bboff\u00bb border_color=\u00bb#ffffff\u00bb border_style=\u00bbsolid\u00bb] [\/et_pb_post_title][et_pb_text admin_label=\u00bbTexto\u00bb background_layout=\u00bblight\u00bb text_orientation=\u00bbleft\u00bb text_font_size=\u00bb14&#8243; use_border_color=\u00bboff\u00bb border_color=\u00bb#ffffff\u00bb border_style=\u00bbsolid\u00bb]<\/p>\n<p style=\"text-align: justify\">En el bachillerato nos planteamos que la formaci\u00f3n de un alumno no debe terminar en el aula, por ello se plantean algunas iniciativas solidarias puntuales (convivencias, veladas, carreras, Camino de Santiago) y otras continuas durante todo el curso (Centro Juvenil, Voluntariado). El alumno elige su nivel de implicaci\u00f3n.<\/p>\n<p>[\/et_pb_text][et_pb_accordion admin_label=\u00bbNo todo es acad\u00e9mico\u00bb toggle_font_size=\u00bb16&#8243; body_font_size=\u00bb14&#8243; use_border_color=\u00bboff\u00bb border_color=\u00bb#ffffff\u00bb border_style=\u00bbsolid\u00bb] [et_pb_accordion_item title=\u00bbVoluntariado\u00bb]<\/p>\n\n\t\t<style type=\"text\/css\">\n\t\t\t#gallery-1 {\n\t\t\t\tmargin: auto;\n\t\t\t}\n\t\t\t#gallery-1 .gallery-item {\n\t\t\t\tfloat: left;\n\t\t\t\tmargin-top: 10px;\n\t\t\t\ttext-align: center;\n\t\t\t\twidth: 33%;\n\t\t\t}\n\t\t\t#gallery-1 img {\n\t\t\t\tborder: 2px solid #cfcfcf;\n\t\t\t}\n\t\t\t#gallery-1 .gallery-caption {\n\t\t\t\tmargin-left: 0;\n\t\t\t}\n\t\t\t\/* see gallery_shortcode() in wp-includes\/media.php *\/\n\t\t<\/style>\n\t\t<div id='gallery-1' class='gallery galleryid-2119 gallery-columns-3 gallery-size-medium'><dl class='gallery-item'>\n\t\t\t<dt class='gallery-icon landscape'>\n\t\t\t\t<a href='https:\/\/salesianosatocha.es\/bachillerato\/no-todo-es-academico\/encuentrofincurso-2\/'><img loading=\"lazy\" decoding=\"async\" width=\"300\" height=\"225\" src=\"https:\/\/salesianosatocha.es\/bachillerato\/files\/2015\/12\/encuentroFinCurso-1-300x225.jpg\" class=\"attachment-medium size-medium\" alt=\"\" srcset=\"https:\/\/salesianosatocha.es\/bachillerato\/files\/2015\/12\/encuentroFinCurso-1-300x225.jpg 300w, https:\/\/salesianosatocha.es\/bachillerato\/files\/2015\/12\/encuentroFinCurso-1-610x457.jpg 610w, https:\/\/salesianosatocha.es\/bachillerato\/files\/2015\/12\/encuentroFinCurso-1.jpg 737w\" sizes=\"(max-width: 300px) 100vw, 300px\" \/><\/a>\n\t\t\t<\/dt><\/dl><dl class='gallery-item'>\n\t\t\t<dt class='gallery-icon landscape'>\n\t\t\t\t<a href='https:\/\/salesianosatocha.es\/bachillerato\/no-todo-es-academico\/la-foto-1-2\/'><img loading=\"lazy\" decoding=\"async\" width=\"300\" height=\"225\" src=\"https:\/\/salesianosatocha.es\/bachillerato\/files\/2015\/12\/la-foto-1-300x225.jpg\" class=\"attachment-medium size-medium\" alt=\"\" srcset=\"https:\/\/salesianosatocha.es\/bachillerato\/files\/2015\/12\/la-foto-1-300x225.jpg 300w, https:\/\/salesianosatocha.es\/bachillerato\/files\/2015\/12\/la-foto-1-610x458.jpg 610w, https:\/\/salesianosatocha.es\/bachillerato\/files\/2015\/12\/la-foto-1.jpg 640w\" sizes=\"(max-width: 300px) 100vw, 300px\" \/><\/a>\n\t\t\t<\/dt><\/dl><dl class='gallery-item'>\n\t\t\t<dt class='gallery-icon landscape'>\n\t\t\t\t<a href='https:\/\/salesianosatocha.es\/bachillerato\/no-todo-es-academico\/image-5\/'><img loading=\"lazy\" decoding=\"async\" width=\"300\" height=\"225\" src=\"https:\/\/salesianosatocha.es\/bachillerato\/files\/2015\/12\/image-300x225.jpeg\" class=\"attachment-medium size-medium\" alt=\"\" srcset=\"https:\/\/salesianosatocha.es\/bachillerato\/files\/2015\/12\/image-300x225.jpeg 300w, https:\/\/salesianosatocha.es\/bachillerato\/files\/2015\/12\/image-610x458.jpeg 610w, https:\/\/salesianosatocha.es\/bachillerato\/files\/2015\/12\/image.jpeg 640w\" sizes=\"(max-width: 300px) 100vw, 300px\" \/><\/a>\n\t\t\t<\/dt><\/dl><br style=\"clear: both\" \/>\n\t\t<\/div>\n\n<p style=\"text-align: center\"><span style=\"color: #ff0000\">\u00abLa vida es una cuesti\u00f3n de generosidad y s\u00f3lo los valientes saben vivirla.<\/span><\/p>\n<p style=\"text-align: center\"><span style=\"color: #ff0000\">Un d\u00eda uno se da cuenta que precisamente lo \u00fanico que se pierde es lo que se guarda para uno mismo&#8230;\u00bb<\/span><\/p>\n<p style=\"text-align: center\">No pierdas la ocasi\u00f3n de invitar a tus padres a que participen contigo en el voluntariado, como hizo Rafael.<\/p>\n<p style=\"text-align: center\">Sigue <a href=\"https:\/\/salesianosatocha.es\/bachillerato\/blog\/2014\/02\/04\/voluntarido-de-don-orione-en-primera-persona\/\">el enlace<\/a> para conocer su visi\u00f3n en primera persona. El claustro aprovecha para darles las gracias.<\/p>\n<p>[\/et_pb_accordion_item][et_pb_accordion_item title=\u00bbCentro Juvenil\u00bb]<\/p>\n<p><a href=\"http:\/\/www.cjatocha.es\/\" target=\"_blank\"><img loading=\"lazy\" decoding=\"async\" class=\"aligncenter size-full wp-image-2255\" src=\"https:\/\/salesianosatocha.es\/bachillerato\/files\/2015\/12\/Captura-de-pantalla-2015-12-07-a-las-19.12.44.png\" alt=\"Captura de pantalla 2015-12-07 a las 19.12.44\" width=\"1009\" height=\"157\" srcset=\"https:\/\/salesianosatocha.es\/bachillerato\/files\/2015\/12\/Captura-de-pantalla-2015-12-07-a-las-19.12.44.png 1009w, https:\/\/salesianosatocha.es\/bachillerato\/files\/2015\/12\/Captura-de-pantalla-2015-12-07-a-las-19.12.44-300x47.png 300w, https:\/\/salesianosatocha.es\/bachillerato\/files\/2015\/12\/Captura-de-pantalla-2015-12-07-a-las-19.12.44-610x95.png 610w\" sizes=\"(max-width: 1009px) 100vw, 1009px\" \/><\/a><\/p>\n<p><span style=\"color: #ff0000\">Grupos, campamento de verano, talleres, actividades deportivas y culturales, fiestas, musicales, teatro, convivencias y excursiones, pascuas con j\u00f3venes, educaci\u00f3n para la salud, educaci\u00f3n en valores, campa\u00f1as solidarias\u2026 En los tres \u00faltimos a\u00f1os se ofrece la posibilidad de prepararse para el sacramento de la Confirmaci\u00f3n.<\/span><\/p>\n<p><span style=\"color: #ff0000\">Las actividades se desarrollan ordinariamente, los\u00a0<strong>s\u00e1bados de 17.00 a 22.00<\/strong>, y los\u00a0<strong>domingos de 11.30 a 14.00<\/strong>.<\/span><\/p>\n<p>[\/et_pb_accordion_item][et_pb_accordion_item title=\u00bbCamino de Santiago\u00bb]<\/p>\n\n<p style=\"text-align: center\"><span style=\"color: #ff0000\">\u00bfInquietud cultural? \u00bfMotivos espirituales? \u00bfAventura? \u00bfReto personal? <\/span><span style=\"color: #ff0000\">\u00bfuna forma original y diferente de hacer turismo? <\/span><\/p>\n<p style=\"text-align: center\"><span style=\"color: #ff0000\">Todos estos y muchos m\u00e1s son los motivos que nos llevan a plantear, a\u00f1o tras a\u00f1o, <\/span><\/p>\n<p style=\"text-align: center\"><span style=\"color: #ff0000\">que nuestros alumnos del Colegio Salesianos Atocha realicen el Camino de Santiago. <\/span><\/p>\n<h3 style=\"text-align: center\"><span style=\"color: #ff0000\">\u00bfTe animas?<\/span><\/h3>\n<p>&nbsp;<\/p>\n<p>[\/et_pb_accordion_item][et_pb_accordion_item title=\u00bbConvivencias\u00bb]<\/p>\n<h3>Convivencias Cristianas<\/h3>\n<p style=\"text-align: justify\">Una vez iniciada la din\u00e1mica del curso, es importante tener momentos en los que salir de esa vor\u00e1gine y disfrutar de otras experiencias en las que los alumnos puedan aprovechar para reflexionar sobre otros asuntos que son importantes en su vida y sobre todo puedan conocerse en otro ambiente fuera de las aulas.<\/p>\n<p style=\"text-align: justify\">Por ello, a los alumnos de bachillerato, se les ofrece a lo largo del curso una jornada de convivencia en la que, por clases, puedan reflexionar y abrirse a compartir sus experiencias con sus compa\u00f1eros.<\/p>\n<p><span style=\"color: #ff0000\">\u201cEs asombroso que la Humanidad todav\u00eda no sepa vivir en paz, que palabras como \u2018competitividad\u2019 sean las palabras que mandan frente a palabras como \u2018convivencia\u2019\u201d<\/span> (os\u00e9 Luis Sampedro)<\/p>\n\n\t\t<style type=\"text\/css\">\n\t\t\t#gallery-2 {\n\t\t\t\tmargin: auto;\n\t\t\t}\n\t\t\t#gallery-2 .gallery-item {\n\t\t\t\tfloat: left;\n\t\t\t\tmargin-top: 10px;\n\t\t\t\ttext-align: center;\n\t\t\t\twidth: 33%;\n\t\t\t}\n\t\t\t#gallery-2 img {\n\t\t\t\tborder: 2px solid #cfcfcf;\n\t\t\t}\n\t\t\t#gallery-2 .gallery-caption {\n\t\t\t\tmargin-left: 0;\n\t\t\t}\n\t\t\t\/* see gallery_shortcode() in wp-includes\/media.php *\/\n\t\t<\/style>\n\t\t<div id='gallery-2' class='gallery galleryid-2119 gallery-columns-3 gallery-size-medium'><dl class='gallery-item'>\n\t\t\t<dt class='gallery-icon landscape'>\n\t\t\t\t<a href='https:\/\/salesianosatocha.es\/bachillerato\/no-todo-es-academico\/sin-titulo-1\/'><img loading=\"lazy\" decoding=\"async\" width=\"300\" height=\"133\" src=\"https:\/\/salesianosatocha.es\/bachillerato\/files\/2015\/12\/Sin-t\u00edtulo-1-300x133.jpg\" class=\"attachment-medium size-medium\" alt=\"\" srcset=\"https:\/\/salesianosatocha.es\/bachillerato\/files\/2015\/12\/Sin-t\u00edtulo-1-300x133.jpg 300w, https:\/\/salesianosatocha.es\/bachillerato\/files\/2015\/12\/Sin-t\u00edtulo-1-768x340.jpg 768w, https:\/\/salesianosatocha.es\/bachillerato\/files\/2015\/12\/Sin-t\u00edtulo-1-1024x454.jpg 1024w, https:\/\/salesianosatocha.es\/bachillerato\/files\/2015\/12\/Sin-t\u00edtulo-1-610x270.jpg 610w, https:\/\/salesianosatocha.es\/bachillerato\/files\/2015\/12\/Sin-t\u00edtulo-1-1080x478.jpg 1080w\" sizes=\"(max-width: 300px) 100vw, 300px\" \/><\/a>\n\t\t\t<\/dt><\/dl><dl class='gallery-item'>\n\t\t\t<dt class='gallery-icon landscape'>\n\t\t\t\t<a href='https:\/\/salesianosatocha.es\/bachillerato\/no-todo-es-academico\/image-6\/'><img loading=\"lazy\" decoding=\"async\" width=\"300\" height=\"144\" src=\"https:\/\/salesianosatocha.es\/bachillerato\/files\/2015\/12\/image-e1450300238696-300x144.jpg\" class=\"attachment-medium size-medium\" alt=\"\" srcset=\"https:\/\/salesianosatocha.es\/bachillerato\/files\/2015\/12\/image-e1450300238696-300x144.jpg 300w, https:\/\/salesianosatocha.es\/bachillerato\/files\/2015\/12\/image-e1450300238696-768x369.jpg 768w, https:\/\/salesianosatocha.es\/bachillerato\/files\/2015\/12\/image-e1450300238696-1024x492.jpg 1024w, https:\/\/salesianosatocha.es\/bachillerato\/files\/2015\/12\/image-e1450300238696-610x293.jpg 610w, https:\/\/salesianosatocha.es\/bachillerato\/files\/2015\/12\/image-e1450300238696-1080x519.jpg 1080w, https:\/\/salesianosatocha.es\/bachillerato\/files\/2015\/12\/image-e1450300238696.jpg 1084w\" sizes=\"(max-width: 300px) 100vw, 300px\" \/><\/a>\n\t\t\t<\/dt><\/dl>\n\t\t\t<br style='clear: both' \/>\n\t\t<\/div>\n\n<h3>Convivencias de orientaci\u00f3n<\/h3>\n\n\t\t<style type=\"text\/css\">\n\t\t\t#gallery-3 {\n\t\t\t\tmargin: auto;\n\t\t\t}\n\t\t\t#gallery-3 .gallery-item {\n\t\t\t\tfloat: left;\n\t\t\t\tmargin-top: 10px;\n\t\t\t\ttext-align: center;\n\t\t\t\twidth: 33%;\n\t\t\t}\n\t\t\t#gallery-3 img {\n\t\t\t\tborder: 2px solid #cfcfcf;\n\t\t\t}\n\t\t\t#gallery-3 .gallery-caption {\n\t\t\t\tmargin-left: 0;\n\t\t\t}\n\t\t\t\/* see gallery_shortcode() in wp-includes\/media.php *\/\n\t\t<\/style>\n\t\t<div id='gallery-3' class='gallery galleryid-2119 gallery-columns-3 gallery-size-medium'><dl class='gallery-item'>\n\t\t\t<dt class='gallery-icon landscape'>\n\t\t\t\t<a href='https:\/\/salesianosatocha.es\/bachillerato\/blog\/2014\/11\/12\/convivencias-de-orientacion\/unnamed-3\/'><img loading=\"lazy\" decoding=\"async\" width=\"300\" height=\"169\" src=\"https:\/\/salesianosatocha.es\/bachillerato\/files\/2014\/11\/unnamed-3-300x169.jpg\" class=\"attachment-medium size-medium\" alt=\"\" srcset=\"https:\/\/salesianosatocha.es\/bachillerato\/files\/2014\/11\/unnamed-3-300x169.jpg 300w, https:\/\/salesianosatocha.es\/bachillerato\/files\/2014\/11\/unnamed-3.jpg 841w\" sizes=\"(max-width: 300px) 100vw, 300px\" \/><\/a>\n\t\t\t<\/dt><\/dl><dl class='gallery-item'>\n\t\t\t<dt class='gallery-icon landscape'>\n\t\t\t\t<a href='https:\/\/salesianosatocha.es\/bachillerato\/blog\/2014\/11\/12\/convivencias-de-orientacion\/unnamed-2\/'><img loading=\"lazy\" decoding=\"async\" width=\"300\" height=\"169\" src=\"https:\/\/salesianosatocha.es\/bachillerato\/files\/2014\/11\/unnamed-300x169.jpg\" class=\"attachment-medium size-medium\" alt=\"\" srcset=\"https:\/\/salesianosatocha.es\/bachillerato\/files\/2014\/11\/unnamed-300x169.jpg 300w, https:\/\/salesianosatocha.es\/bachillerato\/files\/2014\/11\/unnamed.jpg 917w\" sizes=\"(max-width: 300px) 100vw, 300px\" \/><\/a>\n\t\t\t<\/dt><\/dl><dl class='gallery-item'>\n\t\t\t<dt class='gallery-icon landscape'>\n\t\t\t\t<a href='https:\/\/salesianosatocha.es\/bachillerato\/blog\/2014\/11\/12\/convivencias-de-orientacion\/unnamed-2-2\/'><img loading=\"lazy\" decoding=\"async\" width=\"300\" height=\"169\" src=\"https:\/\/salesianosatocha.es\/bachillerato\/files\/2014\/11\/unnamed-2-300x169.jpg\" class=\"attachment-medium size-medium\" alt=\"\" srcset=\"https:\/\/salesianosatocha.es\/bachillerato\/files\/2014\/11\/unnamed-2-300x169.jpg 300w, https:\/\/salesianosatocha.es\/bachillerato\/files\/2014\/11\/unnamed-2.jpg 841w\" sizes=\"(max-width: 300px) 100vw, 300px\" \/><\/a>\n\t\t\t<\/dt><\/dl><br style=\"clear: both\" \/>\n\t\t<\/div>\n\n<blockquote data-secret=\"yOsI2uElbP\" class=\"wp-embedded-content\"><p><a href=\"https:\/\/salesianosatocha.es\/bachillerato\/blog\/2014\/11\/12\/convivencias-de-orientacion\/\">Convivencias de Orientaci\u00f3n<\/a><\/p><\/blockquote>\n<p><iframe class=\"wp-embedded-content\" sandbox=\"allow-scripts\" security=\"restricted\" style=\"display:none;\" src=\"https:\/\/salesianosatocha.es\/bachillerato\/blog\/2014\/11\/12\/convivencias-de-orientacion\/embed\/#?secret=yOsI2uElbP\" data-secret=\"yOsI2uElbP\" width=\"600\" height=\"338\" title=\"Entrada de WordPress incrustada\" frameborder=\"0\" marginwidth=\"0\" marginheight=\"0\" scrolling=\"no\"><\/iframe><\/p>\n<p>[\/et_pb_accordion_item][et_pb_accordion_item title=\u00bbCarreras Solidarias\u00bb]<\/p>\n\n\t\t<style type=\"text\/css\">\n\t\t\t#gallery-4 {\n\t\t\t\tmargin: auto;\n\t\t\t}\n\t\t\t#gallery-4 .gallery-item {\n\t\t\t\tfloat: left;\n\t\t\t\tmargin-top: 10px;\n\t\t\t\ttext-align: center;\n\t\t\t\twidth: 20%;\n\t\t\t}\n\t\t\t#gallery-4 img {\n\t\t\t\tborder: 2px solid #cfcfcf;\n\t\t\t}\n\t\t\t#gallery-4 .gallery-caption {\n\t\t\t\tmargin-left: 0;\n\t\t\t}\n\t\t\t\/* see gallery_shortcode() in wp-includes\/media.php *\/\n\t\t<\/style>\n\t\t<div id='gallery-4' class='gallery galleryid-2119 gallery-columns-5 gallery-size-medium'><dl class='gallery-item'>\n\t\t\t<dt class='gallery-icon landscape'>\n\t\t\t\t<a href='https:\/\/salesianosatocha.es\/bachillerato\/no-todo-es-academico\/img-20151022-wa0020\/'><img loading=\"lazy\" decoding=\"async\" width=\"300\" height=\"169\" src=\"https:\/\/salesianosatocha.es\/bachillerato\/files\/2015\/12\/IMG-20151022-WA0020-300x169.jpg\" class=\"attachment-medium size-medium\" alt=\"\" srcset=\"https:\/\/salesianosatocha.es\/bachillerato\/files\/2015\/12\/IMG-20151022-WA0020-300x169.jpg 300w, https:\/\/salesianosatocha.es\/bachillerato\/files\/2015\/12\/IMG-20151022-WA0020-768x432.jpg 768w, https:\/\/salesianosatocha.es\/bachillerato\/files\/2015\/12\/IMG-20151022-WA0020-1024x576.jpg 1024w, https:\/\/salesianosatocha.es\/bachillerato\/files\/2015\/12\/IMG-20151022-WA0020-610x343.jpg 610w, https:\/\/salesianosatocha.es\/bachillerato\/files\/2015\/12\/IMG-20151022-WA0020-1080x608.jpg 1080w, https:\/\/salesianosatocha.es\/bachillerato\/files\/2015\/12\/IMG-20151022-WA0020.jpg 1600w\" sizes=\"(max-width: 300px) 100vw, 300px\" \/><\/a>\n\t\t\t<\/dt><\/dl><dl class='gallery-item'>\n\t\t\t<dt class='gallery-icon landscape'>\n\t\t\t\t<a href='https:\/\/salesianosatocha.es\/bachillerato\/no-todo-es-academico\/img-20151022-wa0019\/'><img loading=\"lazy\" decoding=\"async\" width=\"300\" height=\"169\" src=\"https:\/\/salesianosatocha.es\/bachillerato\/files\/2015\/12\/IMG-20151022-WA0019-300x169.jpg\" class=\"attachment-medium size-medium\" alt=\"\" srcset=\"https:\/\/salesianosatocha.es\/bachillerato\/files\/2015\/12\/IMG-20151022-WA0019-300x169.jpg 300w, https:\/\/salesianosatocha.es\/bachillerato\/files\/2015\/12\/IMG-20151022-WA0019-768x432.jpg 768w, https:\/\/salesianosatocha.es\/bachillerato\/files\/2015\/12\/IMG-20151022-WA0019-1024x576.jpg 1024w, https:\/\/salesianosatocha.es\/bachillerato\/files\/2015\/12\/IMG-20151022-WA0019-610x343.jpg 610w, https:\/\/salesianosatocha.es\/bachillerato\/files\/2015\/12\/IMG-20151022-WA0019-1080x608.jpg 1080w, https:\/\/salesianosatocha.es\/bachillerato\/files\/2015\/12\/IMG-20151022-WA0019.jpg 1600w\" sizes=\"(max-width: 300px) 100vw, 300px\" \/><\/a>\n\t\t\t<\/dt><\/dl><dl class='gallery-item'>\n\t\t\t<dt class='gallery-icon landscape'>\n\t\t\t\t<a href='https:\/\/salesianosatocha.es\/bachillerato\/no-todo-es-academico\/img-20151022-wa0008\/'><img loading=\"lazy\" decoding=\"async\" width=\"300\" height=\"225\" src=\"https:\/\/salesianosatocha.es\/bachillerato\/files\/2015\/12\/IMG-20151022-WA0008-300x225.jpg\" class=\"attachment-medium size-medium\" alt=\"\" srcset=\"https:\/\/salesianosatocha.es\/bachillerato\/files\/2015\/12\/IMG-20151022-WA0008-300x225.jpg 300w, https:\/\/salesianosatocha.es\/bachillerato\/files\/2015\/12\/IMG-20151022-WA0008-768x576.jpg 768w, https:\/\/salesianosatocha.es\/bachillerato\/files\/2015\/12\/IMG-20151022-WA0008-1024x768.jpg 1024w, https:\/\/salesianosatocha.es\/bachillerato\/files\/2015\/12\/IMG-20151022-WA0008-610x458.jpg 610w, https:\/\/salesianosatocha.es\/bachillerato\/files\/2015\/12\/IMG-20151022-WA0008-1080x810.jpg 1080w, https:\/\/salesianosatocha.es\/bachillerato\/files\/2015\/12\/IMG-20151022-WA0008.jpg 1600w\" sizes=\"(max-width: 300px) 100vw, 300px\" \/><\/a>\n\t\t\t<\/dt><\/dl><dl class='gallery-item'>\n\t\t\t<dt class='gallery-icon landscape'>\n\t\t\t\t<a href='https:\/\/salesianosatocha.es\/bachillerato\/no-todo-es-academico\/img-20151022-wa0007\/'><img loading=\"lazy\" decoding=\"async\" width=\"300\" height=\"225\" src=\"https:\/\/salesianosatocha.es\/bachillerato\/files\/2015\/12\/IMG-20151022-WA0007-300x225.jpg\" class=\"attachment-medium size-medium\" alt=\"\" srcset=\"https:\/\/salesianosatocha.es\/bachillerato\/files\/2015\/12\/IMG-20151022-WA0007-300x225.jpg 300w, https:\/\/salesianosatocha.es\/bachillerato\/files\/2015\/12\/IMG-20151022-WA0007-768x576.jpg 768w, https:\/\/salesianosatocha.es\/bachillerato\/files\/2015\/12\/IMG-20151022-WA0007-1024x768.jpg 1024w, https:\/\/salesianosatocha.es\/bachillerato\/files\/2015\/12\/IMG-20151022-WA0007-610x458.jpg 610w, https:\/\/salesianosatocha.es\/bachillerato\/files\/2015\/12\/IMG-20151022-WA0007-1080x810.jpg 1080w, https:\/\/salesianosatocha.es\/bachillerato\/files\/2015\/12\/IMG-20151022-WA0007.jpg 1600w\" sizes=\"(max-width: 300px) 100vw, 300px\" \/><\/a>\n\t\t\t<\/dt><\/dl><dl class='gallery-item'>\n\t\t\t<dt class='gallery-icon landscape'>\n\t\t\t\t<a href='https:\/\/salesianosatocha.es\/bachillerato\/no-todo-es-academico\/img-20151022-wa0006\/'><img loading=\"lazy\" decoding=\"async\" width=\"300\" height=\"225\" src=\"https:\/\/salesianosatocha.es\/bachillerato\/files\/2015\/12\/IMG-20151022-WA0006-300x225.jpg\" class=\"attachment-medium size-medium\" alt=\"\" srcset=\"https:\/\/salesianosatocha.es\/bachillerato\/files\/2015\/12\/IMG-20151022-WA0006-300x225.jpg 300w, https:\/\/salesianosatocha.es\/bachillerato\/files\/2015\/12\/IMG-20151022-WA0006-768x576.jpg 768w, https:\/\/salesianosatocha.es\/bachillerato\/files\/2015\/12\/IMG-20151022-WA0006-1024x768.jpg 1024w, https:\/\/salesianosatocha.es\/bachillerato\/files\/2015\/12\/IMG-20151022-WA0006-610x458.jpg 610w, https:\/\/salesianosatocha.es\/bachillerato\/files\/2015\/12\/IMG-20151022-WA0006-1080x810.jpg 1080w, https:\/\/salesianosatocha.es\/bachillerato\/files\/2015\/12\/IMG-20151022-WA0006.jpg 1600w\" sizes=\"(max-width: 300px) 100vw, 300px\" \/><\/a>\n\t\t\t<\/dt><\/dl><br style=\"clear: both\" \/>\n\t\t<\/div>\n\n<p>[\/et_pb_accordion_item][et_pb_accordion_item title=\u00bbVeladas Solidarias\u00bb] [\/et_pb_accordion_item] [\/et_pb_accordion][\/et_pb_column][\/et_pb_row][\/et_pb_section]<\/p>\n","protected":false},"excerpt":{"rendered":"<p>En el bachillerato nos planteamos que la formaci\u00f3n de un alumno no debe terminar en el aula, por ello se plantean algunas iniciativas solidarias puntuales (convivencias, veladas, carreras, Camino de Santiago) y otras continuas durante todo el curso (Centro Juvenil, Voluntariado). El alumno elige su nivel de implicaci\u00f3n. \n\t\t<style type=\"text\/css\">\n\t\t\t#gallery-5 {\n\t\t\t\tmargin: auto;\n\t\t\t}\n\t\t\t#gallery-5 .gallery-item {\n\t\t\t\tfloat: left;\n\t\t\t\tmargin-top: 10px;\n\t\t\t\ttext-align: center;\n\t\t\t\twidth: 33%;\n\t\t\t}\n\t\t\t#gallery-5 img {\n\t\t\t\tborder: 2px solid #cfcfcf;\n\t\t\t}\n\t\t\t#gallery-5 .gallery-caption {\n\t\t\t\tmargin-left: 0;\n\t\t\t}\n\t\t\t\/* see gallery_shortcode() in wp-includes\/media.php *\/\n\t\t<\/style>\n\t\t<div id='gallery-5' class='gallery galleryid-2119 gallery-columns-3 gallery-size-medium'><dl class='gallery-item'>\n\t\t\t<dt class='gallery-icon landscape'>\n\t\t\t\t<a href='https:\/\/salesianosatocha.es\/bachillerato\/no-todo-es-academico\/encuentrofincurso-2\/'><img width=\"300\" height=\"225\" src=\"https:\/\/salesianosatocha.es\/bachillerato\/files\/2015\/12\/encuentroFinCurso-1-300x225.jpg\" class=\"attachment-medium size-medium\" alt=\"\" decoding=\"async\" loading=\"lazy\" srcset=\"https:\/\/salesianosatocha.es\/bachillerato\/files\/2015\/12\/encuentroFinCurso-1-300x225.jpg 300w, https:\/\/salesianosatocha.es\/bachillerato\/files\/2015\/12\/encuentroFinCurso-1-610x457.jpg 610w, https:\/\/salesianosatocha.es\/bachillerato\/files\/2015\/12\/encuentroFinCurso-1.jpg 737w\" sizes=\"(max-width: 300px) 100vw, 300px\" \/><\/a>\n\t\t\t<\/dt><\/dl><dl class='gallery-item'>\n\t\t\t<dt class='gallery-icon landscape'>\n\t\t\t\t<a href='https:\/\/salesianosatocha.es\/bachillerato\/no-todo-es-academico\/la-foto-1-2\/'><img width=\"300\" height=\"225\" src=\"https:\/\/salesianosatocha.es\/bachillerato\/files\/2015\/12\/la-foto-1-300x225.jpg\" class=\"attachment-medium size-medium\" alt=\"\" decoding=\"async\" loading=\"lazy\" srcset=\"https:\/\/salesianosatocha.es\/bachillerato\/files\/2015\/12\/la-foto-1-300x225.jpg 300w, https:\/\/salesianosatocha.es\/bachillerato\/files\/2015\/12\/la-foto-1-610x458.jpg 610w, https:\/\/salesianosatocha.es\/bachillerato\/files\/2015\/12\/la-foto-1.jpg 640w\" sizes=\"(max-width: 300px) 100vw, 300px\" \/><\/a>\n\t\t\t<\/dt><\/dl><dl class='gallery-item'>\n\t\t\t<dt class='gallery-icon landscape'>\n\t\t\t\t<a href='https:\/\/salesianosatocha.es\/bachillerato\/no-todo-es-academico\/image-5\/'><img width=\"300\" height=\"225\" src=\"https:\/\/salesianosatocha.es\/bachillerato\/files\/2015\/12\/image-300x225.jpeg\" class=\"attachment-medium size-medium\" alt=\"\" decoding=\"async\" loading=\"lazy\" srcset=\"https:\/\/salesianosatocha.es\/bachillerato\/files\/2015\/12\/image-300x225.jpeg 300w, https:\/\/salesianosatocha.es\/bachillerato\/files\/2015\/12\/image-610x458.jpeg 610w, https:\/\/salesianosatocha.es\/bachillerato\/files\/2015\/12\/image.jpeg 640w\" sizes=\"(max-width: 300px) 100vw, 300px\" \/><\/a>\n\t\t\t<\/dt><\/dl><br style=\"clear: both\" \/>\n\t\t<\/div>\n \u00abLa vida es una [&hellip;]<\/p>\n","protected":false},"author":85,"featured_media":0,"parent":0,"menu_order":0,"comment_status":"closed","ping_status":"closed","template":"","meta":{"_et_pb_use_builder":"on","_et_pb_old_content":"","_et_gb_content_width":"","ngg_post_thumbnail":0,"footnotes":""},"_links":{"self":[{"href":"https:\/\/salesianosatocha.es\/bachillerato\/wp-json\/wp\/v2\/pages\/2119"}],"collection":[{"href":"https:\/\/salesianosatocha.es\/bachillerato\/wp-json\/wp\/v2\/pages"}],"about":[{"href":"https:\/\/salesianosatocha.es\/bachillerato\/wp-json\/wp\/v2\/types\/page"}],"author":[{"embeddable":true,"href":"https:\/\/salesianosatocha.es\/bachillerato\/wp-json\/wp\/v2\/users\/85"}],"replies":[{"embeddable":true,"href":"https:\/\/salesianosatocha.es\/bachillerato\/wp-json\/wp\/v2\/comments?post=2119"}],"version-history":[{"count":18,"href":"https:\/\/salesianosatocha.es\/bachillerato\/wp-json\/wp\/v2\/pages\/2119\/revisions"}],"predecessor-version":[{"id":2340,"href":"https:\/\/salesianosatocha.es\/bachillerato\/wp-json\/wp\/v2\/pages\/2119\/revisions\/2340"}],"wp:attachment":[{"href":"https:\/\/salesianosatocha.es\/bachillerato\/wp-json\/wp\/v2\/media?parent=2119"}],"curies":[{"name":"wp","href":"https:\/\/api.w.org\/{rel}","templated":true}]}}