{"id":2105,"date":"2015-12-06T11:16:13","date_gmt":"2015-12-06T10:16:13","guid":{"rendered":"http:\/\/salesianosatocha.es\/bachillerato\/?page_id=2105"},"modified":"2016-01-18T09:53:08","modified_gmt":"2016-01-18T08:53:08","slug":"calendario-generico","status":"publish","type":"page","link":"https:\/\/salesianosatocha.es\/bachillerato\/calendario-generico\/","title":{"rendered":"Agenda anual"},"content":{"rendered":"\n\t\t\t<div class='et-tabs-container et_sliderfx_slide et_sliderauto_false et_sliderauto_speed_5000 et_slidertype_top_tabs'>\n\t\t\t\t<ul class='et-tabs-control'>\n\t\t\t<li><a href='#'>\n\t\t\t1\u00ba Bachillerato\n\t\t<\/a><\/li> \n\t\t<li><a href='#'>\n\t\t\t2\u00ba Bachillerato\n\t\t<\/a><\/li>\n\t\t<\/ul> \n\t\t<div class='et-tabs-content'>\n\t\t\t<div class='et-tabs-content-main-wrap'>\n\t\t\t\t<div class='et-tabs-content-wrapper'>\n\t\t\t\t\t<div class='et_slidecontent'>\n\t\t\t<div class='et-box et-bio'>\n\t\t\t\t\t<div class='et-box-content'><p><strong>Septiembre:<\/strong><\/p>\n<ul>\n<li>Comienzo del curso con los alumnos<\/li>\n<li>Din\u00e1mica Tutorial<\/li>\n<li><a href=\"https:\/\/salesianosatocha.es\/bachillerato\/aplicacion-de-pruebas-psicopedagogicas\/\">Evaluaci\u00f3n inicial de los alumnos nuevos, por parte de Orientaci\u00f3n.<\/a><\/li>\n<li>Presentaci\u00f3n del proyecto de pastoral. <a href=\"https:\/\/salesianosatocha.es\/bachillerato\/no-todo-es-academico\/\" target=\"_blank\">No todo es Acad\u00e9mico<\/a><\/div><\/div><\/li>\n<\/ul>\n<div class='et-box et-bio'>\n\t\t\t\t\t<div class='et-box-content'><p><strong>Octubre:<\/strong><\/p>\n<ul>\n<li>Reuni\u00f3n Tutor-Familias<\/li>\n<li><\/div><\/div><\/li>\n<\/ul>\n<div class='et-box et-bio'>\n\t\t\t\t\t<div class='et-box-content'><p><strong>Noviembre:<\/strong><\/p>\n<ul>\n<li>Celebraci\u00f3n de Todos los Santos<\/li>\n<li>Presentaci\u00f3n de la Velada Solidaria<\/li>\n<li>Semana de la Ciencia<\/li>\n<li>D\u00eda Mundial de la Filosof\u00eda<\/div><\/div><\/li>\n<\/ul>\n<div class='et-box et-bio'>\n\t\t\t\t\t<div class='et-box-content'><p><strong>Diciembre:<\/strong><\/p>\n<ul>\n<li>Final del 1er Trimestre de Evaluaci\u00f3n<\/li>\n<li><a href=\"https:\/\/salesianosatocha.es\/bachillerato\/blog\/2015\/12\/04\/casting-para-la-velada-solidaria-la-tierra-es-si-tu-eres\/\" target=\"_blank\">Casting para la Velada Solidaria<\/a><\/li>\n<li><a href=\"https:\/\/salesianosatocha.es\/bachillerato\/blog\/2015\/01\/09\/operacion-kilo-2\/\" target=\"_blank\">Operaci\u00f3n Kilo<\/a><\/li>\n<li><a href=\"https:\/\/salesianosatocha.es\/bachillerato\/blog\/2015\/12\/22\/4203\/\" target=\"_blank\">Villancicos con Educaci\u00f3n Infantil<\/a><\/div><\/div><\/li>\n<\/ul>\n<div class='et-box et-bio'>\n\t\t\t\t\t<div class='et-box-content'><p><strong>Enero:<\/strong><\/p>\n<ul>\n<li>Semana Vocacional<\/li>\n<li><a href=\"https:\/\/salesianosatocha.es\/bachillerato\/blog\/2015\/01\/27\/cross-don-bosco\/\" target=\"_blank\">Cross Municipal Don Bosco<\/a><\/li>\n<li>Fiesta Colegial Don Bosco<\/div><\/div><\/li>\n<\/ul>\n<div class='et-box et-bio'>\n\t\t\t\t\t<div class='et-box-content'><p><strong>Febrero:<\/strong><\/p>\n<ul>\n<li><a href=\"https:\/\/salesianosatocha.es\/bachillerato\/blog\/2015\/02\/21\/puertas-abiertas\/\" target=\"_blank\">Jornada de Puertas Abiertas<\/a><\/div><\/div><\/li>\n<\/ul>\n<div class='et-box et-bio'>\n\t\t\t\t\t<div class='et-box-content'><p><strong>Marzo:<\/strong><\/p>\n<ul>\n<li>Final del 2\u00ba Trimestre de Evaluaci\u00f3n<\/li>\n<li><a href=\"https:\/\/salesianosatocha.es\/bachillerato\/blog\/2015\/03\/23\/camino-de-santiago-2015\/\" target=\"_blank\">Camino de Santiago<\/a><\/div><\/div><\/li>\n<\/ul>\n<div class='et-box et-bio'>\n\t\t\t\t\t<div class='et-box-content'><p><strong>Abril:<\/strong><\/div><\/div>\n<div class='et-box et-bio'>\n\t\t\t\t\t<div class='et-box-content'><p><strong>Mayo:<\/strong><\/p>\n<ul>\n<li><a href=\"https:\/\/salesianosatocha.es\/bachillerato\/blog\/2014\/05\/16\/preparativos-de-fitouratocha\/\" target=\"_blank\">Preparativos para Mar\u00eda Auxiliadora<\/a><\/li>\n<li>Campeonato de F\u00fatbol Mar\u00eda Auxiliadora<\/li>\n<li>Fiesta colegial Mar\u00eda Auxiliadora<\/div><\/div><\/li>\n<\/ul>\n<div class='et-box et-bio'>\n\t\t\t\t\t<div class='et-box-content'><p><strong>Junio:<\/strong><\/p>\n<ul>\n<li>Final de Curso<\/div><\/div><\/li>\n<\/ul>\n\t\t<\/div> \n\t\t<div class='et_slidecontent'>\n\t\t\t<div class='et-box et-bio'>\n\t\t\t\t\t<div class='et-box-content'><p><strong>Septiembre:<\/strong><\/p>\n<ul>\n<li>Ex\u00e1menes Extraordinarios de 1\u00ba Bachillerato<\/li>\n<li>Comienzo del 2\u00ba curso con los alumnos<\/li>\n<li>Presentaci\u00f3n del proyecto de pastoral. <a href=\"https:\/\/salesianosatocha.es\/bachillerato\/no-todo-es-academico\/\" target=\"_blank\">No todo es Acad\u00e9mico<\/a><\/div><\/div><\/li>\n<\/ul>\n<div class='et-box et-bio'>\n\t\t\t\t\t<div class='et-box-content'><p><strong>Octubre:<\/strong><\/p>\n<ul>\n<li>Reuni\u00f3n Tutor-Familias\u00a0<\/div><\/div><\/li>\n<\/ul>\n<div class='et-box et-bio'>\n\t\t\t\t\t<div class='et-box-content'><p><strong>Noviembre:<\/strong><\/p>\n<ul>\n<li>Celebraci\u00f3n de Todos los Santos<\/li>\n<li>Presentaci\u00f3n de la Velada Solidaria<\/li>\n<li><a href=\"https:\/\/salesianosatocha.es\/bachillerato\/blog\/2015\/11\/07\/final-de-la-1a-evaluacion-de-2o-de-bachillerato\/\" target=\"_blank\">Final de la 1er Trimestre de Evaluaci\u00f3n<\/a><\/li>\n<li>Semana de la Ciencia: Visita al <a href=\"https:\/\/salesianosatocha.es\/bachillerato\/blog\/2015\/11\/07\/2015nov-visita-al-cenquior\/\" target=\"_blank\">Centro de Qu\u00edmica Org\u00e1nica<\/a> y a la<a href=\"https:\/\/salesianosatocha.es\/bachillerato\/blog\/2015\/11\/14\/visita-a-la-facultad-de-biologicas-de-la-universidad-complutense-de-madrid\/\" target=\"_blank\"> facultad de Biolog\u00eda<\/a><\/li>\n<li><a href=\"https:\/\/salesianosatocha.es\/bachillerato\/aplicacion-de-pruebas-psicopedagogicas\/\">Aplicaci\u00f3n de Pruebas Psicopedagogicas, por parte de Orientaci\u00f3n<\/a><\/li>\n<li>D\u00eda Mundial de la Filosof\u00eda<\/div><\/div><\/li>\n<\/ul>\n<div class='et-box et-bio'>\n\t\t\t\t\t<div class='et-box-content'><p><strong>Diciembre:<\/strong><\/p>\n<ul>\n<li><a href=\"https:\/\/salesianosatocha.es\/bachillerato\/blog\/2015\/12\/04\/casting-para-la-velada-solidaria-la-tierra-es-si-tu-eres\/\" target=\"_blank\">Casting para la Velada Solidaria<\/a><\/li>\n<li><a href=\"https:\/\/salesianosatocha.es\/bachillerato\/blog\/2015\/12\/11\/jornadas_preuniversitarias\/\" target=\"_blank\">Jornadas Pre-Universitarias en UCM<\/a><\/li>\n<li><a href=\"https:\/\/salesianosatocha.es\/bachillerato\/blog\/2015\/01\/09\/operacion-kilo-2\/\" target=\"_blank\">Operaci\u00f3n Kilo<\/a><\/li>\n<li><a href=\"https:\/\/salesianosatocha.es\/bachillerato\/blog\/2015\/12\/22\/4203\/\" target=\"_blank\">Villancicos con Educaci\u00f3n Infantil<\/a><\/div><\/div><\/li>\n<\/ul>\n<div class='et-box et-bio'>\n\t\t\t\t\t<div class='et-box-content'><p><strong>Enero:<\/strong><\/p>\n<ul>\n<li>Semana Vocacional<\/li>\n<li><a href=\"https:\/\/salesianosatocha.es\/bachillerato\/blog\/2015\/01\/27\/cross-don-bosco\/\" target=\"_blank\">Cross Municipal Don Bosco<\/a><\/li>\n<li><a href=\"https:\/\/salesianosatocha.es\/bachillerato\/blog\/2015\/01\/31\/fiesta-de-don-bosco\/\" target=\"_blank\">Fiesta Colegial Don Bosco<\/a><\/div><\/div><\/li>\n<\/ul>\n<div class='et-box et-bio'>\n\t\t\t\t\t<div class='et-box-content'><p><strong>Febrero:<\/strong><\/p>\n<ul>\n<li><a href=\"https:\/\/salesianosatocha.es\/bachillerato\/blog\/2015\/02\/21\/puertas-abiertas\/\" target=\"_blank\">Jornada de Puertas Abiertas Final del 2\u00ba Trimestre de Evaluaci\u00f3n<\/a><\/div><\/div><\/li>\n<\/ul>\n<div class='et-box et-bio'>\n\t\t\t\t\t<div class='et-box-content'><p><strong>Marzo:<\/strong><\/p>\n<ul>\n<li><a href=\"https:\/\/salesianosatocha.es\/bachillerato\/blog\/2015\/03\/23\/camino-de-santiago-2015\/\" target=\"_blank\">Camino de Santiago<\/a><\/div><\/div><\/li>\n<\/ul>\n<div class='et-box et-bio'>\n\t\t\t\t\t<div class='et-box-content'><p><strong>Abril:<\/strong><\/p>\n<ul>\n<li><a href=\"https:\/\/salesianosatocha.es\/bachillerato\/blog\/2015\/04\/26\/histobike\/\" target=\"_blank\">#HistoBike<\/a><\/div><\/div><\/li>\n<\/ul>\n<div class='et-box et-bio'>\n\t\t\t\t\t<div class='et-box-content'><p><strong>Mayo:<\/strong><\/p>\n<ul>\n<li><a href=\"https:\/\/salesianosatocha.es\/bachillerato\/blog\/2015\/05\/12\/graduacion-curso-20142015\/\" target=\"_blank\">Clausura del Curso<\/a><\/li>\n<li>Campeonato de F\u00fatbol Mar\u00eda Auxiliadora Fiesta colegial Mar\u00eda Auxiliadora<\/div><\/div><\/li>\n<\/ul>\n<div class='et-box et-bio'>\n\t\t\t\t\t<div class='et-box-content'><p><strong>Junio:<\/strong><\/p>\n<ul>\n<li>Final de Curso<\/div><\/div><\/li>\n<\/ul>\n\t\t<\/div>\n\t\t\t\t<\/div>\n\t\t\t<\/div>\n\t\t<\/div>\n\t\t\t<\/div>\n<p>&nbsp;<\/p>\n<p>&nbsp;<\/p>\n<p>&nbsp;<\/p>\n<p>&nbsp;<\/p>\n","protected":false},"excerpt":{"rendered":"<p>&nbsp; &nbsp; &nbsp; &nbsp;<\/p>\n","protected":false},"author":85,"featured_media":0,"parent":0,"menu_order":0,"comment_status":"closed","ping_status":"closed","template":"","meta":{"_et_pb_use_builder":"","_et_pb_old_content":"","_et_gb_content_width":"","ngg_post_thumbnail":0,"footnotes":""},"_links":{"self":[{"href":"https:\/\/salesianosatocha.es\/bachillerato\/wp-json\/wp\/v2\/pages\/2105"}],"collection":[{"href":"https:\/\/salesianosatocha.es\/bachillerato\/wp-json\/wp\/v2\/pages"}],"about":[{"href":"https:\/\/salesianosatocha.es\/bachillerato\/wp-json\/wp\/v2\/types\/page"}],"author":[{"embeddable":true,"href":"https:\/\/salesianosatocha.es\/bachillerato\/wp-json\/wp\/v2\/users\/85"}],"replies":[{"embeddable":true,"href":"https:\/\/salesianosatocha.es\/bachillerato\/wp-json\/wp\/v2\/comments?post=2105"}],"version-history":[{"count":34,"href":"https:\/\/salesianosatocha.es\/bachillerato\/wp-json\/wp\/v2\/pages\/2105\/revisions"}],"predecessor-version":[{"id":2383,"href":"https:\/\/salesianosatocha.es\/bachillerato\/wp-json\/wp\/v2\/pages\/2105\/revisions\/2383"}],"wp:attachment":[{"href":"https:\/\/salesianosatocha.es\/bachillerato\/wp-json\/wp\/v2\/media?parent=2105"}],"curies":[{"name":"wp","href":"https:\/\/api.w.org\/{rel}","templated":true}]}}