{"id":2100,"date":"2015-12-06T11:12:52","date_gmt":"2015-12-06T10:12:52","guid":{"rendered":"http:\/\/salesianosatocha.es\/bachillerato\/?page_id=2100"},"modified":"2016-01-11T23:04:48","modified_gmt":"2016-01-11T22:04:48","slug":"conocenos","status":"publish","type":"page","link":"https:\/\/salesianosatocha.es\/bachillerato\/conocenos\/","title":{"rendered":"Con\u00f3cenos"},"content":{"rendered":"<p>[et_pb_section admin_label=\u00bbsection\u00bb][et_pb_row admin_label=\u00bbrow\u00bb][et_pb_column type=\u00bb1_3&#8243;][et_pb_image admin_label=\u00bbImagen\u00bb src=\u00bbhttps:\/\/salesianosatocha.es\/bachillerato\/files\/2016\/01\/graduate20.png\u00bb show_in_lightbox=\u00bboff\u00bb url=\u00bbhttps:\/\/salesianosatocha.es\/bachillerato\/modalidades\/\u00bb url_new_window=\u00bboff\u00bb animation=\u00bbtop\u00bb sticky=\u00bboff\u00bb align=\u00bbcenter\u00bb force_fullwidth=\u00bboff\u00bb always_center_on_mobile=\u00bbon\u00bb use_border_color=\u00bboff\u00bb border_color=\u00bb#ffffff\u00bb border_style=\u00bbsolid\u00bb] [\/et_pb_image][et_pb_text admin_label=\u00bbTexto\u00bb background_layout=\u00bblight\u00bb text_orientation=\u00bbleft\u00bb text_font_size=\u00bb14&#8243; use_border_color=\u00bboff\u00bb border_color=\u00bb#ffffff\u00bb border_style=\u00bbsolid\u00bb]<\/p>\n<h2 style=\"text-align: center\"><a href=\"https:\/\/salesianosatocha.es\/bachillerato\/modalidades\/\" target=\"_blank\"> Oferta Educativa<\/a><\/h2>\n<p>[\/et_pb_text][\/et_pb_column][et_pb_column type=\u00bb1_3&#8243;][et_pb_image admin_label=\u00bbImagen\u00bb src=\u00bbhttps:\/\/salesianosatocha.es\/bachillerato\/files\/2016\/01\/chat27-1.png\u00bb title_text=\u00bbIdiomas\u00bb show_in_lightbox=\u00bboff\u00bb url=\u00bbhttps:\/\/salesianosatocha.es\/bachillerato\/idiomas\/\u00bb url_new_window=\u00bboff\u00bb animation=\u00bbtop\u00bb sticky=\u00bboff\u00bb align=\u00bbcenter\u00bb force_fullwidth=\u00bboff\u00bb always_center_on_mobile=\u00bbon\u00bb use_border_color=\u00bboff\u00bb border_color=\u00bb#ffffff\u00bb border_style=\u00bbsolid\u00bb] [\/et_pb_image][et_pb_text admin_label=\u00bbTexto\u00bb background_layout=\u00bblight\u00bb text_orientation=\u00bbleft\u00bb text_font_size=\u00bb14&#8243; use_border_color=\u00bboff\u00bb border_color=\u00bb#ffffff\u00bb border_style=\u00bbsolid\u00bb]<\/p>\n<h2 style=\"text-align: center\"><a href=\"https:\/\/salesianosatocha.es\/bachillerato\/idiomas\/\" target=\"_blank\">Idiomas<\/a><\/h2>\n<p>[\/et_pb_text][\/et_pb_column][et_pb_column type=\u00bb1_3&#8243;][et_pb_image admin_label=\u00bbImagen\u00bb src=\u00bbhttps:\/\/salesianosatocha.es\/bachillerato\/files\/2015\/12\/click6.png\u00bb show_in_lightbox=\u00bboff\u00bb url=\u00bbhttps:\/\/salesianosatocha.es\/bachillerato\/no-todo-es-academico\/\u00bb url_new_window=\u00bboff\u00bb animation=\u00bbtop\u00bb sticky=\u00bboff\u00bb align=\u00bbcenter\u00bb force_fullwidth=\u00bboff\u00bb always_center_on_mobile=\u00bbon\u00bb use_border_color=\u00bboff\u00bb border_color=\u00bb#ffffff\u00bb border_style=\u00bbsolid\u00bb] [\/et_pb_image][et_pb_text admin_label=\u00bbTexto\u00bb background_layout=\u00bblight\u00bb text_orientation=\u00bbleft\u00bb text_font_size=\u00bb14&#8243; use_border_color=\u00bboff\u00bb border_color=\u00bb#ffffff\u00bb border_style=\u00bbsolid\u00bb]<\/p>\n<h2 style=\"text-align: center\"><a href=\"https:\/\/salesianosatocha.es\/bachillerato\/no-todo-es-academico\/\" target=\"_blank\">No todo es acad\u00e9mico<\/a><\/h2>\n<p>[\/et_pb_text][\/et_pb_column][\/et_pb_row][et_pb_row admin_label=\u00bbFila\u00bb][et_pb_column type=\u00bb1_3&#8243;][et_pb_image admin_label=\u00bbImagen\u00bb src=\u00bbhttps:\/\/salesianosatocha.es\/bachillerato\/files\/2015\/12\/earth72.png\u00bb show_in_lightbox=\u00bboff\u00bb url=\u00bbhttps:\/\/salesianosatocha.es\/bachillerato\/proyecto-multidisciplinar\/\u00bb url_new_window=\u00bboff\u00bb animation=\u00bbtop\u00bb sticky=\u00bboff\u00bb align=\u00bbcenter\u00bb force_fullwidth=\u00bboff\u00bb always_center_on_mobile=\u00bbon\u00bb use_border_color=\u00bboff\u00bb border_color=\u00bb#ffffff\u00bb border_style=\u00bbsolid\u00bb] [\/et_pb_image][et_pb_text admin_label=\u00bbTexto\u00bb background_layout=\u00bblight\u00bb text_orientation=\u00bbleft\u00bb text_font_size=\u00bb14&#8243; use_border_color=\u00bboff\u00bb border_color=\u00bb#ffffff\u00bb border_style=\u00bbsolid\u00bb]<\/p>\n<h2 style=\"text-align: center\"><a href=\"https:\/\/salesianosatocha.es\/bachillerato\/proyecto-multidisciplinar\/\" target=\"_blank\">Proyectos<\/a><\/h2>\n<p>[\/et_pb_text][\/et_pb_column][et_pb_column type=\u00bb1_3&#8243;][et_pb_image admin_label=\u00bbImagen\u00bb src=\u00bbhttps:\/\/salesianosatocha.es\/bachillerato\/files\/2015\/12\/calendar146-1.png\u00bb show_in_lightbox=\u00bboff\u00bb url=\u00bbhttps:\/\/salesianosatocha.es\/bachillerato\/calendario-generico\/\u00bb url_new_window=\u00bboff\u00bb animation=\u00bbtop\u00bb sticky=\u00bboff\u00bb align=\u00bbcenter\u00bb force_fullwidth=\u00bboff\u00bb always_center_on_mobile=\u00bbon\u00bb use_border_color=\u00bboff\u00bb border_color=\u00bb#ffffff\u00bb border_style=\u00bbsolid\u00bb] [\/et_pb_image][et_pb_text admin_label=\u00bbTexto\u00bb background_layout=\u00bblight\u00bb text_orientation=\u00bbleft\u00bb text_font_size=\u00bb14&#8243; use_border_color=\u00bboff\u00bb border_color=\u00bb#ffffff\u00bb border_style=\u00bbsolid\u00bb]<\/p>\n<h2 style=\"text-align: center\"><a href=\"https:\/\/salesianosatocha.es\/bachillerato\/calendario-generico\/\" target=\"_blank\">Agenda Anual<\/a><\/h2>\n<p>[\/et_pb_text][\/et_pb_column][et_pb_column type=\u00bb1_3&#8243;][et_pb_image admin_label=\u00bbImagen\u00bb src=\u00bbhttps:\/\/salesianosatocha.es\/bachillerato\/files\/2015\/12\/award53.png\u00bb show_in_lightbox=\u00bboff\u00bb url=\u00bbhttps:\/\/salesianosatocha.es\/bachillerato\/concursos-y-olimpiadas\/\u00bb url_new_window=\u00bboff\u00bb animation=\u00bbtop\u00bb sticky=\u00bboff\u00bb align=\u00bbcenter\u00bb force_fullwidth=\u00bboff\u00bb always_center_on_mobile=\u00bbon\u00bb use_border_color=\u00bboff\u00bb border_color=\u00bb#ffffff\u00bb border_style=\u00bbsolid\u00bb] [\/et_pb_image][et_pb_text admin_label=\u00bbTexto\u00bb background_layout=\u00bblight\u00bb text_orientation=\u00bbleft\u00bb text_font_size=\u00bb14&#8243; use_border_color=\u00bboff\u00bb border_color=\u00bb#ffffff\u00bb border_style=\u00bbsolid\u00bb]<\/p>\n<h2 style=\"text-align: center\"><a href=\"https:\/\/salesianosatocha.es\/bachillerato\/calendario-generico\/\" target=\"_blank\">Concursos y Olimpiadas<\/a><\/h2>\n<p>[\/et_pb_text][\/et_pb_column][\/et_pb_row][et_pb_row admin_label=\u00bbFila\u00bb][et_pb_column type=\u00bb4_4&#8243;][et_pb_image admin_label=\u00bbImagen\u00bb src=\u00bbhttps:\/\/salesianosatocha.es\/bachillerato\/files\/2015\/02\/11.jpg\u00bb show_in_lightbox=\u00bboff\u00bb url_new_window=\u00bboff\u00bb animation=\u00bbleft\u00bb sticky=\u00bboff\u00bb align=\u00bbcenter\u00bb force_fullwidth=\u00bboff\u00bb always_center_on_mobile=\u00bbon\u00bb use_border_color=\u00bboff\u00bb border_color=\u00bb#ffffff\u00bb border_style=\u00bbsolid\u00bb url=\u00bbhttps:\/\/salesianosatocha.es\/bachillerato\/conocenos\/\u00bb] [\/et_pb_image][\/et_pb_column][\/et_pb_row][\/et_pb_section]<\/p>\n","protected":false},"excerpt":{"rendered":"<p>Oferta Educativa Idiomas No todo es acad\u00e9mico Proyectos Agenda Anual Concursos y Olimpiadas<\/p>\n","protected":false},"author":85,"featured_media":0,"parent":0,"menu_order":0,"comment_status":"closed","ping_status":"closed","template":"","meta":{"_et_pb_use_builder":"on","_et_pb_old_content":"<p>Conoce la composici\u00f3n de nuestro bachillerato, toda su estructura, sus proyectos, sus compromisos y la informaci\u00f3n pr\u00e1ctica para ser un futuro alumno.<\/p>","_et_gb_content_width":"","ngg_post_thumbnail":0,"footnotes":""},"_links":{"self":[{"href":"https:\/\/salesianosatocha.es\/bachillerato\/wp-json\/wp\/v2\/pages\/2100"}],"collection":[{"href":"https:\/\/salesianosatocha.es\/bachillerato\/wp-json\/wp\/v2\/pages"}],"about":[{"href":"https:\/\/salesianosatocha.es\/bachillerato\/wp-json\/wp\/v2\/types\/page"}],"author":[{"embeddable":true,"href":"https:\/\/salesianosatocha.es\/bachillerato\/wp-json\/wp\/v2\/users\/85"}],"replies":[{"embeddable":true,"href":"https:\/\/salesianosatocha.es\/bachillerato\/wp-json\/wp\/v2\/comments?post=2100"}],"version-history":[{"count":9,"href":"https:\/\/salesianosatocha.es\/bachillerato\/wp-json\/wp\/v2\/pages\/2100\/revisions"}],"predecessor-version":[{"id":4192,"href":"https:\/\/salesianosatocha.es\/bachillerato\/wp-json\/wp\/v2\/pages\/2100\/revisions\/4192"}],"wp:attachment":[{"href":"https:\/\/salesianosatocha.es\/bachillerato\/wp-json\/wp\/v2\/media?parent=2100"}],"curies":[{"name":"wp","href":"https:\/\/api.w.org\/{rel}","templated":true}]}}